{"id":1456,"date":"2025-10-22T06:13:43","date_gmt":"2025-10-22T03:13:43","guid":{"rendered":"https:\/\/altungida.com\/alt-danismanlik-a-s\/"},"modified":"2026-01-03T15:32:33","modified_gmt":"2026-01-03T12:32:33","slug":"alt-danismanlik-a-s","status":"publish","type":"page","link":"https:\/\/altungida.com\/ar\/alt-danismanlik-a-s\/","title":{"rendered":"\u0634\u0631\u0643\u0629 \u0623\u0644\u062a \u0644\u0644\u0627\u0633\u062a\u0634\u0627\u0631\u0627\u062a"},"content":{"rendered":"<p><strong>ALT DANI\u015eMANLIK A.\u015e.\u00a0 \u00a0<\/strong><\/p>\n<p><strong>Adres:<\/strong> Ye\u015filk\u00f6y Mah. E-5 Karayolu Cad. No: 14 D\u00f6rtyol-HATAY<\/p>\n<p><strong>Telefon:<\/strong> 0326 734 27 55\/56\/57<\/p>\n","protected":false},"excerpt":{"rendered":"<p>ALT DANI\u015eMANLIK A.\u015e.\u00a0 \u00a0 Adres: Ye\u015filk\u00f6y Mah. E-5 Karayolu Cad. No: &#8230; <\/p>\n","protected":false},"author":2,"featured_media":0,"parent":0,"menu_order":0,"comment_status":"closed","ping_status":"closed","template":"","meta":{"footnotes":""},"class_list":["post-1456","page","type-page","status-publish","hentry"],"_links":{"self":[{"href":"https:\/\/altungida.com\/ar\/wp-json\/wp\/v2\/pages\/1456","targetHints":{"allow":["GET"]}}],"collection":[{"href":"https:\/\/altungida.com\/ar\/wp-json\/wp\/v2\/pages"}],"about":[{"href":"https:\/\/altungida.com\/ar\/wp-json\/wp\/v2\/types\/page"}],"author":[{"embeddable":true,"href":"https:\/\/altungida.com\/ar\/wp-json\/wp\/v2\/users\/2"}],"replies":[{"embeddable":true,"href":"https:\/\/altungida.com\/ar\/wp-json\/wp\/v2\/comments?post=1456"}],"version-history":[{"count":0,"href":"https:\/\/altungida.com\/ar\/wp-json\/wp\/v2\/pages\/1456\/revisions"}],"wp:attachment":[{"href":"https:\/\/altungida.com\/ar\/wp-json\/wp\/v2\/media?parent=1456"}],"curies":[{"name":"wp","href":"https:\/\/api.w.org\/{rel}","templated":true}]}}