{"id":1513,"date":"2025-10-21T02:16:05","date_gmt":"2025-10-20T23:16:05","guid":{"rendered":"https:\/\/altungida.com\/surdurulebilirlik\/"},"modified":"2025-12-22T01:16:16","modified_gmt":"2025-12-21T22:16:16","slug":"%d8%a7%d9%84%d8%a7%d8%b3%d8%aa%d8%af%d8%a7%d9%85%d8%a9","status":"publish","type":"page","link":"https:\/\/altungida.com\/ar\/%d8%a7%d9%84%d8%a7%d8%b3%d8%aa%d8%af%d8%a7%d9%85%d8%a9\/","title":{"rendered":"\u0627\u0644\u0627\u0633\u062a\u062f\u0627\u0645\u0629"},"content":{"rendered":"\t\t<div data-elementor-type=\"wp-page\" data-elementor-id=\"1513\" class=\"elementor elementor-1513 elementor-11\" data-elementor-post-type=\"page\">\n\t\t\t\t<div class=\"elementor-element elementor-element-6bd73d4 e-flex e-con-boxed e-con e-parent\" data-id=\"6bd73d4\" data-element_type=\"container\">\n\t\t\t\t\t<div class=\"e-con-inner\">\n\t\t\t\t<div class=\"elementor-element elementor-element-95d6ce9 elementor-widget elementor-widget-heading\" data-id=\"95d6ce9\" data-element_type=\"widget\" data-widget_type=\"heading.default\">\n\t\t\t\t\t<h2 class=\"elementor-heading-title elementor-size-default\">S\u00fcrd\u00fcr\u00fclebilirlik<\/h2>\t\t\t\t<\/div>\n\t\t\t\t<div class=\"elementor-element elementor-element-3d5e0b8 elementor-widget elementor-widget-text-editor\" data-id=\"3d5e0b8\" data-element_type=\"widget\" data-widget_type=\"text-editor.default\">\n\t\t\t\t\t\t\t\t\t<p>Altun G\u0131da A.\u015e. olarak s\u00fcrd\u00fcr\u00fclebilirli\u011fi, yaln\u0131zca bir kurumsal sorumluluk de\u011fil, i\u015f stratejimizin temel yap\u0131 ta\u015flar\u0131ndan biri olarak benimsiyoruz. Faaliyetlerimizin her a\u015famas\u0131nda kalite, sa\u011fl\u0131k ve s\u00fcrd\u00fcr\u00fclebilirli\u011fi birbirini tamamlayan unsurlar olarak de\u011ferlendiriyor; \u00fcr\u00fcnlerimizin bah\u00e7eden sofraya uzanan yolculu\u011funda Avrupa Birli\u011fi\u2019nin kalite ve g\u0131da g\u00fcvenli\u011fi standartlar\u0131na s\u0131k\u0131 s\u0131k\u0131ya ba\u011fl\u0131 kal\u0131yoruz. \u00c7evresel, sosyal ve ekonomik boyutlar\u0131 g\u00f6zeten b\u00fct\u00fcnc\u00fcl bir y\u00f6netim anlay\u0131\u015f\u0131yla de\u011fer \u00fcretmeye devam ediyoruz.<\/p><p>At\u0131k y\u00f6netiminden geri d\u00f6n\u00fc\u015ft\u00fcr\u00fclebilir ambalajlara, tedarik zincirinde etik \u00fcretim bilincinden kaynak kullan\u0131m\u0131na kadar t\u00fcm s\u00fcre\u00e7lerde s\u00fcrd\u00fcr\u00fclebilirli\u011fi yaln\u0131zca bir hedef de\u011fil, kurum k\u00fclt\u00fcr\u00fcm\u00fcz\u00fcn \u00f6z\u00fc olarak benimsiyoruz. Tar\u0131mda do\u011faya sayg\u0131y\u0131, \u00fcretimde enerji verimlili\u011fini, tedarikte sorumlu i\u015f modellerini ve lojistikte karbon ayak izini azaltmay\u0131 \u00f6ncelik kabul ediyoruz.<\/p>\t\t\t\t\t\t\t\t<\/div>\n\t\t\t\t\t<\/div>\n\t\t\t\t<\/div>\n\t\t<div class=\"elementor-element elementor-element-9e6664c e-flex e-con-boxed e-con e-parent\" data-id=\"9e6664c\" data-element_type=\"container\">\n\t\t\t\t\t<div class=\"e-con-inner\">\n\t\t<div class=\"elementor-element elementor-element-a8c0a72 e-con-full e-flex e-con e-child\" data-id=\"a8c0a72\" data-element_type=\"container\">\n\t\t\t\t<div class=\"elementor-element elementor-element-f0650bd elementor-widget elementor-widget-image\" data-id=\"f0650bd\" data-element_type=\"widget\" data-widget_type=\"image.default\">\n\t\t\t\t\t\t\t\t\t\t\t\t\t\t\t<img fetchpriority=\"high\" decoding=\"async\" width=\"640\" height=\"427\" src=\"https:\/\/altungida.com\/wp-content\/uploads\/2025\/10\/topraga-saygi-ile-basliyoruz.jpg\" class=\"attachment-large size-large wp-image-1641\" alt=\"\" srcset=\"https:\/\/altungida.com\/wp-content\/uploads\/2025\/10\/topraga-saygi-ile-basliyoruz.jpg 640w, https:\/\/altungida.com\/wp-content\/uploads\/2025\/10\/topraga-saygi-ile-basliyoruz-300x200.jpg 300w, https:\/\/altungida.com\/wp-content\/uploads\/2025\/10\/topraga-saygi-ile-basliyoruz-600x400.jpg 600w\" sizes=\"(max-width: 640px) 100vw, 640px\" \/>\t\t\t\t\t\t\t\t\t\t\t\t\t\t\t<\/div>\n\t\t\t\t<\/div>\n\t\t<div class=\"elementor-element elementor-element-3040b43 e-con-full e-flex e-con e-child\" data-id=\"3040b43\" data-element_type=\"container\">\n\t\t\t\t<div class=\"elementor-element elementor-element-4fe542e elementor-widget elementor-widget-heading\" data-id=\"4fe542e\" data-element_type=\"widget\" data-widget_type=\"heading.default\">\n\t\t\t\t\t<h3 class=\"elementor-heading-title elementor-size-default\">\u00c7evresel Y\u00f6neticilik\n\n<\/h3>\t\t\t\t<\/div>\n\t\t\t\t<div class=\"elementor-element elementor-element-93557b2 elementor-widget elementor-widget-text-editor\" data-id=\"93557b2\" data-element_type=\"widget\" data-widget_type=\"text-editor.default\">\n\t\t\t\t\t\t\t\t\t<p>Bizler her \u015feyden \u00f6nce \u00e7ift\u00e7ileriz, bu nedenle do\u011fan\u0131n dengesini korunmak gerek i\u015fimizin devaml\u0131l\u0131\u011f\u0131 gerekse gelecek nesillerin bu topraklardan fayda sa\u011flamas\u0131 i\u00e7in ilk s\u0131rada gelmektedir.<\/p><ul><li>T\u00fcm \u00fcretim alanlar\u0131m\u0131zda damlama sulama sistemi kullanarak suyu verimli kullan\u0131yoruz.<\/li><li>G\u00fcne\u015f enerjisi yat\u0131r\u0131mlar\u0131m\u0131z sayesinde tesislerimizde yenilenebilir kaynaklara \u00f6ncelik veriyoruz. Altun G\u0131da tesislerinde t\u00fcm elektrik ihtiyac\u0131 g\u00fcne\u015f enerjisi santrali (GES) ile sa\u011flan\u0131yor.<\/li><li>Afyonkarahisar\u2019daki jeotermal seram\u0131zda, \u0131s\u0131tma ihtiyac\u0131 jeotermal kaynaklarla kar\u015f\u0131l\u0131yor, elektrik \u00fcretiminde g\u00fcne\u015f enerjisinden faydalan\u0131yoruz. Sera i\u00e7inde uygulanan topraks\u0131z tar\u0131m sistemiyle suyu ve besin maddelerini en verimli \u015fekilde kullan\u0131yor at\u0131klar\u0131 en aza indiriyoruz.<\/li><li>Tozlanma, Bombus ar\u0131lar\u0131 ile tamamen do\u011fal yollarla sa\u011flan\u0131yor; hormon ve kimyasal ila\u00e7 kullan\u0131m\u0131na gerek kalmadan \u00fcretim yap\u0131yoruz.<\/li><li>Paketleme s\u00fcre\u00e7lerimizde %100 geri d\u00f6n\u00fc\u015ft\u00fcr\u00fclebilir ambalaj malzemeleri tercih ediyoruz.<\/li><li>At\u0131k miktar\u0131n\u0131 azaltmak i\u00e7in etkili bir at\u0131k y\u00f6netim sistemi uyguluyoruz.<\/li><li>\u00dcr\u00fcnlerin t\u00fcketiciye ula\u015ft\u0131\u011f\u0131 t\u00fcm a\u015famalarda da \u00e7evreyi g\u00f6zetiyoruz. Lojistik s\u00fcre\u00e7lerimizde dinamik rota optimizasyonu ile \u00fcr\u00fcnlerimizi taze tutman\u0131n yan\u0131nda, yak\u0131t t\u00fcketimini a\u015fa\u011f\u0131 \u00e7ekerek karbon ayak izimizi d\u00fc\u015f\u00fcrmeye odaklan\u0131yoruz.<\/li><\/ul>\t\t\t\t\t\t\t\t<\/div>\n\t\t\t\t<\/div>\n\t\t\t\t\t<\/div>\n\t\t\t\t<\/div>\n\t\t<div class=\"elementor-element elementor-element-71b096f e-flex e-con-boxed e-con e-parent\" data-id=\"71b096f\" data-element_type=\"container\">\n\t\t\t\t\t<div class=\"e-con-inner\">\n\t\t<div class=\"elementor-element elementor-element-d947a58 e-con-full e-flex e-con e-child\" data-id=\"d947a58\" data-element_type=\"container\">\n\t\t\t\t<div class=\"elementor-element elementor-element-b0eac18 elementor-widget elementor-widget-image\" data-id=\"b0eac18\" data-element_type=\"widget\" data-widget_type=\"image.default\">\n\t\t\t\t\t\t\t\t\t\t\t\t\t\t\t<img decoding=\"async\" width=\"360\" height=\"320\" src=\"https:\/\/altungida.com\/wp-content\/uploads\/2025\/12\/WhatsApp-Image-2025-12-21-at-23.44.06-360x320.jpeg\" class=\"attachment-codevz_360_320 size-codevz_360_320 wp-image-1843\" alt=\"\" \/>\t\t\t\t\t\t\t\t\t\t\t\t\t\t\t<\/div>\n\t\t\t\t<\/div>\n\t\t<div class=\"elementor-element elementor-element-2abef1b e-con-full e-flex e-con e-child\" data-id=\"2abef1b\" data-element_type=\"container\">\n\t\t\t\t<div class=\"elementor-element elementor-element-063980d elementor-widget elementor-widget-heading\" data-id=\"063980d\" data-element_type=\"widget\" data-widget_type=\"heading.default\">\n\t\t\t\t\t<h3 class=\"elementor-heading-title elementor-size-default\">Sosyal Sorumluluk<\/h3>\t\t\t\t<\/div>\n\t\t\t\t<div class=\"elementor-element elementor-element-2ebe6b7 elementor-widget elementor-widget-text-editor\" data-id=\"2ebe6b7\" data-element_type=\"widget\" data-widget_type=\"text-editor.default\">\n\t\t\t\t\t\t\t\t\t<p>\u0130nsan en de\u011ferli varl\u0131\u011f\u0131m\u0131zd\u0131r. \u00c7al\u0131\u015fanlar\u0131m\u0131z\u0131n g\u00fcvenli\u011fi, geli\u015fimi ve e\u015fit f\u0131rsatlara eri\u015fimi sistemimizin omurgas\u0131n\u0131 olu\u015fturuyor. \u00c7al\u0131\u015fanlar\u0131m\u0131zdan yerel topluluklara kadar sosyal s\u00fcrd\u00fcr\u00fclebilirli\u011fi destekleyen bir k\u00fclt\u00fcr in\u015fa ediyoruz.<\/p><ul><li>T\u00fcm tesislerimizde e\u015fitlik, \u00e7e\u015fitlilik ve kapsay\u0131c\u0131l\u0131k ilkeleriyle hareket ediyoruz.<\/li><li>\u0130\u015f sa\u011fl\u0131\u011f\u0131 ve g\u00fcvenli\u011fi alan\u0131nda g\u00fc\u00e7l\u00fc programlar uyguluyoruz.<\/li><li>\u00c7al\u0131\u015fanlar\u0131m\u0131z\u0131n yetkinliklerini art\u0131rmak i\u00e7in e\u011fitim ve geli\u015fim yat\u0131r\u0131mlar\u0131na \u00f6ncelik veriyoruz.<\/li><li>Afyonkarahisar\u2019daki jeotermal seram\u0131zda %85 oran\u0131nda kad\u0131n \u00e7al\u0131\u015fan ile toplumsal cinsiyet e\u015fitli\u011fi alan\u0131nda b\u00f6lgesel geli\u015fime katk\u0131 sa\u011fl\u0131yoruz.<\/li><li>E\u011fitim programlar\u0131 ve te\u015fviklerle tedarik zincirinde fark\u0131ndal\u0131k ve kapasite geli\u015fimi sa\u011fl\u0131yoruz.<\/li><\/ul>\t\t\t\t\t\t\t\t<\/div>\n\t\t\t\t<\/div>\n\t\t\t\t\t<\/div>\n\t\t\t\t<\/div>\n\t\t<div class=\"elementor-element elementor-element-f240686 e-flex e-con-boxed e-con e-parent\" data-id=\"f240686\" data-element_type=\"container\">\n\t\t\t\t\t<div class=\"e-con-inner\">\n\t\t<div class=\"elementor-element elementor-element-a08c9e6 e-con-full e-flex e-con e-child\" data-id=\"a08c9e6\" data-element_type=\"container\">\n\t\t\t\t<div class=\"elementor-element elementor-element-e86537d elementor-widget elementor-widget-image\" data-id=\"e86537d\" data-element_type=\"widget\" data-widget_type=\"image.default\">\n\t\t\t\t\t\t\t\t\t\t\t\t\t\t\t<img decoding=\"async\" width=\"360\" height=\"320\" src=\"https:\/\/altungida.com\/wp-content\/uploads\/2025\/12\/WhatsApp-Image-2025-12-21-at-23.44.07-360x320.jpeg\" class=\"attachment-codevz_360_320 size-codevz_360_320 wp-image-1849\" alt=\"\" \/>\t\t\t\t\t\t\t\t\t\t\t\t\t\t\t<\/div>\n\t\t\t\t<\/div>\n\t\t<div class=\"elementor-element elementor-element-76db59c e-con-full e-flex e-con e-child\" data-id=\"76db59c\" data-element_type=\"container\">\n\t\t\t\t<div class=\"elementor-element elementor-element-1b0b318 elementor-widget elementor-widget-heading\" data-id=\"1b0b318\" data-element_type=\"widget\" data-widget_type=\"heading.default\">\n\t\t\t\t\t<h3 class=\"elementor-heading-title elementor-size-default\">Ye\u015fil Ekonomiye Odaklan\u0131yoruz<\/h3>\t\t\t\t<\/div>\n\t\t\t\t<div class=\"elementor-element elementor-element-809e751 elementor-widget elementor-widget-text-editor\" data-id=\"809e751\" data-element_type=\"widget\" data-widget_type=\"text-editor.default\">\n\t\t\t\t\t\t\t\t\t<p>S\u00fcrd\u00fcr\u00fclebilirlikte \u00f6nc\u00fc olma hedefimiz do\u011frultusunda, t\u00fcm i\u015f ortaklar\u0131m\u0131z\u0131 tedarik zinciri boyunca s\u00fcrd\u00fcr\u00fclebilir kaynak kullan\u0131m\u0131, adil i\u015f uygulamalar\u0131 ve sorumlu i\u015fletme davran\u0131\u015flar\u0131 konusunda te\u015fvik ediyoruz. Bu kapsamda, e\u011fitim programlar\u0131, kapasite geli\u015ftirme \u00e7al\u0131\u015fmalar\u0131 ve \u00e7e\u015fitli te\u015fvik mekanizmalar\u0131yla tedarik zincirindeki s\u00fcrd\u00fcr\u00fclebilirlik performans\u0131 artt\u0131r\u0131c\u0131 \u00e7al\u0131\u015fmalar yap\u0131yoruz.<\/p><ul><li>Kaynak kullan\u0131m\u0131n\u0131 ve \u00e7evresel etkiyi azaltmak \u00fczere d\u00f6ng\u00fcsel ekonomi ilkeleri, \u00fcr\u00fcn ya\u015fam d\u00f6ng\u00fcs\u00fc analizleri ve ekodizayn uygulamalar\u0131n\u0131 hayata ge\u00e7iriyoruz.<\/li><li><span style=\"font-family: var( --e-global-typography-text-font-family ), Sans-serif; text-align: var(--text-align); text-wrap-mode: wrap;\">Tedarik\u00e7ilerimizle birlikte s\u00fcrd\u00fcr\u00fclebilir kaynak kullan\u0131m\u0131, adil i\u015f uygulamalar\u0131 ve sorumlu i\u015fletme davran\u0131\u015flar\u0131n\u0131 oda\u011fa al\u0131yoruz.<\/span><\/li><li><span style=\"font-family: var( --e-global-typography-text-font-family ), Sans-serif; text-align: var(--text-align); text-wrap-mode: wrap;\">D\u00f6ng\u00fcsel ekonomi ve \u00fcr\u00fcn ya\u015fam d\u00f6ng\u00fcs\u00fc y\u00f6netimi prensipleriyle \u00e7al\u0131\u015f\u0131yoruz.<\/span><\/li><\/ul>\t\t\t\t\t\t\t\t<\/div>\n\t\t\t\t<\/div>\n\t\t\t\t\t<\/div>\n\t\t\t\t<\/div>\n\t\t<div class=\"elementor-element elementor-element-26ae901 e-flex e-con-boxed e-con e-parent\" data-id=\"26ae901\" data-element_type=\"container\">\n\t\t\t\t\t<div class=\"e-con-inner\">\n\t\t\t\t<div class=\"elementor-element elementor-element-b0dd8a3 elementor-widget elementor-widget-heading\" data-id=\"b0dd8a3\" data-element_type=\"widget\" data-widget_type=\"heading.default\">\n\t\t\t\t\t<h4 class=\"elementor-heading-title elementor-size-default\">Gelece\u011fe S\u00f6z\u00fcm\u00fcz Var<\/h4>\t\t\t\t<\/div>\n\t\t\t\t<div class=\"elementor-element elementor-element-221d79b elementor-widget elementor-widget-text-editor\" data-id=\"221d79b\" data-element_type=\"widget\" data-widget_type=\"text-editor.default\">\n\t\t\t\t\t\t\t\t\t<p>Altun G\u0131da olarak, faaliyet g\u00f6sterdi\u011fimiz her alanda ald\u0131\u011f\u0131m\u0131z\u0131 geri veriyor, do\u011faya ve topluma duydu\u011fumuz sorumlulu\u011fu i\u015fimizin merkezine yerle\u015ftiriyoruz. Topra\u011fa, insana ve i\u015fimize duydu\u011fumuz sayg\u0131yla faaliyetlerimizin s\u00fcrd\u00fcr\u00fclebilirli\u011fini art\u0131rmak i\u00e7in geli\u015fmeye ve yat\u0131r\u0131m yapmaya devam ediyoruz.<\/p>\t\t\t\t\t\t\t\t<\/div>\n\t\t\t\t\t<\/div>\n\t\t\t\t<\/div>\n\t\t\t\t<\/div>\n\t\t","protected":false},"excerpt":{"rendered":"<p>S\u00fcrd\u00fcr\u00fclebilirlik Altun G\u0131da A.\u015e. olarak s\u00fcrd\u00fcr\u00fclebilirli\u011fi, yaln\u0131zca bir kurumsal sorumluluk de\u011fil, &#8230; <\/p>\n","protected":false},"author":1,"featured_media":0,"parent":0,"menu_order":0,"comment_status":"closed","ping_status":"closed","template":"","meta":{"footnotes":""},"class_list":["post-1513","page","type-page","status-publish","hentry"],"_links":{"self":[{"href":"https:\/\/altungida.com\/ar\/wp-json\/wp\/v2\/pages\/1513","targetHints":{"allow":["GET"]}}],"collection":[{"href":"https:\/\/altungida.com\/ar\/wp-json\/wp\/v2\/pages"}],"about":[{"href":"https:\/\/altungida.com\/ar\/wp-json\/wp\/v2\/types\/page"}],"author":[{"embeddable":true,"href":"https:\/\/altungida.com\/ar\/wp-json\/wp\/v2\/users\/1"}],"replies":[{"embeddable":true,"href":"https:\/\/altungida.com\/ar\/wp-json\/wp\/v2\/comments?post=1513"}],"version-history":[{"count":0,"href":"https:\/\/altungida.com\/ar\/wp-json\/wp\/v2\/pages\/1513\/revisions"}],"wp:attachment":[{"href":"https:\/\/altungida.com\/ar\/wp-json\/wp\/v2\/media?parent=1513"}],"curies":[{"name":"wp","href":"https:\/\/api.w.org\/{rel}","templated":true}]}}