{"id":1519,"date":"2025-10-21T04:32:55","date_gmt":"2025-10-21T01:32:55","guid":{"rendered":"https:\/\/altungida.com\/tarihcemiz\/"},"modified":"2025-11-25T22:22:33","modified_gmt":"2025-11-25T19:22:33","slug":"%d8%aa%d8%a7%d8%b1%d9%8a%d8%ae%d9%86%d8%a7","status":"publish","type":"page","link":"https:\/\/altungida.com\/ar\/%d8%aa%d8%a7%d8%b1%d9%8a%d8%ae%d9%86%d8%a7\/","title":{"rendered":"\u062a\u0627\u0631\u064a\u062e\u0646\u0627"},"content":{"rendered":"\t\t<div data-elementor-type=\"wp-page\" data-elementor-id=\"1519\" class=\"elementor elementor-1519 elementor-12\" data-elementor-post-type=\"page\">\n\t\t\t\t<div class=\"elementor-element elementor-element-271fd46 e-flex e-con-boxed e-con e-parent\" data-id=\"271fd46\" data-element_type=\"container\">\n\t\t\t\t\t<div class=\"e-con-inner\">\n\t\t\t\t<div class=\"elementor-element elementor-element-5003e94 elementor-widget elementor-widget-heading\" data-id=\"5003e94\" data-element_type=\"widget\" data-widget_type=\"heading.default\">\n\t\t\t\t\t<h2 class=\"elementor-heading-title elementor-size-default\">\u062a\u0627\u0631\u064a\u062e\u0646\u0627<\/h2>\t\t\t\t<\/div>\n\t\t\t\t<div class=\"elementor-element elementor-element-5f91312 elementor-widget elementor-widget-text-editor\" data-id=\"5f91312\" data-element_type=\"widget\" data-widget_type=\"text-editor.default\">\n\t\t\t\t\t\t\t\t\t<p>\u0623\u0633\u0633 \u0632\u0643\u064a \u0623\u0644\u062a\u0648\u0646 \u0634\u0631\u0643\u0629 \u0623\u0644\u062a\u0648\u0646 \u063a\u064a\u062f\u0627 \u0641\u064a \u062b\u0645\u0627\u0646\u064a\u0646\u064a\u0627\u062a \u0627\u0644\u0642\u0631\u0646 \u0627\u0644\u0645\u0627\u0636\u064a \u0641\u064a \u0642\u0636\u0627\u0621 \u0625\u0633\u0643\u0646\u062f\u0631\u0648\u0646 \u0628\u0645\u062d\u0627\u0641\u0638\u0629 \u0647\u0627\u062a\u0627\u064a\u060c \u062d\u064a\u062b \u0643\u0627\u0646\u062a \u0623\u0646\u0634\u0637\u062a\u0647 \u0627\u0644\u0632\u0631\u0627\u0639\u064a\u0629 \u0648\u0627\u0644\u062a\u062c\u0627\u0631\u064a\u0629 \u0648\u0627\u0633\u0639\u0629. \u0628\u062f\u0623 \u062d\u064a\u0627\u062a\u0647 \u0627\u0644\u0645\u0647\u0646\u064a\u0629 \u0628\u0627\u0644\u062a\u062c\u0627\u0631\u0629\u060c \u062b\u0645 \u062a\u0637\u0648\u0631\u062a \u062d\u064a\u0627\u062a\u0647 \u0627\u0644\u0645\u0647\u0646\u064a\u0629 \u0645\u0639 \u0637\u0644\u0628 \u0632\u0645\u0644\u0627\u0626\u0647 \u0644\u0644\u0641\u0648\u0627\u0643\u0647 \u0648\u0627\u0644\u062e\u0636\u0631\u0627\u0648\u0627\u062a \u0627\u0644\u0637\u0627\u0632\u062c\u0629. \u0648\u0627\u0633\u062a\u062c\u0627\u0628\u0629\u064b \u0644\u0647\u0630\u0627 \u0627\u0644\u0637\u0644\u0628\u060c \u0628\u062f\u0623 \u0623\u0644\u062a\u0648\u0646 \u0628\u062a\u0648\u0631\u064a\u062f \u0627\u0644\u0645\u0646\u062a\u062c\u0627\u062a\u060c \u0648\u0627\u0633\u062a\u0623\u062c\u0631 \u0641\u064a \u0627\u0644\u0646\u0647\u0627\u064a\u0629 \u0645\u0646\u0634\u0623\u0629 \u0625\u0646\u062a\u0627\u062c. \u0648\u0632\u0627\u062f \u0637\u0627\u0642\u062a\u0647 \u0627\u0644\u0625\u0646\u062a\u0627\u062c\u064a\u0629 \u0645\u0646 \u062e\u0644\u0627\u0644 \u0627\u0644\u0639\u0645\u0644 \u0645\u0639 \u0645\u0632\u0627\u0631\u0639\u064a\u0646 \u0645\u062a\u0639\u0627\u0642\u062f\u064a\u0646 \u0641\u064a \u0645\u0646\u0637\u0642\u062a\u064a \u0647\u0627\u062a\u0627\u064a \u0648\u062a\u0634\u0648\u0643\u0648\u0631\u0648\u0641\u0627\u060c \u062b\u0645 \u0623\u0633\u0633 \u0645\u0632\u0627\u0631\u0639\u0647 \u0627\u0644\u062e\u0627\u0635\u0629.<\/p><p><br \/>\u064a\u0648\u0636\u062d \u0632\u0643\u064a \u0623\u0644\u062a\u0648\u0646 \u0642\u0631\u0627\u0631\u0647\u0645 \u0628\u062f\u062e\u0648\u0644 \u0645\u062c\u0627\u0644 \u0627\u0644\u0625\u0646\u062a\u0627\u062c \u0639\u0627\u0645 \u0662\u0660\u0661\u0661\u060c \u0642\u0627\u0626\u0644\u0627\u064b: &#8220;\u0644\u0642\u062f \u0645\u064a\u0632\u0646\u0627 \u0623\u0646\u0641\u0633\u0646\u0627 \u0628\u0634\u0643\u0644 \u0643\u0628\u064a\u0631. \u0634\u0631\u062d\u0646\u0627 \u0644\u0644\u0645\u0632\u0627\u0631\u0639\u064a\u0646 \u0645\u062e\u0627\u0637\u0631 \u0627\u0633\u062a\u062e\u062f\u0627\u0645 \u0627\u0644\u0645\u0628\u064a\u062f\u0627\u062a \u0627\u0644\u062d\u0634\u0631\u064a\u0629\u060c \u0644\u0643\u0646\u0646\u0627 \u0644\u0645 \u0646\u062d\u0635\u0644 \u0639\u0644\u0649 \u0627\u0644\u0646\u062a\u0627\u0626\u062c \u0627\u0644\u0645\u0631\u062c\u0648\u0629. \u0644\u0630\u0644\u0643 \u0642\u0631\u0631\u0646\u0627 \u062f\u062e\u0648\u0644 \u0645\u062c\u0627\u0644 \u0627\u0644\u0625\u0646\u062a\u0627\u062c. \u0648\u0647\u0643\u0630\u0627\u060c \u0645\u064a\u0632\u0646\u0627 \u0623\u0646\u0641\u0633\u0646\u0627 \u0639\u0646 \u0645\u0646\u0627\u0641\u0633\u064a\u0646\u0627 \u0628\u062a\u0635\u062f\u064a\u0631 \u0645\u0646\u062a\u062c\u0627\u062a\u0646\u0627 \u0648\u0641\u0642\u064b\u0627 \u0644\u0644\u0645\u0639\u0627\u064a\u064a\u0631 \u0627\u0644\u0623\u0648\u0631\u0648\u0628\u064a\u0629&#8221;. \u0643\u0627\u0646 \u0647\u0630\u0627 \u0627\u0644\u0646\u0647\u062c \u0646\u0642\u0637\u0629 \u062a\u062d\u0648\u0644 \u062d\u0642\u064a\u0642\u064a\u0629 \u0623\u0637\u0644\u0642\u062a \u0645\u0633\u064a\u0631\u0629 \u0627\u0644\u0634\u0631\u0643\u0629.<\/p><p><br \/>\u062a\u064f\u0635\u062f\u0651\u0631 \u0634\u0631\u0643\u0629 \u0623\u0644\u062a\u0648\u0646 \u0644\u0644\u0623\u063a\u0630\u064a\u0629 \u0627\u0644\u064a\u0648\u0645 \u0645\u0646\u062a\u062c\u0627\u062a\u0647\u0627 \u0625\u0644\u0649 \u062f\u0648\u0644 \u0627\u0644\u0627\u062a\u062d\u0627\u062f \u0627\u0644\u0623\u0648\u0631\u0648\u0628\u064a\u060c \u0648\u0631\u0648\u0633\u064a\u0627\u060c \u0648\u0627\u0644\u0648\u0644\u0627\u064a\u0627\u062a \u0627\u0644\u0645\u062a\u062d\u062f\u0629 \u0627\u0644\u0623\u0645\u0631\u064a\u0643\u064a\u0629\u060c \u0648\u0627\u0644\u0645\u0645\u0644\u0643\u0629 \u0627\u0644\u0645\u062a\u062d\u062f\u0629\u060c \u0648\u0643\u0646\u062f\u0627\u060c \u0648\u0623\u0648\u0643\u0631\u0627\u0646\u064a\u0627\u060c \u0648\u0627\u0644\u0634\u0631\u0642 \u0627\u0644\u0623\u0642\u0635\u0649\u060c \u0648\u0627\u0644\u0634\u0631\u0642 \u0627\u0644\u0623\u0648\u0633\u0637\u060c \u0648\u0641\u0642\u064b\u0627 \u0644\u0645\u0639\u0627\u064a\u064a\u0631 \u0627\u0644\u0645\u064f\u0635\u062f\u0651\u0631 \u0627\u0644\u0635\u0627\u0641\u064a.<\/p><p>\u062a\u0623\u0633\u0633\u062a \u0634\u0631\u0643\u0629 \u0623\u0644\u062a\u0648\u0646 \u0644\u0644\u0623\u063a\u0630\u064a\u0629 \u0639\u0627\u0645 \u0661\u0669\u0668\u0661 \u0641\u064a \u0642\u0636\u0627\u0621 \u0625\u0633\u0643\u0646\u062f\u0631\u0648\u0646 \u0628\u0648\u0644\u0627\u064a\u0629 \u0647\u0627\u062a\u0627\u064a\u060c \u0648\u0647\u064a \u0645\u0646 \u0627\u0644\u0634\u0631\u0643\u0627\u062a \u0627\u0644\u0631\u0627\u0626\u062f\u0629 \u0641\u064a \u062a\u0631\u0643\u064a\u0627 \u0641\u064a \u0645\u062c\u0627\u0644 \u062a\u0635\u062f\u064a\u0631 \u0627\u0644\u0641\u0648\u0627\u0643\u0647 \u0648\u0627\u0644\u062e\u0636\u0631\u0648\u0627\u062a \u0627\u0644\u0637\u0627\u0632\u062c\u0629.<\/p>\t\t\t\t\t\t\t\t<\/div>\n\t\t\t\t\t<\/div>\n\t\t\t\t<\/div>\n\t\t<div class=\"elementor-element elementor-element-63663ff codevz-con-stretch-yes e-flex e-con-boxed e-con e-parent\" data-id=\"63663ff\" data-element_type=\"container\">\n\t\t\t\t\t<div class=\"e-con-inner\">\n\t\t\t\t<div class=\"elementor-element elementor-element-30aa3ea elementor-widget elementor-widget-html\" data-id=\"30aa3ea\" data-element_type=\"widget\" data-widget_type=\"html.default\">\n\t\t\t\t\t<section class=\"timeline\">\n  <div class=\"timeline-item left\">\n    <div class=\"timeline-content\">\n      <span class=\"year\">1981 - \u0130skenderun<\/span>\n      <h3>Kurulu\u015f<\/h3>\n      <p>Altun G\u0131da Zeki Altun taraf\u0131ndan \u0130skenderun\u2019da kuruldu<\/p>\n    <\/div>\n  <\/div>\n\n  <div class=\"timeline-item right\">\n    <div class=\"timeline-content\">\n      <span class=\"year\">2003 - D\u00f6rtyol<\/span>\n      <h3>Fabrika<\/h3>\n      <p>Hatay-D\u00f6rtyol fabrika yat\u0131r\u0131m\u0131 tamamland\u0131<\/p>\n    <\/div>\n  <\/div>\n\n  <div class=\"timeline-item left\">\n    <div class=\"timeline-content\">\n      <span class=\"year\">2004 - B\u00fckre\u015f<\/span>\n      <h3>Tedarik Merkezi<\/h3>\n      <p>Romanya-B\u00fckre\u015f da\u011f\u0131t\u0131m tesisi faaliyete ge\u00e7ti<\/p>\n    <\/div>\n  <\/div>\n\n  <div class=\"timeline-item right\">\n    <div class=\"timeline-content\">\n      <span class=\"year\">2006 - T\u00fcrkiye<\/span>\n      <h3>Lojistik<\/h3>\n      <p>Altun Lojistik olarak ta\u015f\u0131mac\u0131l\u0131k sekt\u00f6r\u00fcne girildi<\/p>\n    <\/div>\n  <\/div>\n\n  <div class=\"timeline-item left\">\n    <div class=\"timeline-content\">\n      <span class=\"year\">2010 - T\u00fcrkiye<\/span>\n      <h3>Bah\u00e7e<\/h3>\n      <p>Altun Ziraat bah\u00e7e yat\u0131r\u0131mlar\u0131na ba\u015flad\u0131<\/p>\n    <\/div>\n  <\/div>\n\n  <div class=\"timeline-item right\">\n    <div class=\"timeline-content\">\n      <span class=\"year\">2011 - B\u00fckre\u015f<\/span>\n      <h3>Tesis<\/h3>\n      <p>Romanya-B\u00fckre\u015f fabrika-depo yat\u0131r\u0131m\u0131 tamamland\u0131<\/p>\n    <\/div>\n  <\/div>\n\n  <div class=\"timeline-item left\">\n    <div class=\"timeline-content\">\n      <span class=\"year\">2013 - D\u00f6rtyol<\/span>\n      <h3>Tesis<\/h3>\n      <p>Hatay-D\u00f6rtyol 2. So\u011fuk Hava Deposu yat\u0131r\u0131m\u0131 tamamland\u0131<\/p>\n    <\/div>\n  <\/div>\n\n  <div class=\"timeline-item right\">\n    <div class=\"timeline-content\">\n      <span class=\"year\">2019 - T\u00fcrkiye<\/span>\n      <h3>Yeni Pazar Aray\u0131\u015flar\u0131<\/h3>\n      <p>Yurti\u00e7i ve yurtd\u0131\u015f\u0131 yat\u0131r\u0131mlar devam etmektedir<\/p>\n    <\/div>\n  <\/div>\n\n  <div class=\"timeline-item left\">\n    <div class=\"timeline-content\">\n      <span class=\"year\">2022 - B\u00fckre\u015f - Hatay<\/span>\n      <h3>GES<\/h3>\n      <p>B\u00fckre\u015f ve D\u00f6rtyol tesislerinde g\u00fcne\u015f enerji panelleri kuruldu<\/p>\n    <\/div>\n  <\/div>\n\n  <div class=\"timeline-item right\">\n    <div class=\"timeline-content\">\n      <span class=\"year\">2024 - D\u00f6rtyol<\/span>\n      <h3>Yat\u0131r\u0131m<\/h3>\n      <p>Paketleme tesisinde yapay zeka destekli otomasyon sistemi kuruldu<\/p>\n    <\/div>\n  <\/div>\n\n  <div class=\"timeline-item left\">\n    <div class=\"timeline-content\">\n      <span class=\"year\">2025 - Sand\u0131kl\u0131<\/span>\n      <h3>Jeotermal Sera<\/h3>\n      <p>Afyonkarahisar\u2019da jeotermal sera yat\u0131r\u0131m\u0131 ger\u00e7ekle\u015ftirildi<\/p>\n    <\/div>\n  <\/div>\n\n  <div class=\"timeline-item right\">\n    <div class=\"timeline-content\">\n      <span class=\"year\">2025 - Antalya<\/span>\n      <h3>Lojistik Depo<\/h3>\n      <p>Faaliyete ge\u00e7ti<\/p>\n    <\/div>\n  <\/div>\n<\/section>\t\t\t\t<\/div>\n\t\t\t\t\t<\/div>\n\t\t\t\t<\/div>\n\t\t\t\t<\/div>\n\t\t","protected":false},"excerpt":{"rendered":"<p>\u062a\u0627\u0631\u064a\u062e\u0646\u0627 \u0623\u0633\u0633 \u0632\u0643\u064a \u0623\u0644\u062a\u0648\u0646 \u0634\u0631\u0643\u0629 \u0623\u0644\u062a\u0648\u0646 \u063a\u064a\u062f\u0627 \u0641\u064a \u062b\u0645\u0627\u0646\u064a\u0646\u064a\u0627\u062a \u0627\u0644\u0642\u0631\u0646 \u0627\u0644\u0645\u0627\u0636\u064a &#8230; <\/p>\n","protected":false},"author":1,"featured_media":0,"parent":0,"menu_order":0,"comment_status":"closed","ping_status":"closed","template":"","meta":{"footnotes":""},"class_list":["post-1519","page","type-page","status-publish","hentry"],"_links":{"self":[{"href":"https:\/\/altungida.com\/ar\/wp-json\/wp\/v2\/pages\/1519","targetHints":{"allow":["GET"]}}],"collection":[{"href":"https:\/\/altungida.com\/ar\/wp-json\/wp\/v2\/pages"}],"about":[{"href":"https:\/\/altungida.com\/ar\/wp-json\/wp\/v2\/types\/page"}],"author":[{"embeddable":true,"href":"https:\/\/altungida.com\/ar\/wp-json\/wp\/v2\/users\/1"}],"replies":[{"embeddable":true,"href":"https:\/\/altungida.com\/ar\/wp-json\/wp\/v2\/comments?post=1519"}],"version-history":[{"count":0,"href":"https:\/\/altungida.com\/ar\/wp-json\/wp\/v2\/pages\/1519\/revisions"}],"wp:attachment":[{"href":"https:\/\/altungida.com\/ar\/wp-json\/wp\/v2\/media?parent=1519"}],"curies":[{"name":"wp","href":"https:\/\/api.w.org\/{rel}","templated":true}]}}