{"id":1267,"date":"2025-10-22T07:26:29","date_gmt":"2025-10-22T04:26:29","guid":{"rendered":"https:\/\/altungida.com\/urun\/nekratin\/"},"modified":"2025-11-25T03:25:36","modified_gmt":"2025-11-25T00:25:36","slug":"%d8%a7%d9%84%d8%ae%d9%88%d8%ae","status":"publish","type":"product","link":"https:\/\/altungida.com\/ar\/urun\/%d8%a7%d9%84%d8%ae%d9%88%d8%ae\/","title":{"rendered":"\u0627\u0644\u062e\u0648\u062e"},"content":{"rendered":"    <div class=\"karakar-sezon\">\n        <h3>\u0627\u0644\u062a\u0642\u0648\u064a\u0645 \u0627\u0644\u0645\u0648\u0633\u0645\u064a<\/h3>\n        <div class=\"months-grid\">\n                            <div class=\"month-box \">\n                    <div class=\"checkmark\">\u2713<\/div>\n                    <span>\u064a\u0646\u0627\u064a\u0631 <\/span>\n                <\/div>\n                            <div class=\"month-box \">\n                    <div class=\"checkmark\">\u2713<\/div>\n                    <span>\u0641\u0628\u0631\u0627\u064a\u0631<\/span>\n                <\/div>\n                            <div class=\"month-box \">\n                    <div class=\"checkmark\">\u2713<\/div>\n                    <span>\u0645\u0627\u0631\u0633 <\/span>\n                <\/div>\n                            <div class=\"month-box active\">\n                    <div class=\"checkmark\">\u2714<\/div>\n                    <span>\u0623\u0628\u0631\u064a\u0644 <\/span>\n                <\/div>\n                            <div class=\"month-box active\">\n                    <div class=\"checkmark\">\u2714<\/div>\n                    <span>\u0645\u0627\u064a\u0648 <\/span>\n                <\/div>\n                            <div class=\"month-box active\">\n                    <div class=\"checkmark\">\u2714<\/div>\n                    <span>\u064a\u0648\u0646\u064a\u0648 <\/span>\n                <\/div>\n                            <div class=\"month-box active\">\n                    <div class=\"checkmark\">\u2714<\/div>\n                    <span>\u064a\u0648\u0644\u064a\u0648 <\/span>\n                <\/div>\n                            <div class=\"month-box active\">\n                    <div class=\"checkmark\">\u2714<\/div>\n                    <span>\u0623\u063a\u0633\u0637\u0633<\/span>\n                <\/div>\n                            <div class=\"month-box active\">\n                    <div class=\"checkmark\">\u2714<\/div>\n                    <span>\u0633\u0628\u062a\u0645\u0628\u0631<\/span>\n                <\/div>\n                            <div class=\"month-box \">\n                    <div class=\"checkmark\">\u2713<\/div>\n                    <span>\u0627\u0643\u062a\u0648\u0628\u0631<\/span>\n                <\/div>\n                            <div class=\"month-box \">\n                    <div class=\"checkmark\">\u2713<\/div>\n                    <span>\u0646\u0648\u0641\u0645\u0628\u0631<\/span>\n                <\/div>\n                            <div class=\"month-box \">\n                    <div class=\"checkmark\">\u2713<\/div>\n                    <span>\u062f\u064a\u0633\u0645\u0628\u0631<\/span>\n                <\/div>\n                    <\/div>\n    <\/div>\n    \n","protected":false},"excerpt":{"rendered":"<p>\u015eeftali ailesine ait olan nektarin, t\u00fcys\u00fcz kabu\u011fu ve yo\u011fun aromas\u0131yla yaz &#8230; <\/p>\n","protected":false},"featured_media":1274,"comment_status":"closed","ping_status":"closed","template":"","meta":[],"product_brand":[],"product_cat":[178,184],"product_tag":[],"class_list":{"0":"post-1267","1":"product","2":"type-product","3":"status-publish","4":"has-post-thumbnail","6":"product_cat-178","7":"product_cat-184","9":"first","10":"instock","11":"shipping-taxable","12":"product-type-simple"},"_links":{"self":[{"href":"https:\/\/altungida.com\/ar\/wp-json\/wp\/v2\/product\/1267","targetHints":{"allow":["GET"]}}],"collection":[{"href":"https:\/\/altungida.com\/ar\/wp-json\/wp\/v2\/product"}],"about":[{"href":"https:\/\/altungida.com\/ar\/wp-json\/wp\/v2\/types\/product"}],"replies":[{"embeddable":true,"href":"https:\/\/altungida.com\/ar\/wp-json\/wp\/v2\/comments?post=1267"}],"wp:featuredmedia":[{"embeddable":true,"href":"https:\/\/altungida.com\/ar\/wp-json\/wp\/v2\/media\/1274"}],"wp:attachment":[{"href":"https:\/\/altungida.com\/ar\/wp-json\/wp\/v2\/media?parent=1267"}],"wp:term":[{"taxonomy":"product_brand","embeddable":true,"href":"https:\/\/altungida.com\/ar\/wp-json\/wp\/v2\/product_brand?post=1267"},{"taxonomy":"product_cat","embeddable":true,"href":"https:\/\/altungida.com\/ar\/wp-json\/wp\/v2\/product_cat?post=1267"},{"taxonomy":"product_tag","embeddable":true,"href":"https:\/\/altungida.com\/ar\/wp-json\/wp\/v2\/product_tag?post=1267"}],"curies":[{"name":"wp","href":"https:\/\/api.w.org\/{rel}","templated":true}]}}