{"id":1454,"date":"2025-11-05T10:45:07","date_gmt":"2025-11-05T07:45:07","guid":{"rendered":"https:\/\/altungida.com\/yapay-zeka\/"},"modified":"2025-11-25T21:12:08","modified_gmt":"2025-11-25T18:12:08","slug":"kuenstliche-intelligenz","status":"publish","type":"page","link":"https:\/\/altungida.com\/de\/nachhaltige-und-intelligente-landwirtschaft\/kuenstliche-intelligenz\/","title":{"rendered":"K\u00fcnstliche Intelligenz"},"content":{"rendered":"<p>K\u00fcnstliche Intelligenz (KI) bietet innovative L\u00f6sungen, die die Effizienz in der Landwirtschaft steigern, Kosten senken und eine nachhaltige Produktion f\u00f6rdern. Pflanzengesundheit, Bodenstruktur und Wetterbedingungen werden mithilfe intelligenter Sensoren und Bildverarbeitungstechniken in Echtzeit \u00fcberwacht. Diese Daten werden von KI-Algorithmen analysiert und erm\u00f6glichen so zeitnahe und pr\u00e4zise Entscheidungen f\u00fcr Prozesse wie Bew\u00e4sserung, D\u00fcngung und Ernte. Zudem bietet KI schnelle und effektive L\u00f6sungen f\u00fcr Sch\u00e4dlingserkennung, Ernteprognosen und Personalplanung. Dies erm\u00f6glicht ein umweltfreundliches und gleichzeitig hochproduktives Landwirtschaftsmodell.<\/p>\n<p>Wir bei Altun G\u0131da nutzen die Vorteile der KI in der Landwirtschaft optimal. Dank unseres KI-gest\u00fctzten Klassifizierungssystems, das wir 2024 in Hatay eingef\u00fchrt haben, k\u00f6nnen wir Produkte je nach Markt automatisch und ber\u00fchrungslos nach verschiedenen Qualit\u00e4tsstandards sortieren. Diese Technologie reduziert nicht nur Abfall, sondern tr\u00e4gt auch zu unseren \u00f6kologischen, sozialen und wirtschaftlichen Nachhaltigkeitszielen entlang der gesamten Wertsch\u00f6pfungskette bei \u2013 vom Anbau bis zum Verzehr.<\/p>\n","protected":false},"excerpt":{"rendered":"<p>K\u00fcnstliche Intelligenz (KI) bietet innovative L\u00f6sungen, die die Effizienz in der &#8230; <\/p>\n","protected":false},"author":1,"featured_media":1073,"parent":1499,"menu_order":0,"comment_status":"closed","ping_status":"closed","template":"","meta":{"footnotes":""},"class_list":["post-1454","page","type-page","status-publish","has-post-thumbnail","hentry"],"_links":{"self":[{"href":"https:\/\/altungida.com\/de\/wp-json\/wp\/v2\/pages\/1454","targetHints":{"allow":["GET"]}}],"collection":[{"href":"https:\/\/altungida.com\/de\/wp-json\/wp\/v2\/pages"}],"about":[{"href":"https:\/\/altungida.com\/de\/wp-json\/wp\/v2\/types\/page"}],"author":[{"embeddable":true,"href":"https:\/\/altungida.com\/de\/wp-json\/wp\/v2\/users\/1"}],"replies":[{"embeddable":true,"href":"https:\/\/altungida.com\/de\/wp-json\/wp\/v2\/comments?post=1454"}],"version-history":[{"count":0,"href":"https:\/\/altungida.com\/de\/wp-json\/wp\/v2\/pages\/1454\/revisions"}],"up":[{"embeddable":true,"href":"https:\/\/altungida.com\/de\/wp-json\/wp\/v2\/pages\/1499"}],"wp:featuredmedia":[{"embeddable":true,"href":"https:\/\/altungida.com\/de\/wp-json\/wp\/v2\/media\/1073"}],"wp:attachment":[{"href":"https:\/\/altungida.com\/de\/wp-json\/wp\/v2\/media?parent=1454"}],"curies":[{"name":"wp","href":"https:\/\/api.w.org\/{rel}","templated":true}]}}