{"id":1502,"date":"2025-11-05T10:45:46","date_gmt":"2025-11-05T07:45:46","guid":{"rendered":"https:\/\/altungida.com\/surdurulebilir-ve-akilli-tarim\/akilli-makineler\/"},"modified":"2026-02-19T17:21:01","modified_gmt":"2026-02-19T14:21:01","slug":"intelligente-maschinen","status":"publish","type":"page","link":"https:\/\/altungida.com\/de\/nachhaltige-und-intelligente-landwirtschaft\/intelligente-maschinen\/","title":{"rendered":"Intelligente Maschinen"},"content":{"rendered":"<p>Intelligente Maschinen in der Landwirtschaft sind fortschrittliche Technologien, die Produktionsprozesse effizienter, nachhaltiger und besser steuerbar machen. Ausgestattet mit GPS, Sensoren, k\u00fcnstlicher Intelligenz und Systemen f\u00fcr maschinelles Lernen erm\u00f6glichen diese Maschinen datengest\u00fctzte und pr\u00e4zise Anwendungen in verschiedenen Phasen, darunter Bodenanalyse, Aussaat, Bew\u00e4sserung, D\u00fcngung und Ernte. Traktoren, Drohnen, automatische Erntemaschinen und Robotersysteme reduzieren den Arbeitsaufwand und optimieren die Ressourcennutzung, wodurch Kosten gesenkt und Umweltbelastungen minimiert werden. Diese Systeme bieten robuste und intelligente L\u00f6sungen f\u00fcr die Herausforderungen der globalen Landwirtschaft, wie den Klimawandel und die steigende Nachfrage nach Nahrungsmitteln. Unsere Investition in eine hochmoderne Verpackungslinie, die in unserem Werk in Hatay in Betrieb genommen wurde, nutzt ein KI-gest\u00fctztes System mit 12 Spuren und 108 Kameras f\u00fcr eine hochpr\u00e4zise Qualit\u00e4tskontrolle.<\/p>\n","protected":false},"excerpt":{"rendered":"<p>Intelligente Maschinen in der Landwirtschaft sind fortschrittliche Technologien, die Produktionsprozesse effizienter, &#8230; <\/p>\n","protected":false},"author":1,"featured_media":1968,"parent":1499,"menu_order":0,"comment_status":"closed","ping_status":"closed","template":"","meta":{"footnotes":""},"class_list":["post-1502","page","type-page","status-publish","has-post-thumbnail","hentry"],"_links":{"self":[{"href":"https:\/\/altungida.com\/de\/wp-json\/wp\/v2\/pages\/1502","targetHints":{"allow":["GET"]}}],"collection":[{"href":"https:\/\/altungida.com\/de\/wp-json\/wp\/v2\/pages"}],"about":[{"href":"https:\/\/altungida.com\/de\/wp-json\/wp\/v2\/types\/page"}],"author":[{"embeddable":true,"href":"https:\/\/altungida.com\/de\/wp-json\/wp\/v2\/users\/1"}],"replies":[{"embeddable":true,"href":"https:\/\/altungida.com\/de\/wp-json\/wp\/v2\/comments?post=1502"}],"version-history":[{"count":0,"href":"https:\/\/altungida.com\/de\/wp-json\/wp\/v2\/pages\/1502\/revisions"}],"up":[{"embeddable":true,"href":"https:\/\/altungida.com\/de\/wp-json\/wp\/v2\/pages\/1499"}],"wp:featuredmedia":[{"embeddable":true,"href":"https:\/\/altungida.com\/de\/wp-json\/wp\/v2\/media\/1968"}],"wp:attachment":[{"href":"https:\/\/altungida.com\/de\/wp-json\/wp\/v2\/media?parent=1502"}],"curies":[{"name":"wp","href":"https:\/\/api.w.org\/{rel}","templated":true}]}}