{"id":1505,"date":"2025-11-05T10:45:18","date_gmt":"2025-11-05T07:45:18","guid":{"rendered":"https:\/\/altungida.com\/surdurulebilir-ve-akilli-tarim\/su-tasarrufu\/"},"modified":"2025-11-25T21:11:39","modified_gmt":"2025-11-25T18:11:39","slug":"wassersparend","status":"publish","type":"page","link":"https:\/\/altungida.com\/de\/nachhaltige-und-intelligente-landwirtschaft\/wassersparend\/","title":{"rendered":"Wassersparend"},"content":{"rendered":"<p>Der Schutz der Wasserressourcen ist ein Eckpfeiler unseres nachhaltigen Landwirtschaftsansatzes. Daher nutzen wir in all unseren Anbaugebieten Tropfbew\u00e4sserung anstelle herk\u00f6mmlicher Bew\u00e4sserungsmethoden, um den Wasserverbrauch zu reduzieren. Diese Methode leitet das Wasser bedarfsgerecht direkt an die Wurzelzone der Pflanzen, minimiert so den Wasserverbrauch und erh\u00e4lt die Bodenfruchtbarkeit. Wir handeln nicht nur effizient, sondern auch verantwortungsbewusst, um zuk\u00fcnftigen Generationen eine lebenswerte Umwelt zu hinterlassen. Wir nutzen jeden Tropfen Wasser mit einem System, das alle Lebewesen respektiert.<\/p>\n<p>Wir entwickeln unseren nachhaltigen Produktionsansatz kontinuierlich weiter \u2013 durch die effiziente Nutzung nat\u00fcrlicher Ressourcen und unser Engagement f\u00fcr die Umwelt.<\/p>\n","protected":false},"excerpt":{"rendered":"<p>Der Schutz der Wasserressourcen ist ein Eckpfeiler unseres nachhaltigen Landwirtschaftsansatzes. Daher &#8230; <\/p>\n","protected":false},"author":1,"featured_media":1071,"parent":1499,"menu_order":0,"comment_status":"closed","ping_status":"closed","template":"","meta":{"footnotes":""},"class_list":["post-1505","page","type-page","status-publish","has-post-thumbnail","hentry"],"_links":{"self":[{"href":"https:\/\/altungida.com\/de\/wp-json\/wp\/v2\/pages\/1505","targetHints":{"allow":["GET"]}}],"collection":[{"href":"https:\/\/altungida.com\/de\/wp-json\/wp\/v2\/pages"}],"about":[{"href":"https:\/\/altungida.com\/de\/wp-json\/wp\/v2\/types\/page"}],"author":[{"embeddable":true,"href":"https:\/\/altungida.com\/de\/wp-json\/wp\/v2\/users\/1"}],"replies":[{"embeddable":true,"href":"https:\/\/altungida.com\/de\/wp-json\/wp\/v2\/comments?post=1505"}],"version-history":[{"count":0,"href":"https:\/\/altungida.com\/de\/wp-json\/wp\/v2\/pages\/1505\/revisions"}],"up":[{"embeddable":true,"href":"https:\/\/altungida.com\/de\/wp-json\/wp\/v2\/pages\/1499"}],"wp:featuredmedia":[{"embeddable":true,"href":"https:\/\/altungida.com\/de\/wp-json\/wp\/v2\/media\/1071"}],"wp:attachment":[{"href":"https:\/\/altungida.com\/de\/wp-json\/wp\/v2\/media?parent=1505"}],"curies":[{"name":"wp","href":"https:\/\/api.w.org\/{rel}","templated":true}]}}