{"id":1508,"date":"2025-11-05T10:45:56","date_gmt":"2025-11-05T07:45:56","guid":{"rendered":"https:\/\/altungida.com\/surdurulebilir-ve-akilli-tarim\/topraksiz-tarim\/"},"modified":"2025-11-25T21:11:54","modified_gmt":"2025-11-25T18:11:54","slug":"bodenlose-landwirtschaft","status":"publish","type":"page","link":"https:\/\/altungida.com\/de\/nachhaltige-und-intelligente-landwirtschaft\/bodenlose-landwirtschaft\/","title":{"rendered":"Bodenlose Landwirtschaft"},"content":{"rendered":"<p>Die erdfreie Landwirtschaft ist eine umweltfreundliche Anbaumethode, die die landwirtschaftliche Produktivit\u00e4t steigert und Wasser- und N\u00e4hrstoffressourcen effizienter nutzt. Dieses System, das es Pflanzen erm\u00f6glicht, die ben\u00f6tigten N\u00e4hrstoffe direkt in kontrollierten Umgebungen aufzunehmen, ist ein zentraler Baustein f\u00fcr nachhaltige Landwirtschaft und technologischen Wandel.<\/p>\n<p>Wir setzen erdfreie Anbaumethoden in unserem modernen Geothermie-Gew\u00e4chshaus um und verwirklichen damit unsere Vision einer intelligenten Landwirtschaft. Dank Geothermie, einer erneuerbaren Energiequelle, steigern wir die Energieeffizienz in der Produktion und erm\u00f6glichen eine nachhaltige und kontrollierte Produktion das ganze Jahr \u00fcber, unabh\u00e4ngig von den klimatischen Bedingungen.<\/p>\n","protected":false},"excerpt":{"rendered":"<p>Die erdfreie Landwirtschaft ist eine umweltfreundliche Anbaumethode, die die landwirtschaftliche Produktivit\u00e4t &#8230; <\/p>\n","protected":false},"author":1,"featured_media":1072,"parent":1499,"menu_order":0,"comment_status":"closed","ping_status":"closed","template":"","meta":{"footnotes":""},"class_list":["post-1508","page","type-page","status-publish","has-post-thumbnail","hentry"],"_links":{"self":[{"href":"https:\/\/altungida.com\/de\/wp-json\/wp\/v2\/pages\/1508","targetHints":{"allow":["GET"]}}],"collection":[{"href":"https:\/\/altungida.com\/de\/wp-json\/wp\/v2\/pages"}],"about":[{"href":"https:\/\/altungida.com\/de\/wp-json\/wp\/v2\/types\/page"}],"author":[{"embeddable":true,"href":"https:\/\/altungida.com\/de\/wp-json\/wp\/v2\/users\/1"}],"replies":[{"embeddable":true,"href":"https:\/\/altungida.com\/de\/wp-json\/wp\/v2\/comments?post=1508"}],"version-history":[{"count":0,"href":"https:\/\/altungida.com\/de\/wp-json\/wp\/v2\/pages\/1508\/revisions"}],"up":[{"embeddable":true,"href":"https:\/\/altungida.com\/de\/wp-json\/wp\/v2\/pages\/1499"}],"wp:featuredmedia":[{"embeddable":true,"href":"https:\/\/altungida.com\/de\/wp-json\/wp\/v2\/media\/1072"}],"wp:attachment":[{"href":"https:\/\/altungida.com\/de\/wp-json\/wp\/v2\/media?parent=1508"}],"curies":[{"name":"wp","href":"https:\/\/api.w.org\/{rel}","templated":true}]}}