{"id":1511,"date":"2025-11-05T10:45:28","date_gmt":"2025-11-05T07:45:28","guid":{"rendered":"https:\/\/altungida.com\/surdurulebilir-ve-akilli-tarim\/yenilenebilir-enerji\/"},"modified":"2025-11-25T19:57:09","modified_gmt":"2025-11-25T16:57:09","slug":"erneuerbare-energien","status":"publish","type":"page","link":"https:\/\/altungida.com\/de\/nachhaltige-und-intelligente-landwirtschaft\/erneuerbare-energien\/","title":{"rendered":"Erneuerbare Energien"},"content":{"rendered":"<p>Im Rahmen unserer Nachhaltigkeitsstrategie, die all unsere Aktivit\u00e4ten und Betriebsabl\u00e4ufe umfasst, stammt der gesamte Strom f\u00fcr die Speicherung in Altun G\u0131da aus einem Solarkraftwerk, das zu 100 % die Energie f\u00fcr unser Geothermie-Gew\u00e4chshaus liefert. Das Solarkraftwerk deckt auch den Heizbedarf und die Geothermie ab. Wir entwickeln unsere Infrastruktur kontinuierlich weiter, um den Standards der Europ\u00e4ischen Union zu entsprechen, und investieren in separate Energiequellen. \u00dcber unsere Energiesparte Zada \u200b\u200bEnergy bieten wir weiterhin Schulungen zu nachhaltiger und intelligenter Landwirtschaft an und unterst\u00fctzen Karya Natural Agriculture Greenhouse mit Aktivit\u00e4ten im Bereich der erdlosen Landwirtschaft.<\/p>\n","protected":false},"excerpt":{"rendered":"<p>Im Rahmen unserer Nachhaltigkeitsstrategie, die all unsere Aktivit\u00e4ten und Betriebsabl\u00e4ufe umfasst, &#8230; <\/p>\n","protected":false},"author":1,"featured_media":1074,"parent":1499,"menu_order":0,"comment_status":"closed","ping_status":"closed","template":"","meta":{"footnotes":""},"class_list":["post-1511","page","type-page","status-publish","has-post-thumbnail","hentry"],"_links":{"self":[{"href":"https:\/\/altungida.com\/de\/wp-json\/wp\/v2\/pages\/1511","targetHints":{"allow":["GET"]}}],"collection":[{"href":"https:\/\/altungida.com\/de\/wp-json\/wp\/v2\/pages"}],"about":[{"href":"https:\/\/altungida.com\/de\/wp-json\/wp\/v2\/types\/page"}],"author":[{"embeddable":true,"href":"https:\/\/altungida.com\/de\/wp-json\/wp\/v2\/users\/1"}],"replies":[{"embeddable":true,"href":"https:\/\/altungida.com\/de\/wp-json\/wp\/v2\/comments?post=1511"}],"version-history":[{"count":0,"href":"https:\/\/altungida.com\/de\/wp-json\/wp\/v2\/pages\/1511\/revisions"}],"up":[{"embeddable":true,"href":"https:\/\/altungida.com\/de\/wp-json\/wp\/v2\/pages\/1499"}],"wp:featuredmedia":[{"embeddable":true,"href":"https:\/\/altungida.com\/de\/wp-json\/wp\/v2\/media\/1074"}],"wp:attachment":[{"href":"https:\/\/altungida.com\/de\/wp-json\/wp\/v2\/media?parent=1511"}],"curies":[{"name":"wp","href":"https:\/\/api.w.org\/{rel}","templated":true}]}}