{"id":1533,"date":"2025-10-24T08:58:27","date_gmt":"2025-10-24T05:58:27","guid":{"rendered":"https:\/\/altungida.com\/tesisler-bahceler\/bahceler\/adana-bahceler\/"},"modified":"2025-11-25T21:00:55","modified_gmt":"2025-11-25T18:00:55","slug":"adana-gaerten","status":"publish","type":"page","link":"https:\/\/altungida.com\/de\/einrichtungen-und-gaerten\/gaerten\/adana-gaerten\/","title":{"rendered":"Adana-G\u00e4rten"},"content":{"rendered":"<p>Mit seinen fruchtbaren B\u00f6den und der weitl\u00e4ufigen Parzellenstruktur z\u00e4hlt diese Region zu unseren ertragreichsten. Dank eines Vertragsanbaumodells ist hier eine ganzj\u00e4hrige Produktversorgung gew\u00e4hrleistet und gleichzeitig die regionale Entwicklung gef\u00f6rdert. Unsere Anbaufl\u00e4chen in Adana sind nicht blockweise, sondern in verstreuten Parzellen angelegt und mit Lager- und B\u00fcrogeb\u00e4uden zur Produktionsunterst\u00fctzung verbunden. Die aktive Produktion findet in Obstg\u00e4rten auf einer Fl\u00e4che von 3.300 Dekar in Adana und Hatay statt.<\/p>\n","protected":false},"excerpt":{"rendered":"<p>Mit seinen fruchtbaren B\u00f6den und der weitl\u00e4ufigen Parzellenstruktur z\u00e4hlt diese Region &#8230; <\/p>\n","protected":false},"author":2,"featured_media":1534,"parent":1529,"menu_order":0,"comment_status":"closed","ping_status":"closed","template":"","meta":{"footnotes":""},"class_list":["post-1533","page","type-page","status-publish","has-post-thumbnail","hentry"],"_links":{"self":[{"href":"https:\/\/altungida.com\/de\/wp-json\/wp\/v2\/pages\/1533","targetHints":{"allow":["GET"]}}],"collection":[{"href":"https:\/\/altungida.com\/de\/wp-json\/wp\/v2\/pages"}],"about":[{"href":"https:\/\/altungida.com\/de\/wp-json\/wp\/v2\/types\/page"}],"author":[{"embeddable":true,"href":"https:\/\/altungida.com\/de\/wp-json\/wp\/v2\/users\/2"}],"replies":[{"embeddable":true,"href":"https:\/\/altungida.com\/de\/wp-json\/wp\/v2\/comments?post=1533"}],"version-history":[{"count":0,"href":"https:\/\/altungida.com\/de\/wp-json\/wp\/v2\/pages\/1533\/revisions"}],"up":[{"embeddable":true,"href":"https:\/\/altungida.com\/de\/wp-json\/wp\/v2\/pages\/1529"}],"wp:featuredmedia":[{"embeddable":true,"href":"https:\/\/altungida.com\/de\/wp-json\/wp\/v2\/media\/1534"}],"wp:attachment":[{"href":"https:\/\/altungida.com\/de\/wp-json\/wp\/v2\/media?parent=1533"}],"curies":[{"name":"wp","href":"https:\/\/api.w.org\/{rel}","templated":true}]}}