{"id":1539,"date":"2025-10-24T08:58:26","date_gmt":"2025-10-24T05:58:26","guid":{"rendered":"https:\/\/altungida.com\/tesisler-bahceler\/bahceler\/hatay-bahceler\/"},"modified":"2025-11-25T21:00:50","modified_gmt":"2025-11-25T18:00:50","slug":"hatay-gaerten","status":"publish","type":"page","link":"https:\/\/altungida.com\/de\/einrichtungen-und-gaerten\/gaerten\/hatay-gaerten\/","title":{"rendered":"Hatay-G\u00e4rten"},"content":{"rendered":"<p>Dieses Gebiet, ein zentraler Bestandteil unserer Produktionskette, umfasst drei separate Anbaufl\u00e4chen. Der Standort im Bezirk D\u00f6rtyol in Hatay beherbergt au\u00dferdem unser Verwaltungsgeb\u00e4ude und unsere integrierte Verpackungsanlage. Dank unserer Infrastruktur, die den Standards der Europ\u00e4ischen Union entspricht, k\u00f6nnen wir den gesamten Produktionsprozess vom Feld bis zum Regal l\u00fcckenlos und kontrollierbar steuern. Wir halten unsere Null-Toleranz-Politik gegen\u00fcber Pestizidr\u00fcckst\u00e4nden in dieser Region konsequent ein. Die aktive Produktion findet auf Anbaufl\u00e4chen von insgesamt 3.300 Dekar in Adana und Hatay statt.<\/p>\n","protected":false},"excerpt":{"rendered":"<p>Dieses Gebiet, ein zentraler Bestandteil unserer Produktionskette, umfasst drei separate Anbaufl\u00e4chen. &#8230; <\/p>\n","protected":false},"author":2,"featured_media":1540,"parent":1529,"menu_order":0,"comment_status":"closed","ping_status":"closed","template":"","meta":{"footnotes":""},"class_list":["post-1539","page","type-page","status-publish","has-post-thumbnail","hentry"],"_links":{"self":[{"href":"https:\/\/altungida.com\/de\/wp-json\/wp\/v2\/pages\/1539","targetHints":{"allow":["GET"]}}],"collection":[{"href":"https:\/\/altungida.com\/de\/wp-json\/wp\/v2\/pages"}],"about":[{"href":"https:\/\/altungida.com\/de\/wp-json\/wp\/v2\/types\/page"}],"author":[{"embeddable":true,"href":"https:\/\/altungida.com\/de\/wp-json\/wp\/v2\/users\/2"}],"replies":[{"embeddable":true,"href":"https:\/\/altungida.com\/de\/wp-json\/wp\/v2\/comments?post=1539"}],"version-history":[{"count":0,"href":"https:\/\/altungida.com\/de\/wp-json\/wp\/v2\/pages\/1539\/revisions"}],"up":[{"embeddable":true,"href":"https:\/\/altungida.com\/de\/wp-json\/wp\/v2\/pages\/1529"}],"wp:featuredmedia":[{"embeddable":true,"href":"https:\/\/altungida.com\/de\/wp-json\/wp\/v2\/media\/1540"}],"wp:attachment":[{"href":"https:\/\/altungida.com\/de\/wp-json\/wp\/v2\/media?parent=1539"}],"curies":[{"name":"wp","href":"https:\/\/api.w.org\/{rel}","templated":true}]}}