{"id":1563,"date":"2025-10-24T08:56:32","date_gmt":"2025-10-24T05:56:32","guid":{"rendered":"https:\/\/altungida.com\/tesisler-bahceler\/tesisler\/hatay-dortyol-paketleme-tesisi\/"},"modified":"2025-11-25T21:00:08","modified_gmt":"2025-11-25T18:00:08","slug":"hatay-dortyol-paketleme-tesisi","status":"publish","type":"page","link":"https:\/\/altungida.com\/de\/einrichtungen-und-gaerten\/einrichtungen\/hatay-dortyol-paketleme-tesisi\/","title":{"rendered":"Verpackungsanlage Hatay D\u00f6rtyol"},"content":{"rendered":"<p>Unser Werk in D\u00f6rtyol, Hatay, liegt im Herzen unserer Produktions- und Exportregion, eingebettet in eine gr\u00fcne Oase, und umfasst 14.000 m\u00b2 Produktionsfl\u00e4che. Unsere 2.200 m\u00b2 gro\u00dfen K\u00fchl- und Schnellgefrierr\u00e4ume gew\u00e4hrleisten die Frische und Haltbarkeit unserer Produkte. Wir setzen modernste Technologie in unserer Produktion ein: Acht Reifemaschinen mit einer Kapazit\u00e4t von 3.000 Tonnen, zwei automatisierte Zitrusverarbeitungslinien und eine Solaranlage sorgen f\u00fcr optimale Ergebnisse.<\/p>\n<p>Dank unserer 2024 in Betrieb genommenen, robotergest\u00fctzten und KI-gest\u00fctzten Verpackungsanlage mit zw\u00f6lf Linien erreichen wir eine t\u00e4gliche Verarbeitungskapazit\u00e4t von 1.500 Tonnen. Mit 108 Kameras messen wir die innere und \u00e4u\u00dfere Qualit\u00e4t unserer Produkte millimetergenau und lenken jedes Produkt auf den jeweils optimalen Markt. Durch diese Investition haben wir unsere j\u00e4hrliche Verarbeitungskapazit\u00e4t verzehnfacht.<\/p>\n<p>In unserem Werk in Hatay steuern wir den gesamten Prozess \u2013 von der Produktion bis zur Verpackung \u2013 intern. Dank unseres strategischen Liefernetzwerks, das sich \u00fcber Asien, Europa, Nordamerika und S\u00fcdamerika erstreckt, k\u00f6nnen wir 12 Monate im Jahr frische Produkte anbieten und so nahtlos auf die Bed\u00fcrfnisse unserer Kunden eingehen.<\/p>\n","protected":false},"excerpt":{"rendered":"<p>Unser Werk in D\u00f6rtyol, Hatay, liegt im Herzen unserer Produktions- und &#8230; <\/p>\n","protected":false},"author":2,"featured_media":1956,"parent":1553,"menu_order":0,"comment_status":"closed","ping_status":"closed","template":"","meta":{"footnotes":""},"class_list":["post-1563","page","type-page","status-publish","has-post-thumbnail","hentry"],"_links":{"self":[{"href":"https:\/\/altungida.com\/de\/wp-json\/wp\/v2\/pages\/1563","targetHints":{"allow":["GET"]}}],"collection":[{"href":"https:\/\/altungida.com\/de\/wp-json\/wp\/v2\/pages"}],"about":[{"href":"https:\/\/altungida.com\/de\/wp-json\/wp\/v2\/types\/page"}],"author":[{"embeddable":true,"href":"https:\/\/altungida.com\/de\/wp-json\/wp\/v2\/users\/2"}],"replies":[{"embeddable":true,"href":"https:\/\/altungida.com\/de\/wp-json\/wp\/v2\/comments?post=1563"}],"version-history":[{"count":0,"href":"https:\/\/altungida.com\/de\/wp-json\/wp\/v2\/pages\/1563\/revisions"}],"up":[{"embeddable":true,"href":"https:\/\/altungida.com\/de\/wp-json\/wp\/v2\/pages\/1553"}],"wp:featuredmedia":[{"embeddable":true,"href":"https:\/\/altungida.com\/de\/wp-json\/wp\/v2\/media\/1956"}],"wp:attachment":[{"href":"https:\/\/altungida.com\/de\/wp-json\/wp\/v2\/media?parent=1563"}],"curies":[{"name":"wp","href":"https:\/\/api.w.org\/{rel}","templated":true}]}}