{"id":1569,"date":"2025-10-24T08:56:37","date_gmt":"2025-10-24T05:56:37","guid":{"rendered":"https:\/\/altungida.com\/tesisler-bahceler\/tesisler\/hatay-dortyol-paketleme-tesisi-2\/"},"modified":"2025-11-25T20:59:46","modified_gmt":"2025-11-25T17:59:46","slug":"hatay-doertyol-verpackungsanlage-2","status":"publish","type":"page","link":"https:\/\/altungida.com\/de\/einrichtungen-und-gaerten\/einrichtungen\/hatay-doertyol-verpackungsanlage-2\/","title":{"rendered":"Hatay D\u00f6rtyol Verpackungsanlage 2"},"content":{"rendered":"<p>Das K\u00fchlhaus Altun Cold Storage, mit einer modernen Infrastruktur von 10.000 m\u00b3 und 2.600 m\u00b2 Innenfl\u00e4che, wurde 2013 gem\u00e4\u00df EU-Standards errichtet. Ausgestattet mit Regalsystemen, gew\u00e4hrleistet die Anlage ganzj\u00e4hrig einen unterbrechungsfreien Betrieb f\u00fcr verschiedene Produktgruppen. Dank zuverl\u00e4ssiger Lagerbedingungen, integrierter Hightech-Infrastruktur und der Einhaltung internationaler Qualit\u00e4tsstandards ist Altun Cold Storage ein wichtiger Bestandteil unserer Lieferkette.<\/p>\n","protected":false},"excerpt":{"rendered":"<p>Das K\u00fchlhaus Altun Cold Storage, mit einer modernen Infrastruktur von 10.000 &#8230; <\/p>\n","protected":false},"author":2,"featured_media":1570,"parent":1553,"menu_order":0,"comment_status":"closed","ping_status":"closed","template":"","meta":{"footnotes":""},"class_list":["post-1569","page","type-page","status-publish","has-post-thumbnail","hentry"],"_links":{"self":[{"href":"https:\/\/altungida.com\/de\/wp-json\/wp\/v2\/pages\/1569","targetHints":{"allow":["GET"]}}],"collection":[{"href":"https:\/\/altungida.com\/de\/wp-json\/wp\/v2\/pages"}],"about":[{"href":"https:\/\/altungida.com\/de\/wp-json\/wp\/v2\/types\/page"}],"author":[{"embeddable":true,"href":"https:\/\/altungida.com\/de\/wp-json\/wp\/v2\/users\/2"}],"replies":[{"embeddable":true,"href":"https:\/\/altungida.com\/de\/wp-json\/wp\/v2\/comments?post=1569"}],"version-history":[{"count":0,"href":"https:\/\/altungida.com\/de\/wp-json\/wp\/v2\/pages\/1569\/revisions"}],"up":[{"embeddable":true,"href":"https:\/\/altungida.com\/de\/wp-json\/wp\/v2\/pages\/1553"}],"wp:featuredmedia":[{"embeddable":true,"href":"https:\/\/altungida.com\/de\/wp-json\/wp\/v2\/media\/1570"}],"wp:attachment":[{"href":"https:\/\/altungida.com\/de\/wp-json\/wp\/v2\/media?parent=1569"}],"curies":[{"name":"wp","href":"https:\/\/api.w.org\/{rel}","templated":true}]}}