{"id":1576,"date":"2025-10-24T08:56:41","date_gmt":"2025-10-24T05:56:41","guid":{"rendered":"https:\/\/altungida.com\/tesisler-bahceler\/tesisler\/romanya\/"},"modified":"2025-11-25T20:59:41","modified_gmt":"2025-11-25T17:59:41","slug":"romanya","status":"publish","type":"page","link":"https:\/\/altungida.com\/de\/einrichtungen-und-gaerten\/einrichtungen\/romanya\/","title":{"rendered":"Romanya"},"content":{"rendered":"<p>SC Unifrutti, unser Logistikzentrum in Bukarest, befindet sich auf einem 60.000 m\u00b2 gro\u00dfen Gel\u00e4nde, davon 12.000 m\u00b2 \u00fcberdachte gro\u00dfe Fl\u00e4che. Mit einem 4.500 m\u00b2 gro\u00dfen K\u00fchlhaus und 16 Bananenreifungsr\u00e4umen gew\u00e4hrleisten wir die Frische unserer Produkte und verl\u00e4ngern ihre Haltbarkeit. Unsere Mikroverpackungsanlagen erm\u00f6glichen es uns, speziell verpackte Produkte f\u00fcr Handelsketten anzubieten.<\/p>\n<p>Unser rum\u00e4nischer Standort ist nicht nur geografisch g\u00fcnstig gelegen und ein wichtiger Partner f\u00fcr die weltweit f\u00fchrenden Einzelhandelsketten, sondern auch Drehscheibe unseres europ\u00e4ischen Logistiknetzwerks. Von dort aus liefern wir unsere Produkte direkt in die L\u00e4nder der Europ\u00e4ischen Union.<\/p>\n<p>Unser Werk, in dem ein Team von rund 150 Experten arbeitet, erzeugt seinen gesamten Strom aus Solarenergie und minimiert so unsere Umweltbelastung.<\/p>\n","protected":false},"excerpt":{"rendered":"<p>SC Unifrutti, unser Logistikzentrum in Bukarest, befindet sich auf einem 60.000 &#8230; <\/p>\n","protected":false},"author":2,"featured_media":1577,"parent":1553,"menu_order":0,"comment_status":"closed","ping_status":"closed","template":"","meta":{"footnotes":""},"class_list":["post-1576","page","type-page","status-publish","has-post-thumbnail","hentry"],"_links":{"self":[{"href":"https:\/\/altungida.com\/de\/wp-json\/wp\/v2\/pages\/1576","targetHints":{"allow":["GET"]}}],"collection":[{"href":"https:\/\/altungida.com\/de\/wp-json\/wp\/v2\/pages"}],"about":[{"href":"https:\/\/altungida.com\/de\/wp-json\/wp\/v2\/types\/page"}],"author":[{"embeddable":true,"href":"https:\/\/altungida.com\/de\/wp-json\/wp\/v2\/users\/2"}],"replies":[{"embeddable":true,"href":"https:\/\/altungida.com\/de\/wp-json\/wp\/v2\/comments?post=1576"}],"version-history":[{"count":0,"href":"https:\/\/altungida.com\/de\/wp-json\/wp\/v2\/pages\/1576\/revisions"}],"up":[{"embeddable":true,"href":"https:\/\/altungida.com\/de\/wp-json\/wp\/v2\/pages\/1553"}],"wp:featuredmedia":[{"embeddable":true,"href":"https:\/\/altungida.com\/de\/wp-json\/wp\/v2\/media\/1577"}],"wp:attachment":[{"href":"https:\/\/altungida.com\/de\/wp-json\/wp\/v2\/media?parent=1576"}],"curies":[{"name":"wp","href":"https:\/\/api.w.org\/{rel}","templated":true}]}}