{"id":635,"date":"2025-10-21T02:16:05","date_gmt":"2025-10-20T23:16:05","guid":{"rendered":"https:\/\/altungida.com\/hakkimizda\/"},"modified":"2025-11-14T17:47:45","modified_gmt":"2025-11-14T14:47:45","slug":"about-us","status":"publish","type":"page","link":"https:\/\/altungida.com\/en\/about-us\/","title":{"rendered":"About Us"},"content":{"rendered":"\t\t<div data-elementor-type=\"wp-page\" data-elementor-id=\"635\" class=\"elementor elementor-635 elementor-10\" data-elementor-post-type=\"page\">\n\t\t\t\t<div class=\"elementor-element elementor-element-444b0b5 e-flex e-con-boxed e-con e-parent\" data-id=\"444b0b5\" data-element_type=\"container\">\n\t\t\t\t\t<div class=\"e-con-inner\">\n\t\t<div class=\"elementor-element elementor-element-5a123ab e-con-full column-xtra-sticky e-flex e-con e-child\" data-id=\"5a123ab\" data-element_type=\"container\">\n\t\t\t\t<div class=\"elementor-element elementor-element-81149e8 elementor-widget elementor-widget-image\" data-id=\"81149e8\" data-element_type=\"widget\" data-widget_type=\"image.default\">\n\t\t\t\t\t\t\t\t\t\t\t\t\t\t\t<img fetchpriority=\"high\" decoding=\"async\" width=\"1024\" height=\"654\" src=\"https:\/\/altungida.com\/wp-content\/uploads\/2025\/10\/hakkimizda_2-1024x654.jpg\" class=\"attachment-large size-large wp-image-636\" alt=\"\" srcset=\"https:\/\/altungida.com\/wp-content\/uploads\/2025\/10\/hakkimizda_2-1024x654.jpg 1024w, https:\/\/altungida.com\/wp-content\/uploads\/2025\/10\/hakkimizda_2-300x192.jpg 300w, https:\/\/altungida.com\/wp-content\/uploads\/2025\/10\/hakkimizda_2-768x490.jpg 768w, https:\/\/altungida.com\/wp-content\/uploads\/2025\/10\/hakkimizda_2-600x383.jpg 600w, https:\/\/altungida.com\/wp-content\/uploads\/2025\/10\/hakkimizda_2-1000x638.jpg 1000w, https:\/\/altungida.com\/wp-content\/uploads\/2025\/10\/hakkimizda_2.jpg 1200w\" sizes=\"(max-width: 1024px) 100vw, 1024px\" \/>\t\t\t\t\t\t\t\t\t\t\t\t\t\t\t<\/div>\n\t\t\t\t<\/div>\n\t\t<div class=\"elementor-element elementor-element-e9f0ae1 e-con-full e-flex e-con e-child\" data-id=\"e9f0ae1\" data-element_type=\"container\">\n\t\t\t\t<div class=\"elementor-element elementor-element-e8fc86e elementor-widget elementor-widget-text-editor\" data-id=\"e8fc86e\" data-element_type=\"widget\" data-widget_type=\"text-editor.default\">\n\t\t\t\t\t\t\t\t\t<p>Founded in 1981 in the \u0130skenderun district of Hatay, Altun G\u0131da is one of Turkey&#8217;s leading companies in fresh fruit, vegetable, and food exports. Strengthened by our family values and innovative vision, we have secured a strong position in the global market, safely delivering our 100% GlobalGAP-certified products to the world&#8217;s leading chain stores in Europe, North America, the Middle East, the Far East, and Africa.<\/p><p>We produce to high-quality standards using modern agricultural technologies on our 3,400-acre production area, meticulously managing every stage of the journey from farm to table.<\/p><p>In addition to our production sites and contracted suppliers in Turkey, we ensure an uninterrupted product flow to Europe through our wholly-owned subsidiary, SC Unifrutti, which operates as a supply center in Romania. Thanks to our strategic supply network in Africa, Asia, and South America, we meet our customers&#8217; needs by providing fresh produce and food 12 months a year.<\/p><p>With the investment in a high-tech packaging line at our Hatay facility in 2024, we meticulously manage the quality control process thanks to a 12-line, 108-camera AI-powered system. Robotic casting, infrared scanning, and automated packaging systems ensure our products are packaged without human contact, maintaining their freshness and quality at the highest level.<\/p><p>We place sustainability at the core of our business model and utilize 100% solar energy (SPP) in all our facilities. With our infrastructure compliant with European Union standards and our renewable energy investments, we are advancing this responsibility every day.<\/p><p>In this context, we continue our work with determination in line with sustainable good agricultural practices, through activities in the renewable energy field with our subsidiaries Zada Enerji and in soilless agriculture with Karya Do\u011fal Tar\u0131m Serac\u0131l\u0131k.<\/p><p>As a reliable supplier in the global market, we are taking firm steps into the future with our sustainable growth strategy.<\/p>\t\t\t\t\t\t\t\t<\/div>\n\t\t\t\t<\/div>\n\t\t\t\t\t<\/div>\n\t\t\t\t<\/div>\n\t\t<div class=\"elementor-element elementor-element-5d4ddad e-flex e-con-boxed e-con e-parent\" data-id=\"5d4ddad\" data-element_type=\"container\">\n\t\t\t\t\t<div class=\"e-con-inner\">\n\t\t\t\t<div class=\"elementor-element elementor-element-a60487e elementor-widget elementor-widget-html\" data-id=\"a60487e\" data-element_type=\"widget\" data-widget_type=\"html.default\">\n\t\t\t\t\t<section class=\"istatistik-alani\">\n  <div class=\"istatistik-kutu\">\n    <div class=\"ikon\">\n      <i class=\"fa-solid fa-gears\"><\/i>\n    <\/div>\n    <div class=\"icerik\">\n      <h3>44<\/h3>\n      <p>Years of Experience<\/p>\n    <\/div>\n  <\/div>\n\n  <div class=\"ayrac\"><\/div>\n\n  <div class=\"istatistik-kutu\">\n    <div class=\"ikon\">\n      <i class=\"fa-solid fa-seedling\"><\/i>\n    <\/div>\n    <div class=\"icerik\">\n      <h3>3400<\/h3>\n      <p>Decares of Production Area<\/p>\n    <\/div>\n  <\/div>\n\n  <div class=\"ayrac\"><\/div>\n\n  <div class=\"istatistik-kutu\">\n    <div class=\"ikon\">\n      <i class=\"fa-solid fa-leaf\"><\/i>\n    <\/div>\n    <div class=\"icerik\">\n      <h3>%100<\/h3>\n      <p>Global G.A.P Certified<\/p>\n    <\/div>\n  <\/div>\n<\/section>\t\t\t\t<\/div>\n\t\t\t\t\t<\/div>\n\t\t\t\t<\/div>\n\t\t<div class=\"elementor-element elementor-element-36fb5d9 codevz-con-stretch-yes e-flex e-con-boxed e-con e-parent\" data-id=\"36fb5d9\" data-element_type=\"container\" data-settings=\"{&quot;background_background&quot;:&quot;classic&quot;}\">\n\t\t\t\t\t<div class=\"e-con-inner\">\n\t\t\t\t<div class=\"elementor-element elementor-element-6fb7cb5 elementor-widget elementor-widget-heading\" data-id=\"6fb7cb5\" data-element_type=\"widget\" data-widget_type=\"heading.default\">\n\t\t\t\t\t<h2 class=\"elementor-heading-title elementor-size-default\">Vision<\/h2>\t\t\t\t<\/div>\n\t\t\t\t<div class=\"elementor-element elementor-element-f04f964 elementor-widget elementor-widget-text-editor\" data-id=\"f04f964\" data-element_type=\"widget\" data-widget_type=\"text-editor.default\">\n\t\t\t\t\t\t\t\t\tBuilding the agriculture of the future today with sustainable and smart agricultural practices that are compatible with nature; becoming a leading brand in fresh fruit and vegetable exports, prioritizing quality, efficiency, and environmental responsibility. Positioning ourselves as a trusted business partner in global markets with our integrated and digitalized supply chain, extending from farm to table. Adding value to both producers and consumers through the principles of innovation, traceability, and sustainability.\t\t\t\t\t\t\t\t<\/div>\n\t\t\t\t\t<\/div>\n\t\t\t\t<\/div>\n\t\t<div class=\"elementor-element elementor-element-b42f22a e-flex e-con-boxed e-con e-parent\" data-id=\"b42f22a\" data-element_type=\"container\">\n\t\t\t\t\t<div class=\"e-con-inner\">\n\t\t\t\t<div class=\"elementor-element elementor-element-a628ce7 elementor-widget elementor-widget-heading\" data-id=\"a628ce7\" data-element_type=\"widget\" data-widget_type=\"heading.default\">\n\t\t\t\t\t<h2 class=\"elementor-heading-title elementor-size-default\">Mission<\/h2>\t\t\t\t<\/div>\n\t\t\t\t<div class=\"elementor-element elementor-element-683137d elementor-widget elementor-widget-text-editor\" data-id=\"683137d\" data-element_type=\"widget\" data-widget_type=\"text-editor.default\">\n\t\t\t\t\t\t\t\t\tTo protect natural resources and implement efficient, sustainable, and technology-supported agricultural practices. To offer trust through an integrated supply chain that ensures transparency, traceability, and efficiency across all processes, from production to export. To work in collaboration with our farmers to bring knowledge and technology to the field, contributing to local development, the environment, and future generations. To achieve sustainable growth as a brand that is highly competitive in global markets and respects nature and humanity.\t\t\t\t\t\t\t\t<\/div>\n\t\t\t\t\t<\/div>\n\t\t\t\t<\/div>\n\t\t<div class=\"elementor-element elementor-element-00c5106 e-flex e-con-boxed e-con e-parent\" data-id=\"00c5106\" data-element_type=\"container\">\n\t\t\t\t\t<div class=\"e-con-inner\">\n\t\t\t\t\t<\/div>\n\t\t\t\t<\/div>\n\t\t\t\t<\/div>\n\t\t","protected":false},"excerpt":{"rendered":"<p>Founded in 1981 in the \u0130skenderun district of Hatay, Altun G\u0131da &#8230; <\/p>\n","protected":false},"author":1,"featured_media":0,"parent":0,"menu_order":0,"comment_status":"closed","ping_status":"closed","template":"","meta":{"footnotes":""},"class_list":["post-635","page","type-page","status-publish","hentry"],"_links":{"self":[{"href":"https:\/\/altungida.com\/en\/wp-json\/wp\/v2\/pages\/635","targetHints":{"allow":["GET"]}}],"collection":[{"href":"https:\/\/altungida.com\/en\/wp-json\/wp\/v2\/pages"}],"about":[{"href":"https:\/\/altungida.com\/en\/wp-json\/wp\/v2\/types\/page"}],"author":[{"embeddable":true,"href":"https:\/\/altungida.com\/en\/wp-json\/wp\/v2\/users\/1"}],"replies":[{"embeddable":true,"href":"https:\/\/altungida.com\/en\/wp-json\/wp\/v2\/comments?post=635"}],"version-history":[{"count":0,"href":"https:\/\/altungida.com\/en\/wp-json\/wp\/v2\/pages\/635\/revisions"}],"wp:attachment":[{"href":"https:\/\/altungida.com\/en\/wp-json\/wp\/v2\/media?parent=635"}],"curies":[{"name":"wp","href":"https:\/\/api.w.org\/{rel}","templated":true}]}}