{"id":638,"date":"2025-10-24T08:59:29","date_gmt":"2025-10-24T05:59:29","guid":{"rendered":"https:\/\/altungida.com\/istiraklerimiz\/"},"modified":"2025-11-06T13:41:25","modified_gmt":"2025-11-06T10:41:25","slug":"subsidiaries","status":"publish","type":"page","link":"https:\/\/altungida.com\/en\/subsidiaries\/","title":{"rendered":"Subsidiaries"},"content":{"rendered":"\t\t<div data-elementor-type=\"wp-page\" data-elementor-id=\"638\" class=\"elementor elementor-638 elementor-205\" data-elementor-post-type=\"page\">\n\t\t\t\t<div class=\"elementor-element elementor-element-42c3ee8 codevz-con-stretch-yes e-flex e-con-boxed e-con e-parent\" data-id=\"42c3ee8\" data-element_type=\"container\" data-settings=\"{&quot;background_background&quot;:&quot;classic&quot;}\">\n\t\t\t\t\t<div class=\"e-con-inner\">\n\t\t<div class=\"elementor-element elementor-element-e85da1e e-con-full e-flex e-con e-child\" data-id=\"e85da1e\" data-element_type=\"container\">\n\t\t<div class=\"elementor-element elementor-element-88de012 e-con-full e-flex e-con e-child\" data-id=\"88de012\" data-element_type=\"container\">\n\t\t\t\t<div class=\"elementor-element elementor-element-a5a48d5 elementor-widget elementor-widget-cz_service_box\" data-id=\"a5a48d5\" data-element_type=\"widget\" data-widget_type=\"cz_service_box.default\">\n\t\t\t\t<div class=\"elementor-widget-container\">\n\t\t\t\t\t<div class=\"services clr style11 cz_sbi_fx_9a services_b\"><div class=\"service_img\"><img fetchpriority=\"high\" decoding=\"async\" width=\"600\" height=\"400\" src=\"https:\/\/altungida.com\/wp-content\/uploads\/2025\/10\/sc-unifrutti-romanya-bukres.png\" class=\"attachment-large size-large wp-image-290\" alt=\"\" srcset=\"https:\/\/altungida.com\/wp-content\/uploads\/2025\/10\/sc-unifrutti-romanya-bukres.png 600w, https:\/\/altungida.com\/wp-content\/uploads\/2025\/10\/sc-unifrutti-romanya-bukres-300x200.png 300w\" sizes=\"(max-width: 600px) 100vw, 600px\" \/><\/div><div class=\"service_text\"><div class=\"cz_wpe_content\"><h4><span style=\"color: #;\">SC UNIFRUTTI<\/span><\/h4><\/div><a href=\"\/sc-unifrutti\/\" class=\"cz_btn cz_btn_icon_after xtra-service-btn-center\"><i class=\"fas fa-arrow-up\"><\/i><\/a><\/div><\/div>\t\t\t\t<\/div>\n\t\t\t\t<\/div>\n\t\t\t\t<\/div>\n\t\t<div class=\"elementor-element elementor-element-50bef26 e-con-full e-flex e-con e-child\" data-id=\"50bef26\" data-element_type=\"container\">\n\t\t\t\t<div class=\"elementor-element elementor-element-ebec9a4 elementor-widget elementor-widget-cz_service_box\" data-id=\"ebec9a4\" data-element_type=\"widget\" data-widget_type=\"cz_service_box.default\">\n\t\t\t\t<div class=\"elementor-widget-container\">\n\t\t\t\t\t<div class=\"services clr style11 cz_sbi_fx_9a services_b\"><div class=\"service_img\"><img decoding=\"async\" width=\"600\" height=\"400\" src=\"https:\/\/altungida.com\/wp-content\/uploads\/2025\/10\/karya-dogal-tarim-seracilik.png\" class=\"attachment-large size-large wp-image-291\" alt=\"\" srcset=\"https:\/\/altungida.com\/wp-content\/uploads\/2025\/10\/karya-dogal-tarim-seracilik.png 600w, https:\/\/altungida.com\/wp-content\/uploads\/2025\/10\/karya-dogal-tarim-seracilik-300x200.png 300w\" sizes=\"(max-width: 600px) 100vw, 600px\" \/><\/div><div class=\"service_text\"><div class=\"cz_wpe_content\"><h4><span style=\"color: #;\">KARYA DO\u011eAL TARIM<\/span><\/h4><\/div><a href=\"\/karya-dogal-tarim\/\" class=\"cz_btn cz_btn_icon_after xtra-service-btn-center\"><i class=\"fas fa-arrow-up\"><\/i><\/a><\/div><\/div>\t\t\t\t<\/div>\n\t\t\t\t<\/div>\n\t\t\t\t<\/div>\n\t\t<div class=\"elementor-element elementor-element-7eddb20 e-con-full e-flex e-con e-child\" data-id=\"7eddb20\" data-element_type=\"container\">\n\t\t\t\t<div class=\"elementor-element elementor-element-3b9c4ec elementor-widget elementor-widget-cz_service_box\" data-id=\"3b9c4ec\" data-element_type=\"widget\" data-widget_type=\"cz_service_box.default\">\n\t\t\t\t<div class=\"elementor-widget-container\">\n\t\t\t\t\t<div class=\"services clr style11 cz_sbi_fx_9a services_b\"><div class=\"service_img\"><img decoding=\"async\" width=\"600\" height=\"400\" src=\"https:\/\/altungida.com\/wp-content\/uploads\/2025\/10\/zada-enerji_2.png\" class=\"attachment-large size-large wp-image-292\" alt=\"\" srcset=\"https:\/\/altungida.com\/wp-content\/uploads\/2025\/10\/zada-enerji_2.png 600w, https:\/\/altungida.com\/wp-content\/uploads\/2025\/10\/zada-enerji_2-300x200.png 300w\" sizes=\"(max-width: 600px) 100vw, 600px\" \/><\/div><div class=\"service_text\"><div class=\"cz_wpe_content\"><h4><span style=\"color: #;\">ZADA ENERJ\u0130<\/span><\/h4><\/div><a href=\"\/zada-enerji\/\" class=\"cz_btn cz_btn_icon_after xtra-service-btn-center\"><i class=\"fas fa-arrow-up\"><\/i><\/a><\/div><\/div>\t\t\t\t<\/div>\n\t\t\t\t<\/div>\n\t\t\t\t<\/div>\n\t\t\t\t<\/div>\n\t\t<div class=\"elementor-element elementor-element-abe334f e-con-full e-flex e-con e-child\" data-id=\"abe334f\" data-element_type=\"container\">\n\t\t<div class=\"elementor-element elementor-element-7d51415 e-con-full e-flex e-con e-child\" data-id=\"7d51415\" data-element_type=\"container\">\n\t\t\t\t<\/div>\n\t\t<div class=\"elementor-element elementor-element-3b3afbe e-con-full e-flex e-con e-child\" data-id=\"3b3afbe\" data-element_type=\"container\">\n\t\t\t\t<div class=\"elementor-element elementor-element-504e35b elementor-widget elementor-widget-cz_service_box\" data-id=\"504e35b\" data-element_type=\"widget\" data-widget_type=\"cz_service_box.default\">\n\t\t\t\t<div class=\"elementor-widget-container\">\n\t\t\t\t\t<div class=\"services clr style1 cz_sbi_fx_9a services_b\"><div class=\"service_custom\"><\/div><div class=\"service_text\"><div class=\"cz_wpe_content\"><h4><span style=\"color: #;\">ALT DANI\u015eMANLIK VE DI\u015e T\u0130CARET A.\u015e.<\/span><\/h4><\/div><a href=\"\/alt-danismanlik-a-s\/\" class=\"cz_btn cz_btn_icon_after xtra-service-btn-center\"><i class=\"fas fa-arrow-up\"><\/i><\/a><\/div><\/div>\t\t\t\t<\/div>\n\t\t\t\t<\/div>\n\t\t\t\t<\/div>\n\t\t<div class=\"elementor-element elementor-element-1b02e20 e-con-full e-flex e-con e-child\" data-id=\"1b02e20\" data-element_type=\"container\">\n\t\t\t\t<\/div>\n\t\t\t\t<\/div>\n\t\t\t\t\t<\/div>\n\t\t\t\t<\/div>\n\t\t\t\t<\/div>\n\t\t","protected":false},"excerpt":{"rendered":"<p>SC UNIFRUTTI KARYA DO\u011eAL TARIM ZADA ENERJ\u0130 ALT DANI\u015eMANLIK VE DI\u015e &#8230; <\/p>\n","protected":false},"author":2,"featured_media":0,"parent":0,"menu_order":0,"comment_status":"closed","ping_status":"closed","template":"","meta":{"footnotes":""},"class_list":["post-638","page","type-page","status-publish","hentry"],"_links":{"self":[{"href":"https:\/\/altungida.com\/en\/wp-json\/wp\/v2\/pages\/638","targetHints":{"allow":["GET"]}}],"collection":[{"href":"https:\/\/altungida.com\/en\/wp-json\/wp\/v2\/pages"}],"about":[{"href":"https:\/\/altungida.com\/en\/wp-json\/wp\/v2\/types\/page"}],"author":[{"embeddable":true,"href":"https:\/\/altungida.com\/en\/wp-json\/wp\/v2\/users\/2"}],"replies":[{"embeddable":true,"href":"https:\/\/altungida.com\/en\/wp-json\/wp\/v2\/comments?post=638"}],"version-history":[{"count":0,"href":"https:\/\/altungida.com\/en\/wp-json\/wp\/v2\/pages\/638\/revisions"}],"wp:attachment":[{"href":"https:\/\/altungida.com\/en\/wp-json\/wp\/v2\/media?parent=638"}],"curies":[{"name":"wp","href":"https:\/\/api.w.org\/{rel}","templated":true}]}}