{"id":747,"date":"2025-11-05T10:45:07","date_gmt":"2025-11-05T07:45:07","guid":{"rendered":"https:\/\/altungida.com\/yapay-zeka\/"},"modified":"2025-11-11T04:39:38","modified_gmt":"2025-11-11T01:39:38","slug":"inteligenta-artificiala","status":"publish","type":"page","link":"https:\/\/altungida.com\/ro\/agricultura-durabila-si-inteligenta\/inteligenta-artificiala\/","title":{"rendered":"Inteligen\u021b\u0103 artificial\u0103"},"content":{"rendered":"<p>Inteligen\u021ba artificial\u0103 ofer\u0103 solu\u021bii inovatoare care sporesc productivitatea \u00een agricultur\u0103, reduc costurile \u0219i sus\u021bin produc\u021bia sustenabil\u0103. Prin intermediul senzorilor inteligen\u021bi \u0219i al tehnicilor de procesare a imaginilor, starea plantelor, structura solului \u0219i condi\u021biile meteorologice sunt monitorizate \u00een timp real. Aceste date sunt analizate prin algoritmi de inteligen\u021b\u0103 artificial\u0103, permi\u021b\u00e2nd luarea deciziilor corecte \u0219i la momentul potrivit \u00een procese precum irigarea, fertilizarea \u0219i recoltarea. De asemenea, se ofer\u0103 solu\u021bii rapide \u0219i eficiente pentru detectarea d\u0103un\u0103torilor, estimarea produc\u021biei \u0219i planificarea for\u021bei de munc\u0103. Astfel, se creeaz\u0103 un model agricol ecologic, eficient \u0219i sustenabil.<\/p>\n<p>\u00cen cadrul companiei Altun G\u0131da, valorific\u0103m la maximum posibilit\u0103\u021bile oferite de inteligen\u021ba artificial\u0103 \u00een agricultur\u0103. \u00cencep\u00e2nd cu anul 2024, am pus \u00een func\u021biune \u00een Hatay sistemul nostru de clasificare asistat de inteligen\u021b\u0103 artificial\u0103, care permite sortarea automat\u0103 a produselor \u2013 f\u0103r\u0103 contact uman \u2013 \u00een func\u021bie de standardele de calitate cerute de pia\u021b\u0103. Aceast\u0103 tehnologie reduce risipa \u0219i contribuie la atingerea obiectivelor noastre de sustenabilitate ecologic\u0103, social\u0103 \u0219i economic\u0103, de-a lungul \u00eentregului lan\u021b \u2013 de la c\u00e2mp p\u00e2n\u0103 la mas\u0103.<\/p>\n","protected":false},"excerpt":{"rendered":"<p>Inteligen\u021ba artificial\u0103 ofer\u0103 solu\u021bii inovatoare care sporesc productivitatea \u00een agricultur\u0103, reduc &#8230; <\/p>\n","protected":false},"author":1,"featured_media":741,"parent":942,"menu_order":0,"comment_status":"closed","ping_status":"closed","template":"","meta":{"footnotes":""},"class_list":["post-747","page","type-page","status-publish","has-post-thumbnail","hentry"],"_links":{"self":[{"href":"https:\/\/altungida.com\/ro\/wp-json\/wp\/v2\/pages\/747","targetHints":{"allow":["GET"]}}],"collection":[{"href":"https:\/\/altungida.com\/ro\/wp-json\/wp\/v2\/pages"}],"about":[{"href":"https:\/\/altungida.com\/ro\/wp-json\/wp\/v2\/types\/page"}],"author":[{"embeddable":true,"href":"https:\/\/altungida.com\/ro\/wp-json\/wp\/v2\/users\/1"}],"replies":[{"embeddable":true,"href":"https:\/\/altungida.com\/ro\/wp-json\/wp\/v2\/comments?post=747"}],"version-history":[{"count":0,"href":"https:\/\/altungida.com\/ro\/wp-json\/wp\/v2\/pages\/747\/revisions"}],"up":[{"embeddable":true,"href":"https:\/\/altungida.com\/ro\/wp-json\/wp\/v2\/pages\/942"}],"wp:featuredmedia":[{"embeddable":true,"href":"https:\/\/altungida.com\/ro\/wp-json\/wp\/v2\/media\/741"}],"wp:attachment":[{"href":"https:\/\/altungida.com\/ro\/wp-json\/wp\/v2\/media?parent=747"}],"curies":[{"name":"wp","href":"https:\/\/api.w.org\/{rel}","templated":true}]}}