{"id":748,"date":"2025-11-05T10:45:18","date_gmt":"2025-11-05T07:45:18","guid":{"rendered":"https:\/\/altungida.com\/su-tasarrufu\/"},"modified":"2025-11-11T04:40:14","modified_gmt":"2025-11-11T01:40:14","slug":"economie-de-apa","status":"publish","type":"page","link":"https:\/\/altungida.com\/ro\/agricultura-durabila-si-inteligenta\/economie-de-apa\/","title":{"rendered":"Economie de Ap\u0103"},"content":{"rendered":"<p>Conservarea resurselor de ap\u0103 reprezint\u0103 una dintre pietrele de temelie ale conceptului nostru de agricultur\u0103 sustenabil\u0103. \u00cen acest sens, pentru a reduce consumul de ap\u0103, aplic\u0103m \u00een toate zonele noastre de produc\u021bie metoda de irigare prin picurare, \u00een locul sistemelor tradi\u021bionale. Aceast\u0103 metod\u0103, care furnizeaz\u0103 exact cantitatea de ap\u0103 necesar\u0103 direct \u00een zona r\u0103d\u0103cinii plantei, minimizeaz\u0103 consumul de ap\u0103 \u0219i, \u00een acela\u0219i timp, men\u021bine fertilitatea solului. Ne ghid\u0103m nu doar dup\u0103 criteriile de productivitate, ci \u0219i dup\u0103 responsabilitatea fa\u021b\u0103 de genera\u021biile viitoare, gestion\u00e2nd fiecare pic\u0103tur\u0103 de ap\u0103 printr-un sistem care protejeaz\u0103 toate formele de via\u021b\u0103. Continu\u0103m s\u0103 model\u0103m principiul nostru de produc\u021bie sustenabil\u0103 prin utilizarea eficient\u0103 a resurselor naturale \u0219i prin angajamentul nostru fa\u021b\u0103 de responsabilitatea ecologic\u0103.<\/p>\n","protected":false},"excerpt":{"rendered":"<p>Conservarea resurselor de ap\u0103 reprezint\u0103 una dintre pietrele de temelie ale &#8230; <\/p>\n","protected":false},"author":1,"featured_media":739,"parent":942,"menu_order":0,"comment_status":"closed","ping_status":"closed","template":"","meta":{"footnotes":""},"class_list":["post-748","page","type-page","status-publish","has-post-thumbnail","hentry"],"_links":{"self":[{"href":"https:\/\/altungida.com\/ro\/wp-json\/wp\/v2\/pages\/748","targetHints":{"allow":["GET"]}}],"collection":[{"href":"https:\/\/altungida.com\/ro\/wp-json\/wp\/v2\/pages"}],"about":[{"href":"https:\/\/altungida.com\/ro\/wp-json\/wp\/v2\/types\/page"}],"author":[{"embeddable":true,"href":"https:\/\/altungida.com\/ro\/wp-json\/wp\/v2\/users\/1"}],"replies":[{"embeddable":true,"href":"https:\/\/altungida.com\/ro\/wp-json\/wp\/v2\/comments?post=748"}],"version-history":[{"count":0,"href":"https:\/\/altungida.com\/ro\/wp-json\/wp\/v2\/pages\/748\/revisions"}],"up":[{"embeddable":true,"href":"https:\/\/altungida.com\/ro\/wp-json\/wp\/v2\/pages\/942"}],"wp:featuredmedia":[{"embeddable":true,"href":"https:\/\/altungida.com\/ro\/wp-json\/wp\/v2\/media\/739"}],"wp:attachment":[{"href":"https:\/\/altungida.com\/ro\/wp-json\/wp\/v2\/media?parent=748"}],"curies":[{"name":"wp","href":"https:\/\/api.w.org\/{rel}","templated":true}]}}