{"id":749,"date":"2025-11-05T10:45:28","date_gmt":"2025-11-05T07:45:28","guid":{"rendered":"https:\/\/altungida.com\/yenilenebilir-enerji\/"},"modified":"2025-11-11T04:40:53","modified_gmt":"2025-11-11T01:40:53","slug":"energie-regenerabila","status":"publish","type":"page","link":"https:\/\/altungida.com\/ro\/agricultura-durabila-si-inteligenta\/energie-regenerabila\/","title":{"rendered":"Energie Regenerabil\u0103"},"content":{"rendered":"<p>\u00cen cadrul strategiei noastre de sustenabilitate, care se afl\u0103 \u00een centrul tuturor activit\u0103\u021bilor \u0219i opera\u021biunilor noastre, la Altun G\u0131da ne asigur\u0103m \u00eentreaga necesitate de energie electric\u0103 dintr-o central\u0103 fotovoltaic\u0103 (GES) proprie, furniz\u00e2nd energia electric\u0103 pentru sera noastr\u0103 geotermal\u0103 tot din GES, iar necesarul de \u00eenc\u0103lzire din surse geotermale.\u2028 Cu infrastructura noastr\u0103 conform\u0103 standardelor Uniunii Europene \u0219i cu investi\u021biile constante \u00een energie regenerabil\u0103, ne extindem \u00een mod continuu responsabilitatea fa\u021b\u0103 de mediu.\u2028Prin cooperarea cu Zada Enerji \u00een domeniul energiei regenerabile \u0219i cu Karya Do\u011fal Tar\u0131m Serac\u0131l\u0131k \u00een domeniul agriculturii f\u0103r\u0103 sol, continu\u0103m activit\u0103\u021bile noastre dedicate agriculturii inteligente \u0219i sustenabile.<\/p>\n","protected":false},"excerpt":{"rendered":"<p>\u00cen cadrul strategiei noastre de sustenabilitate, care se afl\u0103 \u00een centrul &#8230; <\/p>\n","protected":false},"author":1,"featured_media":742,"parent":942,"menu_order":0,"comment_status":"closed","ping_status":"closed","template":"","meta":{"footnotes":""},"class_list":["post-749","page","type-page","status-publish","has-post-thumbnail","hentry"],"_links":{"self":[{"href":"https:\/\/altungida.com\/ro\/wp-json\/wp\/v2\/pages\/749","targetHints":{"allow":["GET"]}}],"collection":[{"href":"https:\/\/altungida.com\/ro\/wp-json\/wp\/v2\/pages"}],"about":[{"href":"https:\/\/altungida.com\/ro\/wp-json\/wp\/v2\/types\/page"}],"author":[{"embeddable":true,"href":"https:\/\/altungida.com\/ro\/wp-json\/wp\/v2\/users\/1"}],"replies":[{"embeddable":true,"href":"https:\/\/altungida.com\/ro\/wp-json\/wp\/v2\/comments?post=749"}],"version-history":[{"count":0,"href":"https:\/\/altungida.com\/ro\/wp-json\/wp\/v2\/pages\/749\/revisions"}],"up":[{"embeddable":true,"href":"https:\/\/altungida.com\/ro\/wp-json\/wp\/v2\/pages\/942"}],"wp:featuredmedia":[{"embeddable":true,"href":"https:\/\/altungida.com\/ro\/wp-json\/wp\/v2\/media\/742"}],"wp:attachment":[{"href":"https:\/\/altungida.com\/ro\/wp-json\/wp\/v2\/media?parent=749"}],"curies":[{"name":"wp","href":"https:\/\/api.w.org\/{rel}","templated":true}]}}