{"id":750,"date":"2025-11-05T10:45:46","date_gmt":"2025-11-05T07:45:46","guid":{"rendered":"https:\/\/altungida.com\/akilli-makineler\/"},"modified":"2026-02-19T17:19:32","modified_gmt":"2026-02-19T14:19:32","slug":"masini-inteligente","status":"publish","type":"page","link":"https:\/\/altungida.com\/ro\/agricultura-durabila-si-inteligenta\/masini-inteligente\/","title":{"rendered":"Ma\u0219ini Inteligente"},"content":{"rendered":"<p>Ma\u0219inile inteligente utilizate \u00een agricultur\u0103 sunt echipamente de \u00eenalt\u0103 tehnologie care fac procesele de produc\u021bie mai eficiente, mai sustenabile \u0219i mai controlabile. Dotate cu GPS, senzori, sisteme de inteligen\u021b\u0103 artificial\u0103 \u0219i \u00eenv\u0103\u021bare automat\u0103, aceste utilaje permit aplica\u021bii precise \u0219i bazate pe date \u00een etape precum analiza solului, \u00eens\u0103m\u00e2n\u021barea, irigarea, fertilizarea \u0219i recoltarea. Prin utilizarea tractoarelor, dronelor, ma\u0219inilor automate de recoltare \u0219i sistemelor robotizate, nevoia de for\u021b\u0103 de munc\u0103 este redus\u0103, utilizarea resurselor este optimizat\u0103, iar costurile \u0219i impactul asupra mediului sunt diminuate. Aceste sisteme ofer\u0103 solu\u021bii rezistente \u0219i inteligente pentru provoc\u0103rile globale din agricultur\u0103, precum schimb\u0103rile climatice \u0219i cererea tot mai mare de alimente. \u00cen cadrul companiei Altun G\u0131da, investi\u021bia noastr\u0103 \u00eentr-o linie de ambalare de ultim\u0103 genera\u021bie pus\u0103 \u00een func\u021biune la unitatea din Hatay, echipat\u0103 cu 12 linii \u0219i 108 camere asistate de inteligen\u021b\u0103 artificial\u0103, permite un proces de control al calit\u0103\u021bii extrem de precis.<\/p>\n","protected":false},"excerpt":{"rendered":"<p>Ma\u0219inile inteligente utilizate \u00een agricultur\u0103 sunt echipamente de \u00eenalt\u0103 tehnologie care &#8230; <\/p>\n","protected":false},"author":1,"featured_media":1971,"parent":942,"menu_order":0,"comment_status":"closed","ping_status":"closed","template":"","meta":{"footnotes":""},"class_list":["post-750","page","type-page","status-publish","has-post-thumbnail","hentry"],"_links":{"self":[{"href":"https:\/\/altungida.com\/ro\/wp-json\/wp\/v2\/pages\/750","targetHints":{"allow":["GET"]}}],"collection":[{"href":"https:\/\/altungida.com\/ro\/wp-json\/wp\/v2\/pages"}],"about":[{"href":"https:\/\/altungida.com\/ro\/wp-json\/wp\/v2\/types\/page"}],"author":[{"embeddable":true,"href":"https:\/\/altungida.com\/ro\/wp-json\/wp\/v2\/users\/1"}],"replies":[{"embeddable":true,"href":"https:\/\/altungida.com\/ro\/wp-json\/wp\/v2\/comments?post=750"}],"version-history":[{"count":0,"href":"https:\/\/altungida.com\/ro\/wp-json\/wp\/v2\/pages\/750\/revisions"}],"up":[{"embeddable":true,"href":"https:\/\/altungida.com\/ro\/wp-json\/wp\/v2\/pages\/942"}],"wp:featuredmedia":[{"embeddable":true,"href":"https:\/\/altungida.com\/ro\/wp-json\/wp\/v2\/media\/1971"}],"wp:attachment":[{"href":"https:\/\/altungida.com\/ro\/wp-json\/wp\/v2\/media?parent=750"}],"curies":[{"name":"wp","href":"https:\/\/api.w.org\/{rel}","templated":true}]}}