{"id":751,"date":"2025-11-05T10:45:56","date_gmt":"2025-11-05T07:45:56","guid":{"rendered":"https:\/\/altungida.com\/topraksiz-tarim\/"},"modified":"2025-11-11T04:42:46","modified_gmt":"2025-11-11T01:42:46","slug":"agricultura-fara-sol","status":"publish","type":"page","link":"https:\/\/altungida.com\/ro\/agricultura-durabila-si-inteligenta\/agricultura-fara-sol\/","title":{"rendered":"Agricultur\u0103 f\u0103r\u0103 Sol"},"content":{"rendered":"<p>Agricultura f\u0103r\u0103 sol reprezint\u0103 o metod\u0103 de cultivare ecologic\u0103 \u0219i eficient\u0103, care cre\u0219te productivitatea \u0219i utilizeaz\u0103 \u00een mod optim resursele de ap\u0103 \u0219i substan\u021be nutritive. Acest sistem, care permite plantelor s\u0103 absoarb\u0103 substan\u021bele nutritive direct, \u00eentr-un mediu controlat, este una dintre bazele agriculturii sustenabile \u0219i ale transform\u0103rii tehnologice. \u00cen sera noastr\u0103 modern\u0103 geotermal\u0103, care reflect\u0103 viziunea noastr\u0103 de agricultur\u0103 inteligent\u0103, implement\u0103m metode de agricultur\u0103 f\u0103r\u0103 sol.<\/p>\n","protected":false},"excerpt":{"rendered":"<p>Agricultura f\u0103r\u0103 sol reprezint\u0103 o metod\u0103 de cultivare ecologic\u0103 \u0219i eficient\u0103, &#8230; <\/p>\n","protected":false},"author":1,"featured_media":740,"parent":942,"menu_order":0,"comment_status":"closed","ping_status":"closed","template":"","meta":{"footnotes":""},"class_list":["post-751","page","type-page","status-publish","has-post-thumbnail","hentry"],"_links":{"self":[{"href":"https:\/\/altungida.com\/ro\/wp-json\/wp\/v2\/pages\/751","targetHints":{"allow":["GET"]}}],"collection":[{"href":"https:\/\/altungida.com\/ro\/wp-json\/wp\/v2\/pages"}],"about":[{"href":"https:\/\/altungida.com\/ro\/wp-json\/wp\/v2\/types\/page"}],"author":[{"embeddable":true,"href":"https:\/\/altungida.com\/ro\/wp-json\/wp\/v2\/users\/1"}],"replies":[{"embeddable":true,"href":"https:\/\/altungida.com\/ro\/wp-json\/wp\/v2\/comments?post=751"}],"version-history":[{"count":0,"href":"https:\/\/altungida.com\/ro\/wp-json\/wp\/v2\/pages\/751\/revisions"}],"up":[{"embeddable":true,"href":"https:\/\/altungida.com\/ro\/wp-json\/wp\/v2\/pages\/942"}],"wp:featuredmedia":[{"embeddable":true,"href":"https:\/\/altungida.com\/ro\/wp-json\/wp\/v2\/media\/740"}],"wp:attachment":[{"href":"https:\/\/altungida.com\/ro\/wp-json\/wp\/v2\/media?parent=751"}],"curies":[{"name":"wp","href":"https:\/\/api.w.org\/{rel}","templated":true}]}}