{"id":790,"date":"2025-10-24T08:56:32","date_gmt":"2025-10-24T05:56:32","guid":{"rendered":"https:\/\/altungida.com\/facilitati-si-gradini\/facilitati\/hatay-dortyol-paketleme-tesisi\/"},"modified":"2025-11-11T05:15:56","modified_gmt":"2025-11-11T02:15:56","slug":"facilitatea-de-ambalare-hatay-dortyol","status":"publish","type":"page","link":"https:\/\/altungida.com\/ro\/facilitati-si-gradini\/facilitati\/facilitatea-de-ambalare-hatay-dortyol\/","title":{"rendered":"Facilitatea de ambalare Hatay D\u00f6rtyol"},"content":{"rendered":"<p>Aflat \u00een inima capacit\u0103\u021bii noastre de produc\u021bie \u0219i export, complexul din Hatay D\u00f6rtyol, situat \u00eentr-o zon\u0103 verde, se \u00eentinde pe o suprafa\u021b\u0103 de 34.000 m\u00b2, dintre care 14.000 m\u00b2 sunt acoperi\u021bi. Depozitele noastre frigorifice \u0219i camerele de \u0219ocare, cu o suprafa\u021b\u0103 total\u0103 de 2.200 m\u00b2, garanteaz\u0103 prospe\u021bimea \u0219i durata de valabilitate a produselor. Cu 8 ma\u0219ini de maturare av\u00e2nd o capacitate total\u0103 de 3.000 de tone, 2 linii automate de procesare a citricelor \u0219i un sistem de energie solar\u0103, integr\u0103m tehnologia avansat\u0103 \u00een procesul de produc\u021bie.<\/p>\n<p>Datorit\u0103 sistemului robotic \u0219i automatizat asistat de inteligen\u021b\u0103 artificial\u0103, pus \u00een func\u021biune \u00een 2024, capacitatea noastr\u0103 zilnic\u0103 de procesare a ajuns la 1.500 de tone. Cu ajutorul celor 108 camere, evalu\u0103m calitatea intern\u0103 \u0219i extern\u0103 a produselor la nivel milimetric, direc\u021bion\u00e2nd fiecare fruct c\u0103tre pia\u021ba optim\u0103. Aceast\u0103 investi\u021bie ne-a permis s\u0103 cre\u0219tem capacitatea anual\u0103 de procesare de 10 ori.<\/p>\n<p>Prin unitatea noastr\u0103 din Hatay, gestion\u0103m \u00eentregul proces \u2013 de la produc\u021bie p\u00e2n\u0103 la ambalare \u2013 \u00een interiorul companiei. Datorit\u0103 re\u021belei noastre strategice de aprovizionare din Asia, Europa, America de Nord \u0219i America de Sud, oferim produse proaspete pe tot parcursul anului, r\u0103spunz\u00e2nd f\u0103r\u0103 \u00eentrerupere nevoilor clien\u021bilor no\u0219tri.<\/p>\n","protected":false},"excerpt":{"rendered":"<p>Aflat \u00een inima capacit\u0103\u021bii noastre de produc\u021bie \u0219i export, complexul din &#8230; <\/p>\n","protected":false},"author":2,"featured_media":1959,"parent":785,"menu_order":0,"comment_status":"closed","ping_status":"closed","template":"","meta":{"footnotes":""},"class_list":["post-790","page","type-page","status-publish","has-post-thumbnail","hentry"],"_links":{"self":[{"href":"https:\/\/altungida.com\/ro\/wp-json\/wp\/v2\/pages\/790","targetHints":{"allow":["GET"]}}],"collection":[{"href":"https:\/\/altungida.com\/ro\/wp-json\/wp\/v2\/pages"}],"about":[{"href":"https:\/\/altungida.com\/ro\/wp-json\/wp\/v2\/types\/page"}],"author":[{"embeddable":true,"href":"https:\/\/altungida.com\/ro\/wp-json\/wp\/v2\/users\/2"}],"replies":[{"embeddable":true,"href":"https:\/\/altungida.com\/ro\/wp-json\/wp\/v2\/comments?post=790"}],"version-history":[{"count":0,"href":"https:\/\/altungida.com\/ro\/wp-json\/wp\/v2\/pages\/790\/revisions"}],"up":[{"embeddable":true,"href":"https:\/\/altungida.com\/ro\/wp-json\/wp\/v2\/pages\/785"}],"wp:featuredmedia":[{"embeddable":true,"href":"https:\/\/altungida.com\/ro\/wp-json\/wp\/v2\/media\/1959"}],"wp:attachment":[{"href":"https:\/\/altungida.com\/ro\/wp-json\/wp\/v2\/media?parent=790"}],"curies":[{"name":"wp","href":"https:\/\/api.w.org\/{rel}","templated":true}]}}