{"id":792,"date":"2025-10-24T08:56:37","date_gmt":"2025-10-24T05:56:37","guid":{"rendered":"https:\/\/altungida.com\/facilitati-si-gradini\/facilitati\/hatay-dortyol-paketleme-tesisi-2\/"},"modified":"2025-11-11T05:16:57","modified_gmt":"2025-11-11T02:16:57","slug":"facilitatea-de-ambalare-hatay-dortyol-2","status":"publish","type":"page","link":"https:\/\/altungida.com\/ro\/facilitati-si-gradini\/facilitati\/facilitatea-de-ambalare-hatay-dortyol-2\/","title":{"rendered":"Facilitatea de ambalare Hatay D\u00f6rtyol 2"},"content":{"rendered":"<p>Depozitul frigorific Altun, construit \u00een 2013 \u00een conformitate cu standardele Uniunii Europene, dispune de o capacitate de 10.000 m\u00b3 \u0219i o suprafa\u021b\u0103 acoperit\u0103 de 2.600 m\u00b2. Echipat\u0103 cu sisteme de rafturi moderne, unitatea poate oferi servicii continue pe tot parcursul anului, adaptate diferitelor categorii de produse. Datorit\u0103 condi\u021biilor de depozitare sigure, infrastructurii integrate cu tehnologie avansat\u0103 \u0219i conformit\u0103\u021bii cu standardele interna\u021bionale de calitate, depozitul nostru frigorific reprezint\u0103 una dintre verigile esen\u021biale ale lan\u021bului nostru de aprovizionare.<\/p>\n","protected":false},"excerpt":{"rendered":"<p>Depozitul frigorific Altun, construit \u00een 2013 \u00een conformitate cu standardele Uniunii &#8230; <\/p>\n","protected":false},"author":2,"featured_media":793,"parent":785,"menu_order":0,"comment_status":"closed","ping_status":"closed","template":"","meta":{"footnotes":""},"class_list":["post-792","page","type-page","status-publish","has-post-thumbnail","hentry"],"_links":{"self":[{"href":"https:\/\/altungida.com\/ro\/wp-json\/wp\/v2\/pages\/792","targetHints":{"allow":["GET"]}}],"collection":[{"href":"https:\/\/altungida.com\/ro\/wp-json\/wp\/v2\/pages"}],"about":[{"href":"https:\/\/altungida.com\/ro\/wp-json\/wp\/v2\/types\/page"}],"author":[{"embeddable":true,"href":"https:\/\/altungida.com\/ro\/wp-json\/wp\/v2\/users\/2"}],"replies":[{"embeddable":true,"href":"https:\/\/altungida.com\/ro\/wp-json\/wp\/v2\/comments?post=792"}],"version-history":[{"count":0,"href":"https:\/\/altungida.com\/ro\/wp-json\/wp\/v2\/pages\/792\/revisions"}],"up":[{"embeddable":true,"href":"https:\/\/altungida.com\/ro\/wp-json\/wp\/v2\/pages\/785"}],"wp:featuredmedia":[{"embeddable":true,"href":"https:\/\/altungida.com\/ro\/wp-json\/wp\/v2\/media\/793"}],"wp:attachment":[{"href":"https:\/\/altungida.com\/ro\/wp-json\/wp\/v2\/media?parent=792"}],"curies":[{"name":"wp","href":"https:\/\/api.w.org\/{rel}","templated":true}]}}