{"id":796,"date":"2025-10-24T08:56:41","date_gmt":"2025-10-24T05:56:41","guid":{"rendered":"https:\/\/altungida.com\/facilitati-si-gradini\/facilitati\/romanya\/"},"modified":"2025-11-11T05:19:03","modified_gmt":"2025-11-11T02:19:03","slug":"romania","status":"publish","type":"page","link":"https:\/\/altungida.com\/ro\/facilitati-si-gradini\/facilitati\/romania\/","title":{"rendered":"Rom\u00e2nia"},"content":{"rendered":"<p>Func\u021bion\u00e2nd ca centru de aprovizionare \u00een Bucure\u0219ti, SC Unifrutti se \u00eentinde pe o suprafa\u021b\u0103 de 60.000 m\u00b2, dintre care 12.000 m\u00b2 sunt spa\u021bii acoperite. Depozitul frigorific de 4.500 m\u00b2 \u0219i cele 16 camere de maturare a bananelor ne permit s\u0103 p\u0103str\u0103m produsele proaspete \u0219i s\u0103 le prelungim durata de valabilitate. Prin liniile noastre de microambalare, oferim produse personalizate pentru lan\u021burile de supermarketuri. Datorit\u0103 pozi\u021biei sale geografice strategice \u0219i statutului de partener pentru principalele lan\u021buri interna\u021bionale de retail, unitatea noastr\u0103 din Rom\u00e2nia serve\u0219te drept centru al re\u021belei logistice europene. De aici, livr\u0103m produsele noastre direct c\u0103tre \u021b\u0103rile Uniunii Europene.<\/p>\n","protected":false},"excerpt":{"rendered":"<p>Func\u021bion\u00e2nd ca centru de aprovizionare \u00een Bucure\u0219ti, SC Unifrutti se \u00eentinde &#8230; <\/p>\n","protected":false},"author":2,"featured_media":797,"parent":785,"menu_order":0,"comment_status":"closed","ping_status":"closed","template":"","meta":{"footnotes":""},"class_list":["post-796","page","type-page","status-publish","has-post-thumbnail","hentry"],"_links":{"self":[{"href":"https:\/\/altungida.com\/ro\/wp-json\/wp\/v2\/pages\/796","targetHints":{"allow":["GET"]}}],"collection":[{"href":"https:\/\/altungida.com\/ro\/wp-json\/wp\/v2\/pages"}],"about":[{"href":"https:\/\/altungida.com\/ro\/wp-json\/wp\/v2\/types\/page"}],"author":[{"embeddable":true,"href":"https:\/\/altungida.com\/ro\/wp-json\/wp\/v2\/users\/2"}],"replies":[{"embeddable":true,"href":"https:\/\/altungida.com\/ro\/wp-json\/wp\/v2\/comments?post=796"}],"version-history":[{"count":0,"href":"https:\/\/altungida.com\/ro\/wp-json\/wp\/v2\/pages\/796\/revisions"}],"up":[{"embeddable":true,"href":"https:\/\/altungida.com\/ro\/wp-json\/wp\/v2\/pages\/785"}],"wp:featuredmedia":[{"embeddable":true,"href":"https:\/\/altungida.com\/ro\/wp-json\/wp\/v2\/media\/797"}],"wp:attachment":[{"href":"https:\/\/altungida.com\/ro\/wp-json\/wp\/v2\/media?parent=796"}],"curies":[{"name":"wp","href":"https:\/\/api.w.org\/{rel}","templated":true}]}}