{"id":942,"date":"2025-11-05T10:44:44","date_gmt":"2025-11-05T07:44:44","guid":{"rendered":"https:\/\/altungida.com\/surdurulebilir-ve-akilli-tarim\/"},"modified":"2025-11-12T01:06:30","modified_gmt":"2025-11-11T22:06:30","slug":"agricultura-durabila-si-inteligenta","status":"publish","type":"page","link":"https:\/\/altungida.com\/ro\/agricultura-durabila-si-inteligenta\/","title":{"rendered":"Agricultur\u0103 durabil\u0103 \u0219i Inteligent\u0103"},"content":{"rendered":"\t\t<div data-elementor-type=\"wp-page\" data-elementor-id=\"942\" class=\"elementor elementor-942 elementor-412\" data-elementor-post-type=\"page\">\n\t\t\t\t<div class=\"elementor-element elementor-element-7160f29 codevz-con-stretch-yes e-flex e-con-boxed e-con e-parent\" data-id=\"7160f29\" data-element_type=\"container\" data-settings=\"{&quot;background_background&quot;:&quot;classic&quot;}\">\n\t\t\t\t\t<div class=\"e-con-inner\">\n\t\t<div class=\"elementor-element elementor-element-cbf1bc0 e-con-full e-flex e-con e-child\" data-id=\"cbf1bc0\" data-element_type=\"container\">\n\t\t<div class=\"elementor-element elementor-element-9e0b286 e-con-full e-flex e-con e-child\" data-id=\"9e0b286\" data-element_type=\"container\">\n\t\t\t\t<div class=\"elementor-element elementor-element-d6eb2f2 elementor-widget elementor-widget-cz_service_box\" data-id=\"d6eb2f2\" data-element_type=\"widget\" data-widget_type=\"cz_service_box.default\">\n\t\t\t\t<div class=\"elementor-widget-container\">\n\t\t\t\t\t<div class=\"services clr style11 cz_sbi_fx_9a services_b\"><div class=\"service_img\"><img fetchpriority=\"high\" decoding=\"async\" width=\"600\" height=\"400\" src=\"https:\/\/altungida.com\/wp-content\/uploads\/2025\/10\/yapay-zeka.jpg\" class=\"attachment-large size-large wp-image-275\" alt=\"\" srcset=\"https:\/\/altungida.com\/wp-content\/uploads\/2025\/10\/yapay-zeka.jpg 600w, https:\/\/altungida.com\/wp-content\/uploads\/2025\/10\/yapay-zeka-300x200.jpg 300w\" sizes=\"(max-width: 600px) 100vw, 600px\" \/><\/div><div class=\"service_text\"><div class=\"cz_wpe_content\"><h4><span style=\"color: #;\">Inteligen\u021b\u0103 artificial\u0103<\/span><\/h4><\/div><a href=\"\/ro\/surdurulebilir-ve-akilli-tarim\/yapay-zeka\/\" class=\"cz_btn cz_btn_icon_after xtra-service-btn-center\"><i class=\"fas fa-arrow-up\"><\/i><\/a><\/div><\/div>\t\t\t\t<\/div>\n\t\t\t\t<\/div>\n\t\t\t\t<\/div>\n\t\t<div class=\"elementor-element elementor-element-6a2e479 e-con-full e-flex e-con e-child\" data-id=\"6a2e479\" data-element_type=\"container\">\n\t\t\t\t<div class=\"elementor-element elementor-element-4833f9a elementor-widget elementor-widget-cz_service_box\" data-id=\"4833f9a\" data-element_type=\"widget\" data-widget_type=\"cz_service_box.default\">\n\t\t\t\t<div class=\"elementor-widget-container\">\n\t\t\t\t\t<div class=\"services clr style11 cz_sbi_fx_9a services_b\"><div class=\"service_img\"><img decoding=\"async\" width=\"600\" height=\"400\" src=\"https:\/\/altungida.com\/wp-content\/uploads\/2025\/10\/su-tasarrufu.jpg\" class=\"attachment-large size-large wp-image-273\" alt=\"\" srcset=\"https:\/\/altungida.com\/wp-content\/uploads\/2025\/10\/su-tasarrufu.jpg 600w, https:\/\/altungida.com\/wp-content\/uploads\/2025\/10\/su-tasarrufu-300x200.jpg 300w\" sizes=\"(max-width: 600px) 100vw, 600px\" \/><\/div><div class=\"service_text\"><div class=\"cz_wpe_content\"><h4><span style=\"color: #;\">Economisirea apei<\/span><\/h4><\/div><a href=\"\/ro\/surdurulebilir-ve-akilli-tarim\/su-tasarrufu\/\" class=\"cz_btn cz_btn_icon_after xtra-service-btn-center\"><i class=\"fas fa-arrow-up\"><\/i><\/a><\/div><\/div>\t\t\t\t<\/div>\n\t\t\t\t<\/div>\n\t\t\t\t<\/div>\n\t\t<div class=\"elementor-element elementor-element-cfbb8b9 e-con-full e-flex e-con e-child\" data-id=\"cfbb8b9\" data-element_type=\"container\">\n\t\t\t\t<div class=\"elementor-element elementor-element-beb34a4 elementor-widget elementor-widget-cz_service_box\" data-id=\"beb34a4\" data-element_type=\"widget\" data-widget_type=\"cz_service_box.default\">\n\t\t\t\t<div class=\"elementor-widget-container\">\n\t\t\t\t\t<div class=\"services clr style11 cz_sbi_fx_9a services_b\"><div class=\"service_img\"><img decoding=\"async\" width=\"600\" height=\"400\" src=\"https:\/\/altungida.com\/wp-content\/uploads\/2025\/10\/yenilenebilir-enerji_1.jpg\" class=\"attachment-large size-large wp-image-276\" alt=\"\" srcset=\"https:\/\/altungida.com\/wp-content\/uploads\/2025\/10\/yenilenebilir-enerji_1.jpg 600w, https:\/\/altungida.com\/wp-content\/uploads\/2025\/10\/yenilenebilir-enerji_1-300x200.jpg 300w\" sizes=\"(max-width: 600px) 100vw, 600px\" \/><\/div><div class=\"service_text\"><div class=\"cz_wpe_content\"><h4><span style=\"color: #;\">Energie regenerabil\u0103<\/span><\/h4><\/div><a href=\"\/ro\/surdurulebilir-ve-akilli-tarim\/yenilenebilir-enerji\/\" class=\"cz_btn cz_btn_icon_after xtra-service-btn-center\"><i class=\"fas fa-arrow-up\"><\/i><\/a><\/div><\/div>\t\t\t\t<\/div>\n\t\t\t\t<\/div>\n\t\t\t\t<\/div>\n\t\t\t\t<\/div>\n\t\t<div class=\"elementor-element elementor-element-160ea26 e-con-full e-flex e-con e-child\" data-id=\"160ea26\" data-element_type=\"container\">\n\t\t<div class=\"elementor-element elementor-element-03a7d3d e-con-full e-flex e-con e-child\" data-id=\"03a7d3d\" data-element_type=\"container\">\n\t\t\t\t<div class=\"elementor-element elementor-element-674ecbd elementor-widget elementor-widget-cz_service_box\" data-id=\"674ecbd\" data-element_type=\"widget\" data-widget_type=\"cz_service_box.default\">\n\t\t\t\t<div class=\"elementor-widget-container\">\n\t\t\t\t\t<div class=\"services clr style11 cz_sbi_fx_9a services_b\"><div class=\"service_img\"><img loading=\"lazy\" decoding=\"async\" width=\"600\" height=\"400\" src=\"https:\/\/altungida.com\/wp-content\/uploads\/2025\/10\/akilli-makineler_2.jpg\" class=\"attachment-large size-large wp-image-272\" alt=\"\" srcset=\"https:\/\/altungida.com\/wp-content\/uploads\/2025\/10\/akilli-makineler_2.jpg 600w, https:\/\/altungida.com\/wp-content\/uploads\/2025\/10\/akilli-makineler_2-300x200.jpg 300w\" sizes=\"(max-width: 600px) 100vw, 600px\" \/><\/div><div class=\"service_text\"><div class=\"cz_wpe_content\"><h4><span style=\"color: #;\">Ma\u0219ini inteligente<\/span><\/h4><\/div><a href=\"\/ro\/surdurulebilir-ve-akilli-tarim\/akilli-makineler\/\" class=\"cz_btn cz_btn_icon_after xtra-service-btn-center\"><i class=\"fas fa-arrow-up\"><\/i><\/a><\/div><\/div>\t\t\t\t<\/div>\n\t\t\t\t<\/div>\n\t\t\t\t<\/div>\n\t\t<div class=\"elementor-element elementor-element-7cbc8f8 e-con-full e-flex e-con e-child\" data-id=\"7cbc8f8\" data-element_type=\"container\">\n\t\t\t\t<div class=\"elementor-element elementor-element-e3690f4 elementor-widget elementor-widget-cz_service_box\" data-id=\"e3690f4\" data-element_type=\"widget\" data-widget_type=\"cz_service_box.default\">\n\t\t\t\t<div class=\"elementor-widget-container\">\n\t\t\t\t\t<div class=\"services clr style11 cz_sbi_fx_9a services_b\"><div class=\"service_img\"><img loading=\"lazy\" decoding=\"async\" width=\"1024\" height=\"560\" src=\"https:\/\/altungida.com\/wp-content\/uploads\/2025\/10\/Slider-2-1024x560.jpg\" class=\"attachment-large size-large wp-image-260\" alt=\"\" srcset=\"https:\/\/altungida.com\/wp-content\/uploads\/2025\/10\/Slider-2-1024x560.jpg 1024w, https:\/\/altungida.com\/wp-content\/uploads\/2025\/10\/Slider-2-300x164.jpg 300w, https:\/\/altungida.com\/wp-content\/uploads\/2025\/10\/Slider-2-768x420.jpg 768w, https:\/\/altungida.com\/wp-content\/uploads\/2025\/10\/Slider-2-600x328.jpg 600w, https:\/\/altungida.com\/wp-content\/uploads\/2025\/10\/Slider-2-1000x547.jpg 1000w, https:\/\/altungida.com\/wp-content\/uploads\/2025\/10\/Slider-2.jpg 1167w\" sizes=\"(max-width: 1024px) 100vw, 1024px\" \/><\/div><div class=\"service_text\"><div class=\"cz_wpe_content\"><h4><span style=\"color: #;\">Agricultur\u0103 f\u0103r\u0103 sol<\/span><\/h4><\/div><a href=\"\/ro\/surdurulebilir-ve-akilli-tarim\/topraksiz-tarim\/\" class=\"cz_btn cz_btn_icon_after xtra-service-btn-center\"><i class=\"fas fa-arrow-up\"><\/i><\/a><\/div><\/div>\t\t\t\t<\/div>\n\t\t\t\t<\/div>\n\t\t\t\t<\/div>\n\t\t<div class=\"elementor-element elementor-element-524f427 e-con-full e-flex e-con e-child\" data-id=\"524f427\" data-element_type=\"container\">\n\t\t\t\t<\/div>\n\t\t\t\t<\/div>\n\t\t\t\t\t<\/div>\n\t\t\t\t<\/div>\n\t\t\t\t<\/div>\n\t\t","protected":false},"excerpt":{"rendered":"<p>Inteligen\u021b\u0103 artificial\u0103 Economisirea apei Energie regenerabil\u0103 Ma\u0219ini inteligente Agricultur\u0103 f\u0103r\u0103 sol &#8230; <\/p>\n","protected":false},"author":1,"featured_media":0,"parent":0,"menu_order":0,"comment_status":"closed","ping_status":"closed","template":"","meta":{"footnotes":""},"class_list":["post-942","page","type-page","status-publish","hentry"],"_links":{"self":[{"href":"https:\/\/altungida.com\/ro\/wp-json\/wp\/v2\/pages\/942","targetHints":{"allow":["GET"]}}],"collection":[{"href":"https:\/\/altungida.com\/ro\/wp-json\/wp\/v2\/pages"}],"about":[{"href":"https:\/\/altungida.com\/ro\/wp-json\/wp\/v2\/types\/page"}],"author":[{"embeddable":true,"href":"https:\/\/altungida.com\/ro\/wp-json\/wp\/v2\/users\/1"}],"replies":[{"embeddable":true,"href":"https:\/\/altungida.com\/ro\/wp-json\/wp\/v2\/comments?post=942"}],"version-history":[{"count":0,"href":"https:\/\/altungida.com\/ro\/wp-json\/wp\/v2\/pages\/942\/revisions"}],"wp:attachment":[{"href":"https:\/\/altungida.com\/ro\/wp-json\/wp\/v2\/media?parent=942"}],"curies":[{"name":"wp","href":"https:\/\/api.w.org\/{rel}","templated":true}]}}