{"id":943,"date":"2025-10-24T08:58:27","date_gmt":"2025-10-24T05:58:27","guid":{"rendered":"https:\/\/altungida.com\/facilitati-si-gradini\/gradini\/adana-bahceler\/"},"modified":"2025-11-12T01:02:31","modified_gmt":"2025-11-11T22:02:31","slug":"gradinile-adana","status":"publish","type":"page","link":"https:\/\/altungida.com\/ro\/facilitati-si-gradini\/gradini\/gradinile-adana\/","title":{"rendered":"Gr\u0103dinile Adana"},"content":{"rendered":"<p>Regiunea aceasta, caracterizat\u0103 prin solurile sale fertile \u0219i structura sa parcelar\u0103 extins\u0103, este una dintre zonele noastre cu cel mai mare volum de produc\u021bie. Prin modelul de produc\u021bie contractual\u0103 aplicat aici, asigur\u0103m continuitatea recoltelor pe tot parcursul anului \u0219i contribuim totodat\u0103 la dezvoltarea regional\u0103.<\/p>\n<p>Suprafe\u021bele cultivate din Adana sunt dispuse sub form\u0103 de parcele dispersate, mai degrab\u0103 dec\u00e2t \u00een blocuri compacte, \u0219i func\u021bioneaz\u0103 integrat \u00eempreun\u0103 cu depozitele \u0219i birourile care sus\u021bin procesul de produc\u021bie. \u00cen total, \u00een gr\u0103dinile situate \u00een Adana \u0219i Hatay, care se \u00eentind pe o suprafa\u021b\u0103 de 3.300 de decare, se desf\u0103\u0219oar\u0103 activit\u0103\u021bi agricole productive.<\/p>\n","protected":false},"excerpt":{"rendered":"<p>Regiunea aceasta, caracterizat\u0103 prin solurile sale fertile \u0219i structura sa parcelar\u0103 &#8230; <\/p>\n","protected":false},"author":2,"featured_media":944,"parent":786,"menu_order":0,"comment_status":"closed","ping_status":"closed","template":"","meta":{"footnotes":""},"class_list":["post-943","page","type-page","status-publish","has-post-thumbnail","hentry"],"_links":{"self":[{"href":"https:\/\/altungida.com\/ro\/wp-json\/wp\/v2\/pages\/943","targetHints":{"allow":["GET"]}}],"collection":[{"href":"https:\/\/altungida.com\/ro\/wp-json\/wp\/v2\/pages"}],"about":[{"href":"https:\/\/altungida.com\/ro\/wp-json\/wp\/v2\/types\/page"}],"author":[{"embeddable":true,"href":"https:\/\/altungida.com\/ro\/wp-json\/wp\/v2\/users\/2"}],"replies":[{"embeddable":true,"href":"https:\/\/altungida.com\/ro\/wp-json\/wp\/v2\/comments?post=943"}],"version-history":[{"count":0,"href":"https:\/\/altungida.com\/ro\/wp-json\/wp\/v2\/pages\/943\/revisions"}],"up":[{"embeddable":true,"href":"https:\/\/altungida.com\/ro\/wp-json\/wp\/v2\/pages\/786"}],"wp:featuredmedia":[{"embeddable":true,"href":"https:\/\/altungida.com\/ro\/wp-json\/wp\/v2\/media\/944"}],"wp:attachment":[{"href":"https:\/\/altungida.com\/ro\/wp-json\/wp\/v2\/media?parent=943"}],"curies":[{"name":"wp","href":"https:\/\/api.w.org\/{rel}","templated":true}]}}