{"id":945,"date":"2025-10-24T08:58:26","date_gmt":"2025-10-24T05:58:26","guid":{"rendered":"https:\/\/altungida.com\/facilitati-si-gradini\/gradini\/hatay-bahceler\/"},"modified":"2025-11-12T01:02:48","modified_gmt":"2025-11-11T22:02:48","slug":"gradinile-hatay","status":"publish","type":"page","link":"https:\/\/altungida.com\/ro\/facilitati-si-gradini\/gradini\/gradinile-hatay\/","title":{"rendered":"Gr\u0103dinile Hatay"},"content":{"rendered":"<p>Aceast\u0103 zon\u0103, care reprezint\u0103 o parte important\u0103 a lan\u021bului nostru de produc\u021bie, este alc\u0103tuit\u0103 din trei gr\u0103dini diferite. \u00cen perimetrul situat \u00een districtul D\u00f6rtyol din provincia Hatay se afl\u0103 \u0219i cl\u0103direa noastr\u0103 administrativ\u0103, precum \u0219i unitatea integrat\u0103 de ambalare.<\/p>\n<p>Datorit\u0103 infrastructurii noastre conforme cu standardele Uniunii Europene, gestion\u0103m \u00eentregul proces de produc\u021bie \u2013 de la c\u00e2mp p\u00e2n\u0103 la raft \u2013 \u00eentr-un mod complet transparent \u0219i controlabil. \u00cen aceast\u0103 regiune, aplic\u0103m cu rigurozitate politica noastr\u0103 de toleran\u021b\u0103 zero fa\u021b\u0103 de reziduurile de pesticide. \u00cen total, \u00een gr\u0103dinile din Adana \u0219i Hatay, care se \u00eentind pe o suprafa\u021b\u0103 de 3.300 de decare, se desf\u0103\u0219oar\u0103 o produc\u021bie activ\u0103.<\/p>\n","protected":false},"excerpt":{"rendered":"<p>Aceast\u0103 zon\u0103, care reprezint\u0103 o parte important\u0103 a lan\u021bului nostru de &#8230; <\/p>\n","protected":false},"author":2,"featured_media":947,"parent":786,"menu_order":0,"comment_status":"closed","ping_status":"closed","template":"","meta":{"footnotes":""},"class_list":["post-945","page","type-page","status-publish","has-post-thumbnail","hentry"],"_links":{"self":[{"href":"https:\/\/altungida.com\/ro\/wp-json\/wp\/v2\/pages\/945","targetHints":{"allow":["GET"]}}],"collection":[{"href":"https:\/\/altungida.com\/ro\/wp-json\/wp\/v2\/pages"}],"about":[{"href":"https:\/\/altungida.com\/ro\/wp-json\/wp\/v2\/types\/page"}],"author":[{"embeddable":true,"href":"https:\/\/altungida.com\/ro\/wp-json\/wp\/v2\/users\/2"}],"replies":[{"embeddable":true,"href":"https:\/\/altungida.com\/ro\/wp-json\/wp\/v2\/comments?post=945"}],"version-history":[{"count":0,"href":"https:\/\/altungida.com\/ro\/wp-json\/wp\/v2\/pages\/945\/revisions"}],"up":[{"embeddable":true,"href":"https:\/\/altungida.com\/ro\/wp-json\/wp\/v2\/pages\/786"}],"wp:featuredmedia":[{"embeddable":true,"href":"https:\/\/altungida.com\/ro\/wp-json\/wp\/v2\/media\/947"}],"wp:attachment":[{"href":"https:\/\/altungida.com\/ro\/wp-json\/wp\/v2\/media?parent=945"}],"curies":[{"name":"wp","href":"https:\/\/api.w.org\/{rel}","templated":true}]}}