{"id":1472,"date":"2025-10-21T02:16:05","date_gmt":"2025-10-20T23:16:05","guid":{"rendered":"https:\/\/altungida.com\/hakkimizda\/"},"modified":"2025-11-25T14:27:11","modified_gmt":"2025-11-25T11:27:11","slug":"%d0%be-%d0%bd%d0%b0%d1%81","status":"publish","type":"page","link":"https:\/\/altungida.com\/ru\/%d0%be-%d0%bd%d0%b0%d1%81\/","title":{"rendered":"\u041e \u043d\u0430\u0441"},"content":{"rendered":"\t\t<div data-elementor-type=\"wp-page\" data-elementor-id=\"1472\" class=\"elementor elementor-1472 elementor-10\" data-elementor-post-type=\"page\">\n\t\t\t\t<div class=\"elementor-element elementor-element-444b0b5 e-flex e-con-boxed e-con e-parent\" data-id=\"444b0b5\" data-element_type=\"container\">\n\t\t\t\t\t<div class=\"e-con-inner\">\n\t\t<div class=\"elementor-element elementor-element-5a123ab e-con-full column-xtra-sticky e-flex e-con e-child\" data-id=\"5a123ab\" data-element_type=\"container\">\n\t\t\t\t<div class=\"elementor-element elementor-element-81149e8 elementor-widget elementor-widget-image\" data-id=\"81149e8\" data-element_type=\"widget\" data-widget_type=\"image.default\">\n\t\t\t\t\t\t\t\t\t\t\t\t\t\t\t<img fetchpriority=\"high\" decoding=\"async\" width=\"1024\" height=\"654\" src=\"https:\/\/altungida.com\/wp-content\/uploads\/2025\/10\/hakkimizda_2-1024x654.jpg\" class=\"attachment-large size-large wp-image-1473\" alt=\"\" srcset=\"https:\/\/altungida.com\/wp-content\/uploads\/2025\/10\/hakkimizda_2-1024x654.jpg 1024w, https:\/\/altungida.com\/wp-content\/uploads\/2025\/10\/hakkimizda_2-300x192.jpg 300w, https:\/\/altungida.com\/wp-content\/uploads\/2025\/10\/hakkimizda_2-768x490.jpg 768w, https:\/\/altungida.com\/wp-content\/uploads\/2025\/10\/hakkimizda_2-600x383.jpg 600w, https:\/\/altungida.com\/wp-content\/uploads\/2025\/10\/hakkimizda_2-1000x638.jpg 1000w, https:\/\/altungida.com\/wp-content\/uploads\/2025\/10\/hakkimizda_2.jpg 1200w\" sizes=\"(max-width: 1024px) 100vw, 1024px\" \/>\t\t\t\t\t\t\t\t\t\t\t\t\t\t\t<\/div>\n\t\t\t\t<\/div>\n\t\t<div class=\"elementor-element elementor-element-e9f0ae1 e-con-full e-flex e-con e-child\" data-id=\"e9f0ae1\" data-element_type=\"container\">\n\t\t\t\t<div class=\"elementor-element elementor-element-e8fc86e elementor-widget elementor-widget-text-editor\" data-id=\"e8fc86e\" data-element_type=\"widget\" data-widget_type=\"text-editor.default\">\n\t\t\t\t\t\t\t\t\t<p>\u041a\u043e\u043c\u043f\u0430\u043d\u0438\u044f Altun G\u0131da, \u043e\u0441\u043d\u043e\u0432\u0430\u043d\u043d\u0430\u044f \u0432 1981 \u0433\u043e\u0434\u0443 \u0432 \u0440\u0430\u0439\u043e\u043d\u0435 \u0418\u0441\u043a\u0435\u043d\u0434\u0435\u0440\u0443\u043d \u0433\u043e\u0440\u043e\u0434\u0430 \u0425\u0430\u0442\u0430\u0439, \u044f\u0432\u043b\u044f\u0435\u0442\u0441\u044f \u043e\u0434\u043d\u043e\u0439 \u0438\u0437 \u0432\u0435\u0434\u0443\u0449\u0438\u0445 \u0442\u0443\u0440\u0435\u0446\u043a\u0438\u0445 \u043a\u043e\u043c\u043f\u0430\u043d\u0438\u0439 \u043f\u043e \u044d\u043a\u0441\u043f\u043e\u0440\u0442\u0443 \u0441\u0432\u0435\u0436\u0438\u0445 \u0444\u0440\u0443\u043a\u0442\u043e\u0432, \u043e\u0432\u043e\u0449\u0435\u0439 \u0438 \u043f\u0440\u043e\u0434\u0443\u043a\u0442\u043e\u0432 \u043f\u0438\u0442\u0430\u043d\u0438\u044f. \u0411\u043b\u0430\u0433\u043e\u0434\u0430\u0440\u044f \u0441\u0435\u043c\u0435\u0439\u043d\u044b\u043c \u0446\u0435\u043d\u043d\u043e\u0441\u0442\u044f\u043c \u0438 \u0438\u043d\u043d\u043e\u0432\u0430\u0446\u0438\u043e\u043d\u043d\u043e\u043c\u0443 \u0432\u0438\u0434\u0435\u043d\u0438\u044e, \u043c\u044b \u0437\u0430\u043d\u044f\u043b\u0438 \u043f\u0440\u043e\u0447\u043d\u044b\u0435 \u043f\u043e\u0437\u0438\u0446\u0438\u0438 \u043d\u0430 \u043c\u0438\u0440\u043e\u0432\u043e\u043c \u0440\u044b\u043d\u043a\u0435, \u043e\u0441\u0443\u0449\u0435\u0441\u0442\u0432\u043b\u044f\u044f \u0431\u0435\u0437\u043e\u043f\u0430\u0441\u043d\u0443\u044e \u043f\u043e\u0441\u0442\u0430\u0432\u043a\u0443 \u043d\u0430\u0448\u0435\u0439 \u043f\u0440\u043e\u0434\u0443\u043a\u0446\u0438\u0438, \u043f\u043e\u043b\u043d\u043e\u0441\u0442\u044c\u044e \u0441\u0435\u0440\u0442\u0438\u0444\u0438\u0446\u0438\u0440\u043e\u0432\u0430\u043d\u043d\u043e\u0439 \u043f\u043e \u0441\u0442\u0430\u043d\u0434\u0430\u0440\u0442\u0443 GlobalGAP, \u0432 \u0432\u0435\u0434\u0443\u0449\u0438\u0435 \u043c\u0438\u0440\u043e\u0432\u044b\u0435 \u0442\u043e\u0440\u0433\u043e\u0432\u044b\u0435 \u0441\u0435\u0442\u0438 \u0415\u0432\u0440\u043e\u043f\u044b, \u0421\u0435\u0432\u0435\u0440\u043d\u043e\u0439 \u0410\u043c\u0435\u0440\u0438\u043a\u0438, \u0411\u043b\u0438\u0436\u043d\u0435\u0433\u043e \u0412\u043e\u0441\u0442\u043e\u043a\u0430, \u0414\u0430\u043b\u044c\u043d\u0435\u0433\u043e \u0412\u043e\u0441\u0442\u043e\u043a\u0430 \u0438 \u0410\u0444\u0440\u0438\u043a\u0438.<\/p><p>\u041c\u044b \u043f\u0440\u043e\u0438\u0437\u0432\u043e\u0434\u0438\u043c \u043f\u0440\u043e\u0434\u0443\u043a\u0446\u0438\u044e \u0432 \u0441\u043e\u043e\u0442\u0432\u0435\u0442\u0441\u0442\u0432\u0438\u0438 \u0441 \u0432\u044b\u0441\u043e\u043a\u0438\u043c\u0438 \u0441\u0442\u0430\u043d\u0434\u0430\u0440\u0442\u0430\u043c\u0438 \u043a\u0430\u0447\u0435\u0441\u0442\u0432\u0430, \u0438\u0441\u043f\u043e\u043b\u044c\u0437\u0443\u044f \u0441\u043e\u0432\u0440\u0435\u043c\u0435\u043d\u043d\u044b\u0435 \u0441\u0435\u043b\u044c\u0441\u043a\u043e\u0445\u043e\u0437\u044f\u0439\u0441\u0442\u0432\u0435\u043d\u043d\u044b\u0435 \u0442\u0435\u0445\u043d\u043e\u043b\u043e\u0433\u0438\u0438, \u043d\u0430 \u043d\u0430\u0448\u0435\u0439 \u043f\u0440\u043e\u0438\u0437\u0432\u043e\u0434\u0441\u0442\u0432\u0435\u043d\u043d\u043e\u0439 \u0442\u0435\u0440\u0440\u0438\u0442\u043e\u0440\u0438\u0438 \u043f\u043b\u043e\u0449\u0430\u0434\u044c\u044e 3400 \u0430\u043a\u0440\u043e\u0432, \u0442\u0449\u0430\u0442\u0435\u043b\u044c\u043d\u043e \u043a\u043e\u043d\u0442\u0440\u043e\u043b\u0438\u0440\u0443\u044f \u043a\u0430\u0436\u0434\u044b\u0439 \u044d\u0442\u0430\u043f \u043f\u0443\u0442\u0438 \u043e\u0442 \u0444\u0435\u0440\u043c\u044b \u0434\u043e \u0441\u0442\u043e\u043b\u0430.<\/p><p>\u041f\u043e\u043c\u0438\u043c\u043e \u043d\u0430\u0448\u0438\u0445 \u043f\u0440\u043e\u0438\u0437\u0432\u043e\u0434\u0441\u0442\u0432\u0435\u043d\u043d\u044b\u0445 \u043f\u043b\u043e\u0449\u0430\u0434\u043e\u043a \u0438 \u043a\u043e\u043d\u0442\u0440\u0430\u043a\u0442\u043d\u044b\u0445 \u043f\u043e\u0441\u0442\u0430\u0432\u0449\u0438\u043a\u043e\u0432 \u0432 \u0422\u0443\u0440\u0446\u0438\u0438, \u043c\u044b \u043e\u0431\u0435\u0441\u043f\u0435\u0447\u0438\u0432\u0430\u0435\u043c \u0431\u0435\u0441\u043f\u0435\u0440\u0435\u0431\u043e\u0439\u043d\u044b\u0435 \u043f\u043e\u0441\u0442\u0430\u0432\u043a\u0438 \u043f\u0440\u043e\u0434\u0443\u043a\u0446\u0438\u0438 \u0432 \u0415\u0432\u0440\u043e\u043f\u0443 \u0447\u0435\u0440\u0435\u0437 \u043d\u0430\u0448\u0443 \u0434\u043e\u0447\u0435\u0440\u043d\u044e\u044e \u043a\u043e\u043c\u043f\u0430\u043d\u0438\u044e SC Unifrutti, \u043a\u043e\u0442\u043e\u0440\u0430\u044f \u044f\u0432\u043b\u044f\u0435\u0442\u0441\u044f \u0446\u0435\u043d\u0442\u0440\u043e\u043c \u043f\u043e\u0441\u0442\u0430\u0432\u043e\u043a \u0432 \u0420\u0443\u043c\u044b\u043d\u0438\u0438. \u0411\u043b\u0430\u0433\u043e\u0434\u0430\u0440\u044f \u043d\u0430\u0448\u0435\u0439 \u0441\u0442\u0440\u0430\u0442\u0435\u0433\u0438\u0447\u0435\u0441\u043a\u043e\u0439 \u0441\u0435\u0442\u0438 \u043f\u043e\u0441\u0442\u0430\u0432\u043e\u043a \u0432 \u0410\u0444\u0440\u0438\u043a\u0435, \u0410\u0437\u0438\u0438 \u0438 \u042e\u0436\u043d\u043e\u0439 \u0410\u043c\u0435\u0440\u0438\u043a\u0435 \u043c\u044b \u0443\u0434\u043e\u0432\u043b\u0435\u0442\u0432\u043e\u0440\u044f\u0435\u043c \u043f\u043e\u0442\u0440\u0435\u0431\u043d\u043e\u0441\u0442\u0438 \u043d\u0430\u0448\u0438\u0445 \u043a\u043b\u0438\u0435\u043d\u0442\u043e\u0432, \u043f\u0440\u0435\u0434\u043e\u0441\u0442\u0430\u0432\u043b\u044f\u044f \u0441\u0432\u0435\u0436\u0438\u0435 \u043f\u0440\u043e\u0434\u0443\u043a\u0442\u044b \u043f\u0438\u0442\u0430\u043d\u0438\u044f \u0438 \u043f\u0440\u043e\u0434\u0443\u043a\u0442\u044b \u043f\u0438\u0442\u0430\u043d\u0438\u044f 12 \u043c\u0435\u0441\u044f\u0446\u0435\u0432 \u0432 \u0433\u043e\u0434\u0443.<\/p><p>\u0418\u043d\u0432\u0435\u0441\u0442\u0438\u0446\u0438\u0438 \u0432 \u0432\u044b\u0441\u043e\u043a\u043e\u0442\u0435\u0445\u043d\u043e\u043b\u043e\u0433\u0438\u0447\u043d\u0443\u044e \u0443\u043f\u0430\u043a\u043e\u0432\u043e\u0447\u043d\u0443\u044e \u043b\u0438\u043d\u0438\u044e \u043d\u0430 \u043d\u0430\u0448\u0435\u043c \u0437\u0430\u0432\u043e\u0434\u0435 \u0432 \u0425\u0430\u0442\u0430\u0435 \u0432 2024 \u0433\u043e\u0434\u0443 \u043f\u043e\u0437\u0432\u043e\u043b\u0438\u043b\u0438 \u043d\u0430\u043c \u0442\u0449\u0430\u0442\u0435\u043b\u044c\u043d\u043e \u043a\u043e\u043d\u0442\u0440\u043e\u043b\u0438\u0440\u043e\u0432\u0430\u0442\u044c \u043f\u0440\u043e\u0446\u0435\u0441\u0441 \u043a\u0430\u0447\u0435\u0441\u0442\u0432\u0430 \u0431\u043b\u0430\u0433\u043e\u0434\u0430\u0440\u044f 12-\u043b\u0438\u043d\u0435\u0439\u043d\u043e\u0439 \u0441\u0438\u0441\u0442\u0435\u043c\u0435 \u0441 108 \u043a\u0430\u043c\u0435\u0440\u0430\u043c\u0438 \u0438 \u0438\u0441\u043a\u0443\u0441\u0441\u0442\u0432\u0435\u043d\u043d\u044b\u043c \u0438\u043d\u0442\u0435\u043b\u043b\u0435\u043a\u0442\u043e\u043c. \u0420\u043e\u0431\u043e\u0442\u0438\u0437\u0438\u0440\u043e\u0432\u0430\u043d\u043d\u043e\u0435 \u043b\u0438\u0442\u044c\u0435, \u0438\u043d\u0444\u0440\u0430\u043a\u0440\u0430\u0441\u043d\u043e\u0435 \u0441\u043a\u0430\u043d\u0438\u0440\u043e\u0432\u0430\u043d\u0438\u0435 \u0438 \u0430\u0432\u0442\u043e\u043c\u0430\u0442\u0438\u0437\u0438\u0440\u043e\u0432\u0430\u043d\u043d\u044b\u0435 \u0443\u043f\u0430\u043a\u043e\u0432\u043e\u0447\u043d\u044b\u0435 \u0441\u0438\u0441\u0442\u0435\u043c\u044b \u043e\u0431\u0435\u0441\u043f\u0435\u0447\u0438\u0432\u0430\u044e\u0442 \u0443\u043f\u0430\u043a\u043e\u0432\u043a\u0443 \u043d\u0430\u0448\u0435\u0439 \u043f\u0440\u043e\u0434\u0443\u043a\u0446\u0438\u0438 \u0431\u0435\u0437 \u043a\u043e\u043d\u0442\u0430\u043a\u0442\u0430 \u0441 \u0447\u0435\u043b\u043e\u0432\u0435\u043a\u043e\u043c, \u0433\u0430\u0440\u0430\u043d\u0442\u0438\u0440\u0443\u044f \u043c\u0430\u043a\u0441\u0438\u043c\u0430\u043b\u044c\u043d\u0443\u044e \u0441\u0432\u0435\u0436\u0435\u0441\u0442\u044c \u0438 \u043a\u0430\u0447\u0435\u0441\u0442\u0432\u043e.<\/p><p>\u041c\u044b \u0441\u0442\u0430\u0432\u0438\u043c \u0443\u0441\u0442\u043e\u0439\u0447\u0438\u0432\u043e\u0435 \u0440\u0430\u0437\u0432\u0438\u0442\u0438\u0435 \u0432 \u043e\u0441\u043d\u043e\u0432\u0443 \u043d\u0430\u0448\u0435\u0439 \u0431\u0438\u0437\u043d\u0435\u0441-\u043c\u043e\u0434\u0435\u043b\u0438 \u0438 \u0438\u0441\u043f\u043e\u043b\u044c\u0437\u0443\u0435\u043c 100% \u0441\u043e\u043b\u043d\u0435\u0447\u043d\u0443\u044e \u044d\u043d\u0435\u0440\u0433\u0438\u044e (\u0421\u042d\u0421) \u043d\u0430 \u0432\u0441\u0435\u0445 \u043d\u0430\u0448\u0438\u0445 \u043f\u0440\u0435\u0434\u043f\u0440\u0438\u044f\u0442\u0438\u044f\u0445. \u0411\u043b\u0430\u0433\u043e\u0434\u0430\u0440\u044f \u043d\u0430\u0448\u0435\u0439 \u0438\u043d\u0444\u0440\u0430\u0441\u0442\u0440\u0443\u043a\u0442\u0443\u0440\u0435, \u0441\u043e\u043e\u0442\u0432\u0435\u0442\u0441\u0442\u0432\u0443\u044e\u0449\u0435\u0439 \u0441\u0442\u0430\u043d\u0434\u0430\u0440\u0442\u0430\u043c \u0415\u0432\u0440\u043e\u043f\u0435\u0439\u0441\u043a\u043e\u0433\u043e \u0421\u043e\u044e\u0437\u0430, \u0438 \u0438\u043d\u0432\u0435\u0441\u0442\u0438\u0446\u0438\u044f\u043c \u0432 \u0432\u043e\u0437\u043e\u0431\u043d\u043e\u0432\u043b\u044f\u0435\u043c\u044b\u0435 \u0438\u0441\u0442\u043e\u0447\u043d\u0438\u043a\u0438 \u044d\u043d\u0435\u0440\u0433\u0438\u0438, \u043c\u044b \u0435\u0436\u0435\u0434\u043d\u0435\u0432\u043d\u043e \u043f\u043e\u0432\u044b\u0448\u0430\u0435\u043c \u044d\u0442\u0443 \u043e\u0442\u0432\u0435\u0442\u0441\u0442\u0432\u0435\u043d\u043d\u043e\u0441\u0442\u044c.<\/p><p>\u0412 \u044d\u0442\u043e\u043c \u043a\u043e\u043d\u0442\u0435\u043a\u0441\u0442\u0435 \u043c\u044b \u043f\u0440\u043e\u0434\u043e\u043b\u0436\u0430\u0435\u043c \u043f\u0440\u0438\u0434\u0435\u0440\u0436\u0438\u0432\u0430\u0442\u044c\u0441\u044f \u043f\u0440\u0438\u043d\u0446\u0438\u043f\u043e\u0432 \u0443\u0441\u0442\u043e\u0439\u0447\u0438\u0432\u043e\u0433\u043e \u0440\u0430\u0437\u0432\u0438\u0442\u0438\u044f \u0438 \u043d\u0430\u0434\u043b\u0435\u0436\u0430\u0449\u0438\u0445 \u043c\u0435\u0442\u043e\u0434\u043e\u0432 \u0432\u0435\u0434\u0435\u043d\u0438\u044f \u0441\u0435\u043b\u044c\u0441\u043a\u043e\u0433\u043e \u0445\u043e\u0437\u044f\u0439\u0441\u0442\u0432\u0430, \u0440\u0430\u0431\u043e\u0442\u0430\u044f \u0432 \u043e\u0431\u043b\u0430\u0441\u0442\u0438 \u0432\u043e\u0437\u043e\u0431\u043d\u043e\u0432\u043b\u044f\u0435\u043c\u044b\u0445 \u0438\u0441\u0442\u043e\u0447\u043d\u0438\u043a\u043e\u0432 \u044d\u043d\u0435\u0440\u0433\u0438\u0438 \u0441 \u043d\u0430\u0448\u0438\u043c\u0438 \u0434\u043e\u0447\u0435\u0440\u043d\u0438\u043c\u0438 \u043a\u043e\u043c\u043f\u0430\u043d\u0438\u044f\u043c\u0438 Zada \u200b\u200bEnerji \u0438 \u0432 \u043e\u0431\u043b\u0430\u0441\u0442\u0438 \u0431\u0435\u0437\u043f\u043e\u0447\u0432\u0435\u043d\u043d\u043e\u0433\u043e \u0437\u0435\u043c\u043b\u0435\u0434\u0435\u043b\u0438\u044f \u0441 Karya Do\u011fal Tar\u0131m Serac\u0131l\u0131k.<\/p><p>\u042f\u0432\u043b\u044f\u044f\u0441\u044c \u043d\u0430\u0434\u0435\u0436\u043d\u044b\u043c \u043f\u043e\u0441\u0442\u0430\u0432\u0449\u0438\u043a\u043e\u043c \u043d\u0430 \u043c\u0438\u0440\u043e\u0432\u043e\u043c \u0440\u044b\u043d\u043a\u0435, \u043c\u044b \u0443\u0432\u0435\u0440\u0435\u043d\u043d\u043e \u043f\u0440\u043e\u0434\u0432\u0438\u0433\u0430\u0435\u043c\u0441\u044f \u0432\u043f\u0435\u0440\u0435\u0434, \u0440\u0435\u0430\u043b\u0438\u0437\u0443\u044f \u043d\u0430\u0448\u0443 \u0441\u0442\u0440\u0430\u0442\u0435\u0433\u0438\u044e \u0443\u0441\u0442\u043e\u0439\u0447\u0438\u0432\u043e\u0433\u043e \u0440\u043e\u0441\u0442\u0430.<\/p>\t\t\t\t\t\t\t\t<\/div>\n\t\t\t\t<\/div>\n\t\t\t\t\t<\/div>\n\t\t\t\t<\/div>\n\t\t<div class=\"elementor-element elementor-element-5d4ddad e-flex e-con-boxed e-con e-parent\" data-id=\"5d4ddad\" data-element_type=\"container\">\n\t\t\t\t\t<div class=\"e-con-inner\">\n\t\t\t\t<div class=\"elementor-element elementor-element-a60487e elementor-widget elementor-widget-html\" data-id=\"a60487e\" data-element_type=\"widget\" data-widget_type=\"html.default\">\n\t\t\t\t\t<section class=\"istatistik-alani\">\n  <div class=\"istatistik-kutu\">\n    <div class=\"ikon\">\n      <i class=\"fa-solid fa-gears\"><\/i>\n    <\/div>\n    <div class=\"icerik\">\n      <h3>44<\/h3>\n      <p>\u041c\u043d\u043e\u0433\u043e\u043b\u0435\u0442\u043d\u0438\u0439 \u043e\u043f\u044b\u0442<\/p>\n    <\/div>\n  <\/div>\n\n  <div class=\"ayrac\"><\/div>\n\n  <div class=\"istatistik-kutu\">\n    <div class=\"ikon\">\n      <i class=\"fa-solid fa-seedling\"><\/i>\n    <\/div>\n    <div class=\"icerik\">\n      <h3>3400<\/h3>\n      <p>\u041f\u0440\u043e\u0438\u0437\u0432\u043e\u0434\u0441\u0442\u0432\u0435\u043d\u043d\u0430\u044f \u0437\u043e\u043d\u0430 \u0414\u0435\u043a\u0430\u0440\u0435<\/p>\n    <\/div>\n  <\/div>\n\n  <div class=\"ayrac\"><\/div>\n\n  <div class=\"istatistik-kutu\">\n    <div class=\"ikon\">\n      <i class=\"fa-solid fa-leaf\"><\/i>\n    <\/div>\n    <div class=\"icerik\">\n      <h3>%100<\/h3>\n      <p>\u0421\u0435\u0440\u0442\u0438\u0444\u0438\u0446\u0438\u0440\u043e\u0432\u0430\u043d\u043e Global G.A.P.<\/p>\n    <\/div>\n  <\/div>\n<\/section>\t\t\t\t<\/div>\n\t\t\t\t\t<\/div>\n\t\t\t\t<\/div>\n\t\t<div class=\"elementor-element elementor-element-36fb5d9 codevz-con-stretch-yes e-flex e-con-boxed e-con e-parent\" data-id=\"36fb5d9\" data-element_type=\"container\" data-settings=\"{&quot;background_background&quot;:&quot;classic&quot;}\">\n\t\t\t\t\t<div class=\"e-con-inner\">\n\t\t\t\t<div class=\"elementor-element elementor-element-6fb7cb5 elementor-widget elementor-widget-heading\" data-id=\"6fb7cb5\" data-element_type=\"widget\" data-widget_type=\"heading.default\">\n\t\t\t\t\t<h2 class=\"elementor-heading-title elementor-size-default\">\u0417\u0440\u0435\u043d\u0438\u0435<\/h2>\t\t\t\t<\/div>\n\t\t\t\t<div class=\"elementor-element elementor-element-f04f964 elementor-widget elementor-widget-text-editor\" data-id=\"f04f964\" data-element_type=\"widget\" data-widget_type=\"text-editor.default\">\n\t\t\t\t\t\t\t\t\t<p>\u0421\u0442\u0440\u043e\u0438\u0442\u044c \u0441\u0435\u043b\u044c\u0441\u043a\u043e\u0435 \u0445\u043e\u0437\u044f\u0439\u0441\u0442\u0432\u043e \u0431\u0443\u0434\u0443\u0449\u0435\u0433\u043e \u0443\u0436\u0435 \u0441\u0435\u0433\u043e\u0434\u043d\u044f, \u0438\u0441\u043f\u043e\u043b\u044c\u0437\u0443\u044f \u0443\u0441\u0442\u043e\u0439\u0447\u0438\u0432\u044b\u0435 \u0438 \u0440\u0430\u0446\u0438\u043e\u043d\u0430\u043b\u044c\u043d\u044b\u0435 \u043c\u0435\u0442\u043e\u0434\u044b \u0432\u0435\u0434\u0435\u043d\u0438\u044f \u0441\u0435\u043b\u044c\u0441\u043a\u043e\u0433\u043e \u0445\u043e\u0437\u044f\u0439\u0441\u0442\u0432\u0430, \u0441\u043e\u0432\u043c\u0435\u0441\u0442\u0438\u043c\u044b\u0435 \u0441 \u043f\u0440\u0438\u0440\u043e\u0434\u043e\u0439; \u0441\u0442\u0430\u0442\u044c \u0432\u0435\u0434\u0443\u0449\u0438\u043c \u0431\u0440\u0435\u043d\u0434\u043e\u043c \u043f\u043e \u044d\u043a\u0441\u043f\u043e\u0440\u0442\u0443 \u0441\u0432\u0435\u0436\u0438\u0445 \u0444\u0440\u0443\u043a\u0442\u043e\u0432 \u0438 \u043e\u0432\u043e\u0449\u0435\u0439, \u0443\u0434\u0435\u043b\u044f\u044f \u043f\u0435\u0440\u0432\u043e\u0441\u0442\u0435\u043f\u0435\u043d\u043d\u043e\u0435 \u0432\u043d\u0438\u043c\u0430\u043d\u0438\u0435 \u043a\u0430\u0447\u0435\u0441\u0442\u0432\u0443, \u044d\u0444\u0444\u0435\u043a\u0442\u0438\u0432\u043d\u043e\u0441\u0442\u0438 \u0438 \u044d\u043a\u043e\u043b\u043e\u0433\u0438\u0447\u0435\u0441\u043a\u043e\u0439 \u043e\u0442\u0432\u0435\u0442\u0441\u0442\u0432\u0435\u043d\u043d\u043e\u0441\u0442\u0438. \u041f\u043e\u0437\u0438\u0446\u0438\u043e\u043d\u0438\u0440\u043e\u0432\u0430\u0442\u044c \u0441\u0435\u0431\u044f \u043a\u0430\u043a \u043d\u0430\u0434\u0435\u0436\u043d\u043e\u0433\u043e \u0434\u0435\u043b\u043e\u0432\u043e\u0433\u043e \u043f\u0430\u0440\u0442\u043d\u0435\u0440\u0430 \u043d\u0430 \u043c\u0438\u0440\u043e\u0432\u044b\u0445 \u0440\u044b\u043d\u043a\u0430\u0445 \u0431\u043b\u0430\u0433\u043e\u0434\u0430\u0440\u044f \u043d\u0430\u0448\u0435\u0439 \u0438\u043d\u0442\u0435\u0433\u0440\u0438\u0440\u043e\u0432\u0430\u043d\u043d\u043e\u0439 \u0438 \u0446\u0438\u0444\u0440\u043e\u0432\u0438\u0437\u0438\u0440\u043e\u0432\u0430\u043d\u043d\u043e\u0439 \u0446\u0435\u043f\u043e\u0447\u043a\u0435 \u043f\u043e\u0441\u0442\u0430\u0432\u043e\u043a, \u043e\u0445\u0432\u0430\u0442\u044b\u0432\u0430\u044e\u0449\u0435\u0439 \u0432\u0435\u0441\u044c \u043f\u0440\u043e\u0446\u0435\u0441\u0441 \u043e\u0442 \u0444\u0435\u0440\u043c\u044b \u0434\u043e \u0441\u0442\u043e\u043b\u0430. \u0421\u043e\u0437\u0434\u0430\u0432\u0430\u0442\u044c \u0446\u0435\u043d\u043d\u043e\u0441\u0442\u044c \u043a\u0430\u043a \u0434\u043b\u044f \u043f\u0440\u043e\u0438\u0437\u0432\u043e\u0434\u0438\u0442\u0435\u043b\u0435\u0439, \u0442\u0430\u043a \u0438 \u0434\u043b\u044f \u043f\u043e\u0442\u0440\u0435\u0431\u0438\u0442\u0435\u043b\u0435\u0439, \u0438\u0441\u043f\u043e\u043b\u044c\u0437\u0443\u044f \u043f\u0440\u0438\u043d\u0446\u0438\u043f\u044b \u0438\u043d\u043d\u043e\u0432\u0430\u0446\u0438\u0439, \u043f\u0440\u043e\u0441\u043b\u0435\u0436\u0438\u0432\u0430\u0435\u043c\u043e\u0441\u0442\u0438 \u0438 \u0443\u0441\u0442\u043e\u0439\u0447\u0438\u0432\u043e\u0433\u043e \u0440\u0430\u0437\u0432\u0438\u0442\u0438\u044f.<\/p>\t\t\t\t\t\t\t\t<\/div>\n\t\t\t\t\t<\/div>\n\t\t\t\t<\/div>\n\t\t<div class=\"elementor-element elementor-element-b42f22a e-flex e-con-boxed e-con e-parent\" data-id=\"b42f22a\" data-element_type=\"container\">\n\t\t\t\t\t<div class=\"e-con-inner\">\n\t\t\t\t<div class=\"elementor-element elementor-element-a628ce7 elementor-widget elementor-widget-heading\" data-id=\"a628ce7\" data-element_type=\"widget\" data-widget_type=\"heading.default\">\n\t\t\t\t\t<h2 class=\"elementor-heading-title elementor-size-default\">\u041c\u0438\u0441\u0441\u0438\u044f<\/h2>\t\t\t\t<\/div>\n\t\t\t\t<div class=\"elementor-element elementor-element-683137d elementor-widget elementor-widget-text-editor\" data-id=\"683137d\" data-element_type=\"widget\" data-widget_type=\"text-editor.default\">\n\t\t\t\t\t\t\t\t\t<p>\u0417\u0430\u0449\u0438\u0449\u0430\u0442\u044c \u043f\u0440\u0438\u0440\u043e\u0434\u043d\u044b\u0435 \u0440\u0435\u0441\u0443\u0440\u0441\u044b \u0438 \u0432\u043d\u0435\u0434\u0440\u044f\u0442\u044c \u044d\u0444\u0444\u0435\u043a\u0442\u0438\u0432\u043d\u044b\u0435, \u0443\u0441\u0442\u043e\u0439\u0447\u0438\u0432\u044b\u0435 \u0438 \u0442\u0435\u0445\u043d\u043e\u043b\u043e\u0433\u0438\u0447\u043d\u044b\u0435 \u043c\u0435\u0442\u043e\u0434\u044b \u0432\u0435\u0434\u0435\u043d\u0438\u044f \u0441\u0435\u043b\u044c\u0441\u043a\u043e\u0433\u043e \u0445\u043e\u0437\u044f\u0439\u0441\u0442\u0432\u0430. \u0421\u043e\u0437\u0434\u0430\u0432\u0430\u0442\u044c \u0434\u043e\u0432\u0435\u0440\u0438\u0435 \u043f\u043e\u0441\u0440\u0435\u0434\u0441\u0442\u0432\u043e\u043c \u0438\u043d\u0442\u0435\u0433\u0440\u0438\u0440\u043e\u0432\u0430\u043d\u043d\u043e\u0439 \u0446\u0435\u043f\u043e\u0447\u043a\u0438 \u043f\u043e\u0441\u0442\u0430\u0432\u043e\u043a, \u043e\u0431\u0435\u0441\u043f\u0435\u0447\u0438\u0432\u0430\u044e\u0449\u0435\u0439 \u043f\u0440\u043e\u0437\u0440\u0430\u0447\u043d\u043e\u0441\u0442\u044c, \u043f\u0440\u043e\u0441\u043b\u0435\u0436\u0438\u0432\u0430\u0435\u043c\u043e\u0441\u0442\u044c \u0438 \u044d\u0444\u0444\u0435\u043a\u0442\u0438\u0432\u043d\u043e\u0441\u0442\u044c \u043d\u0430 \u0432\u0441\u0435\u0445 \u044d\u0442\u0430\u043f\u0430\u0445, \u043e\u0442 \u043f\u0440\u043e\u0438\u0437\u0432\u043e\u0434\u0441\u0442\u0432\u0430 \u0434\u043e \u044d\u043a\u0441\u043f\u043e\u0440\u0442\u0430. \u0421\u043e\u0442\u0440\u0443\u0434\u043d\u0438\u0447\u0430\u0442\u044c \u0441 \u043d\u0430\u0448\u0438\u043c\u0438 \u0444\u0435\u0440\u043c\u0435\u0440\u0430\u043c\u0438, \u0432\u043d\u0435\u0434\u0440\u044f\u044f \u0437\u043d\u0430\u043d\u0438\u044f \u0438 \u0442\u0435\u0445\u043d\u043e\u043b\u043e\u0433\u0438\u0438 \u0432 \u043f\u0440\u043e\u0438\u0437\u0432\u043e\u0434\u0441\u0442\u0432\u043e, \u0441\u043f\u043e\u0441\u043e\u0431\u0441\u0442\u0432\u0443\u044f \u043c\u0435\u0441\u0442\u043d\u043e\u043c\u0443 \u0440\u0430\u0437\u0432\u0438\u0442\u0438\u044e, \u043e\u043a\u0440\u0443\u0436\u0430\u044e\u0449\u0435\u0439 \u0441\u0440\u0435\u0434\u0435 \u0438 \u0431\u0443\u0434\u0443\u0449\u0438\u043c \u043f\u043e\u043a\u043e\u043b\u0435\u043d\u0438\u044f\u043c. \u0414\u043e\u0441\u0442\u0438\u0433\u0430\u0442\u044c \u0443\u0441\u0442\u043e\u0439\u0447\u0438\u0432\u043e\u0433\u043e \u0440\u043e\u0441\u0442\u0430 \u043a\u0430\u043a \u0432\u044b\u0441\u043e\u043a\u043e\u043a\u043e\u043d\u043a\u0443\u0440\u0435\u043d\u0442\u043d\u044b\u0439 \u043d\u0430 \u043c\u0438\u0440\u043e\u0432\u044b\u0445 \u0440\u044b\u043d\u043a\u0430\u0445 \u0431\u0440\u0435\u043d\u0434, \u0443\u0432\u0430\u0436\u0430\u044e\u0449\u0438\u0439 \u043f\u0440\u0438\u0440\u043e\u0434\u0443 \u0438 \u0447\u0435\u043b\u043e\u0432\u0435\u0447\u0435\u0441\u0442\u0432\u043e.<\/p>\t\t\t\t\t\t\t\t<\/div>\n\t\t\t\t\t<\/div>\n\t\t\t\t<\/div>\n\t\t\t\t<\/div>\n\t\t","protected":false},"excerpt":{"rendered":"<p>\u041a\u043e\u043c\u043f\u0430\u043d\u0438\u044f Altun G\u0131da, \u043e\u0441\u043d\u043e\u0432\u0430\u043d\u043d\u0430\u044f \u0432 1981 \u0433\u043e\u0434\u0443 \u0432 \u0440\u0430\u0439\u043e\u043d\u0435 \u0418\u0441\u043a\u0435\u043d\u0434\u0435\u0440\u0443\u043d \u0433\u043e\u0440\u043e\u0434\u0430 &#8230; <\/p>\n","protected":false},"author":1,"featured_media":0,"parent":0,"menu_order":0,"comment_status":"closed","ping_status":"closed","template":"","meta":{"footnotes":""},"class_list":["post-1472","page","type-page","status-publish","hentry"],"_links":{"self":[{"href":"https:\/\/altungida.com\/ru\/wp-json\/wp\/v2\/pages\/1472","targetHints":{"allow":["GET"]}}],"collection":[{"href":"https:\/\/altungida.com\/ru\/wp-json\/wp\/v2\/pages"}],"about":[{"href":"https:\/\/altungida.com\/ru\/wp-json\/wp\/v2\/types\/page"}],"author":[{"embeddable":true,"href":"https:\/\/altungida.com\/ru\/wp-json\/wp\/v2\/users\/1"}],"replies":[{"embeddable":true,"href":"https:\/\/altungida.com\/ru\/wp-json\/wp\/v2\/comments?post=1472"}],"version-history":[{"count":0,"href":"https:\/\/altungida.com\/ru\/wp-json\/wp\/v2\/pages\/1472\/revisions"}],"wp:attachment":[{"href":"https:\/\/altungida.com\/ru\/wp-json\/wp\/v2\/media?parent=1472"}],"curies":[{"name":"wp","href":"https:\/\/api.w.org\/{rel}","templated":true}]}}