{"id":1521,"date":"2025-10-21T04:32:55","date_gmt":"2025-10-21T01:32:55","guid":{"rendered":"https:\/\/altungida.com\/tarihcemiz\/"},"modified":"2025-11-25T19:45:30","modified_gmt":"2025-11-25T16:45:30","slug":"%d0%bd%d0%b0%d1%88%d0%b0-%d0%b8%d1%81%d1%82%d0%be%d1%80%d0%b8%d1%8f","status":"publish","type":"page","link":"https:\/\/altungida.com\/ru\/%d0%bd%d0%b0%d1%88%d0%b0-%d0%b8%d1%81%d1%82%d0%be%d1%80%d0%b8%d1%8f\/","title":{"rendered":"\u043d\u0430\u0448\u0430 \u0438\u0441\u0442\u043e\u0440\u0438\u044f"},"content":{"rendered":"\t\t<div data-elementor-type=\"wp-page\" data-elementor-id=\"1521\" class=\"elementor elementor-1521 elementor-12\" data-elementor-post-type=\"page\">\n\t\t\t\t<div class=\"elementor-element elementor-element-271fd46 e-flex e-con-boxed e-con e-parent\" data-id=\"271fd46\" data-element_type=\"container\">\n\t\t\t\t\t<div class=\"e-con-inner\">\n\t\t\t\t<div class=\"elementor-element elementor-element-5003e94 elementor-widget elementor-widget-heading\" data-id=\"5003e94\" data-element_type=\"widget\" data-widget_type=\"heading.default\">\n\t\t\t\t\t<h2 class=\"elementor-heading-title elementor-size-default\">\u041d\u0430\u0448\u0430 \u0438\u0441\u0442\u043e\u0440\u0438\u044f<\/h2>\t\t\t\t<\/div>\n\t\t\t\t<div class=\"elementor-element elementor-element-5f91312 elementor-widget elementor-widget-text-editor\" data-id=\"5f91312\" data-element_type=\"widget\" data-widget_type=\"text-editor.default\">\n\t\t\t\t\t\t\t\t\t<p>\u041a\u043e\u043c\u043f\u0430\u043d\u0438\u044f AltunG\u0131da \u0431\u044b\u043b\u0430 \u043e\u0441\u043d\u043e\u0432\u0430\u043d\u0430 \u0417\u0435\u043a\u0438 \u0410\u043b\u0442\u0443\u043d\u043e\u043c \u0432 1980-\u0445 \u0433\u043e\u0434\u0430\u0445 \u0432 \u0440\u0430\u0439\u043e\u043d\u0435 \u0418\u0441\u043a\u0435\u043d\u0434\u0435\u0440\u0443\u043d \u043f\u0440\u043e\u0432\u0438\u043d\u0446\u0438\u0438 \u0425\u0430\u0442\u0430\u0439. \u041a\u043e\u043c\u043f\u0430\u043d\u0438\u044f \u0437\u0430\u043d\u0438\u043c\u0430\u043b\u0430\u0441\u044c \u0441\u0435\u043b\u044c\u0441\u043a\u043e\u0445\u043e\u0437\u044f\u0439\u0441\u0442\u0432\u0435\u043d\u043d\u043e\u0439 \u0438 \u043a\u043e\u043c\u043c\u0435\u0440\u0447\u0435\u0441\u043a\u043e\u0439 \u0434\u0435\u044f\u0442\u0435\u043b\u044c\u043d\u043e\u0441\u0442\u044c\u044e. \u0415\u0433\u043e \u0431\u0438\u0437\u043d\u0435\u0441, \u043d\u0430\u0447\u0430\u0432\u0448\u0438\u0439\u0441\u044f \u0441 \u0442\u043e\u0440\u0433\u043e\u0432\u043b\u0438, \u0438\u0437\u043c\u0435\u043d\u0438\u043b \u043d\u0430\u043f\u0440\u0430\u0432\u043b\u0435\u043d\u0438\u0435, \u043a\u043e\u0433\u0434\u0430 \u0435\u0433\u043e \u043a\u043e\u043b\u043b\u0435\u0433\u0438 \u0441\u0442\u0430\u043b\u0438 \u0442\u0440\u0435\u0431\u043e\u0432\u0430\u0442\u044c \u0441\u0432\u0435\u0436\u0438\u0435 \u0444\u0440\u0443\u043a\u0442\u044b \u0438 \u043e\u0432\u043e\u0449\u0438. \u0412 \u043e\u0442\u0432\u0435\u0442 \u043d\u0430 \u044d\u0442\u043e\u0442 \u0441\u043f\u0440\u043e\u0441 \u0410\u043b\u0442\u0443\u043d \u043d\u0430\u0447\u0430\u043b \u043f\u043e\u0441\u0442\u0430\u0432\u043b\u044f\u0442\u044c \u043f\u0440\u043e\u0434\u0443\u043a\u0446\u0438\u044e \u0438 \u0432 \u043a\u043e\u043d\u0435\u0447\u043d\u043e\u043c \u0438\u0442\u043e\u0433\u0435 \u0430\u0440\u0435\u043d\u0434\u043e\u0432\u0430\u043b \u043f\u0440\u043e\u0438\u0437\u0432\u043e\u0434\u0441\u0442\u0432\u0435\u043d\u043d\u043e\u0435 \u043f\u043e\u043c\u0435\u0449\u0435\u043d\u0438\u0435. \u041e\u043d \u0443\u0432\u0435\u043b\u0438\u0447\u0438\u043b \u043f\u0440\u043e\u0438\u0437\u0432\u043e\u0434\u0441\u0442\u0432\u0435\u043d\u043d\u044b\u0435 \u043c\u043e\u0449\u043d\u043e\u0441\u0442\u0438, \u0440\u0430\u0431\u043e\u0442\u0430\u044f \u0441 \u0444\u0435\u0440\u043c\u0435\u0440\u0430\u043c\u0438-\u043a\u043e\u043d\u0442\u0440\u0430\u043a\u0442\u043d\u0438\u043a\u0430\u043c\u0438 \u0432 \u0440\u0435\u0433\u0438\u043e\u043d\u0430\u0445 \u0425\u0430\u0442\u0430\u0439 \u0438 \u0427\u0443\u043a\u0443\u0440\u043e\u0432\u0430, \u0430 \u0437\u0430\u0442\u0435\u043c \u043e\u0441\u043d\u043e\u0432\u0430\u043b \u0441\u043e\u0431\u0441\u0442\u0432\u0435\u043d\u043d\u044b\u0435 \u0444\u0435\u0440\u043c\u044b.<\/p><p>\u0420\u0430\u0441\u0441\u043a\u0430\u0437\u044b\u0432\u0430\u044f \u043e \u0440\u0435\u0448\u0435\u043d\u0438\u0438 \u043d\u0430\u0447\u0430\u0442\u044c \u043f\u0440\u043e\u0438\u0437\u0432\u043e\u0434\u0441\u0442\u0432\u043e \u0432 2011 \u0433\u043e\u0434\u0443, \u0417\u0435\u043a\u0438 \u0410\u043b\u0442\u0443\u043d \u043e\u0431\u044a\u044f\u0441\u043d\u044f\u0435\u0442 \u044d\u0442\u043e\u0442 \u043f\u0440\u043e\u0446\u0435\u0441\u0441 \u0442\u0430\u043a: \u00ab\u041c\u044b \u0437\u043d\u0430\u0447\u0438\u0442\u0435\u043b\u044c\u043d\u043e \u0434\u0438\u0444\u0444\u0435\u0440\u0435\u043d\u0446\u0438\u0440\u043e\u0432\u0430\u043b\u0438\u0441\u044c. \u041c\u044b \u0440\u0430\u0437\u044a\u044f\u0441\u043d\u044f\u043b\u0438 \u0444\u0435\u0440\u043c\u0435\u0440\u0430\u043c \u043e\u043f\u0430\u0441\u043d\u043e\u0441\u0442\u044c \u0438\u0441\u043f\u043e\u043b\u044c\u0437\u043e\u0432\u0430\u043d\u0438\u044f \u043f\u0435\u0441\u0442\u0438\u0446\u0438\u0434\u043e\u0432, \u043d\u043e \u043d\u0435 \u0434\u043e\u0431\u0438\u043b\u0438\u0441\u044c \u0436\u0435\u043b\u0430\u0435\u043c\u044b\u0445 \u0440\u0435\u0437\u0443\u043b\u044c\u0442\u0430\u0442\u043e\u0432. \u0418\u043c\u0435\u043d\u043d\u043e \u043f\u043e\u044d\u0442\u043e\u043c\u0443 \u043c\u044b \u0440\u0435\u0448\u0438\u043b\u0438 \u043d\u0430\u0447\u0430\u0442\u044c \u043f\u0440\u043e\u0438\u0437\u0432\u043e\u0434\u0441\u0442\u0432\u043e. \u0422\u0430\u043a\u0438\u043c \u043e\u0431\u0440\u0430\u0437\u043e\u043c, \u043c\u044b \u0432\u044b\u0434\u0435\u043b\u0438\u043b\u0438\u0441\u044c \u0441\u0440\u0435\u0434\u0438 \u043a\u043e\u043d\u043a\u0443\u0440\u0435\u043d\u0442\u043e\u0432, \u044d\u043a\u0441\u043f\u043e\u0440\u0442\u0438\u0440\u0443\u044f \u043f\u0440\u043e\u0434\u0443\u043a\u0446\u0438\u044e, \u0441\u043e\u043e\u0442\u0432\u0435\u0442\u0441\u0442\u0432\u0443\u044e\u0449\u0443\u044e \u0435\u0432\u0440\u043e\u043f\u0435\u0439\u0441\u043a\u0438\u043c \u0441\u0442\u0430\u043d\u0434\u0430\u0440\u0442\u0430\u043c\u00bb. \u042d\u0442\u043e\u0442 \u043f\u043e\u0434\u0445\u043e\u0434 \u0441\u0442\u0430\u043b \u043f\u043e\u0432\u043e\u0440\u043e\u0442\u043d\u044b\u043c \u043c\u043e\u043c\u0435\u043d\u0442\u043e\u043c, \u0441 \u043a\u043e\u0442\u043e\u0440\u043e\u0433\u043e \u043d\u0430\u0447\u0430\u043b\u0430\u0441\u044c \u0438\u0441\u0442\u043e\u0440\u0438\u044f \u043a\u043e\u043c\u043f\u0430\u043d\u0438\u0438.<\/p><p>\u0421\u0435\u0433\u043e\u0434\u043d\u044f \u043a\u043e\u043c\u043f\u0430\u043d\u0438\u044f Altun G\u0131da \u044d\u043a\u0441\u043f\u043e\u0440\u0442\u0438\u0440\u0443\u0435\u0442 \u0441\u0432\u043e\u044e \u043f\u0440\u043e\u0434\u0443\u043a\u0446\u0438\u044e \u0432 \u0441\u0442\u0440\u0430\u043d\u044b \u0415\u0432\u0440\u043e\u043f\u0435\u0439\u0441\u043a\u043e\u0433\u043e \u0421\u043e\u044e\u0437\u0430, \u0420\u043e\u0441\u0441\u0438\u044e, \u0421\u0428\u0410, \u0412\u0435\u043b\u0438\u043a\u043e\u0431\u0440\u0438\u0442\u0430\u043d\u0438\u044e, \u041a\u0430\u043d\u0430\u0434\u0443, \u0423\u043a\u0440\u0430\u0438\u043d\u0443, \u043d\u0430 \u0414\u0430\u043b\u044c\u043d\u0438\u0439 \u0412\u043e\u0441\u0442\u043e\u043a \u0438 \u0411\u043b\u0438\u0436\u043d\u0438\u0439 \u0412\u043e\u0441\u0442\u043e\u043a \u0432 \u0441\u043e\u043e\u0442\u0432\u0435\u0442\u0441\u0442\u0432\u0438\u0438 \u0441 \u043a\u0440\u0438\u0442\u0435\u0440\u0438\u044f\u043c\u0438 \u043d\u0435\u0442\u0442\u043e-\u044d\u043a\u0441\u043f\u043e\u0440\u0442\u0435\u0440\u0430.<\/p><p>\u041a\u043e\u043c\u043f\u0430\u043d\u0438\u044f Altun G\u0131da, \u043e\u0441\u043d\u043e\u0432\u0430\u043d\u043d\u0430\u044f \u0432 1981 \u0433\u043e\u0434\u0443 \u0432 \u0440\u0430\u0439\u043e\u043d\u0435 \u0418\u0441\u043a\u0435\u043d\u0434\u0435\u0440\u0443\u043d \u0433\u043e\u0440\u043e\u0434\u0430 \u0425\u0430\u0442\u0430\u0439, \u044f\u0432\u043b\u044f\u0435\u0442\u0441\u044f \u043e\u0434\u043d\u043e\u0439 \u0438\u0437 \u0432\u0435\u0434\u0443\u0449\u0438\u0445 \u0442\u0443\u0440\u0435\u0446\u043a\u0438\u0445 \u043a\u043e\u043c\u043f\u0430\u043d\u0438\u0439 \u043f\u043e \u044d\u043a\u0441\u043f\u043e\u0440\u0442\u0443 \u0441\u0432\u0435\u0436\u0438\u0445 \u0444\u0440\u0443\u043a\u0442\u043e\u0432 \u0438 \u043e\u0432\u043e\u0449\u0435\u0439.<\/p>\t\t\t\t\t\t\t\t<\/div>\n\t\t\t\t\t<\/div>\n\t\t\t\t<\/div>\n\t\t<div class=\"elementor-element elementor-element-63663ff codevz-con-stretch-yes e-flex e-con-boxed e-con e-parent\" data-id=\"63663ff\" data-element_type=\"container\">\n\t\t\t\t\t<div class=\"e-con-inner\">\n\t\t\t\t<div class=\"elementor-element elementor-element-30aa3ea elementor-widget elementor-widget-html\" data-id=\"30aa3ea\" data-element_type=\"widget\" data-widget_type=\"html.default\">\n\t\t\t\t\t<section class=\"timeline\">\n  <div class=\"timeline-item left\">\n    <div class=\"timeline-content\">\n      <span class=\"year\">1981 - \u0130skenderun<\/span>\n      <h3>Kurulu\u015f<\/h3>\n      <p>Altun G\u0131da Zeki Altun taraf\u0131ndan \u0130skenderun\u2019da kuruldu<\/p>\n    <\/div>\n  <\/div>\n\n  <div class=\"timeline-item right\">\n    <div class=\"timeline-content\">\n      <span class=\"year\">2003 - D\u00f6rtyol<\/span>\n      <h3>Fabrika<\/h3>\n      <p>Hatay-D\u00f6rtyol fabrika yat\u0131r\u0131m\u0131 tamamland\u0131<\/p>\n    <\/div>\n  <\/div>\n\n  <div class=\"timeline-item left\">\n    <div class=\"timeline-content\">\n      <span class=\"year\">2004 - B\u00fckre\u015f<\/span>\n      <h3>Tedarik Merkezi<\/h3>\n      <p>Romanya-B\u00fckre\u015f da\u011f\u0131t\u0131m tesisi faaliyete ge\u00e7ti<\/p>\n    <\/div>\n  <\/div>\n\n  <div class=\"timeline-item right\">\n    <div class=\"timeline-content\">\n      <span class=\"year\">2006 - T\u00fcrkiye<\/span>\n      <h3>Lojistik<\/h3>\n      <p>Altun Lojistik olarak ta\u015f\u0131mac\u0131l\u0131k sekt\u00f6r\u00fcne girildi<\/p>\n    <\/div>\n  <\/div>\n\n  <div class=\"timeline-item left\">\n    <div class=\"timeline-content\">\n      <span class=\"year\">2010 - T\u00fcrkiye<\/span>\n      <h3>Bah\u00e7e<\/h3>\n      <p>Altun Ziraat bah\u00e7e yat\u0131r\u0131mlar\u0131na ba\u015flad\u0131<\/p>\n    <\/div>\n  <\/div>\n\n  <div class=\"timeline-item right\">\n    <div class=\"timeline-content\">\n      <span class=\"year\">2011 - B\u00fckre\u015f<\/span>\n      <h3>Tesis<\/h3>\n      <p>Romanya-B\u00fckre\u015f fabrika-depo yat\u0131r\u0131m\u0131 tamamland\u0131<\/p>\n    <\/div>\n  <\/div>\n\n  <div class=\"timeline-item left\">\n    <div class=\"timeline-content\">\n      <span class=\"year\">2013 - D\u00f6rtyol<\/span>\n      <h3>Tesis<\/h3>\n      <p>Hatay-D\u00f6rtyol 2. So\u011fuk Hava Deposu yat\u0131r\u0131m\u0131 tamamland\u0131<\/p>\n    <\/div>\n  <\/div>\n\n  <div class=\"timeline-item right\">\n    <div class=\"timeline-content\">\n      <span class=\"year\">2019 - T\u00fcrkiye<\/span>\n      <h3>Yeni Pazar Aray\u0131\u015flar\u0131<\/h3>\n      <p>Yurti\u00e7i ve yurtd\u0131\u015f\u0131 yat\u0131r\u0131mlar devam etmektedir<\/p>\n    <\/div>\n  <\/div>\n\n  <div class=\"timeline-item left\">\n    <div class=\"timeline-content\">\n      <span class=\"year\">2022 - B\u00fckre\u015f - Hatay<\/span>\n      <h3>GES<\/h3>\n      <p>B\u00fckre\u015f ve D\u00f6rtyol tesislerinde g\u00fcne\u015f enerji panelleri kuruldu<\/p>\n    <\/div>\n  <\/div>\n\n  <div class=\"timeline-item right\">\n    <div class=\"timeline-content\">\n      <span class=\"year\">2024 - D\u00f6rtyol<\/span>\n      <h3>Yat\u0131r\u0131m<\/h3>\n      <p>Paketleme tesisinde yapay zeka destekli otomasyon sistemi kuruldu<\/p>\n    <\/div>\n  <\/div>\n\n  <div class=\"timeline-item left\">\n    <div class=\"timeline-content\">\n      <span class=\"year\">2025 - Sand\u0131kl\u0131<\/span>\n      <h3>Jeotermal Sera<\/h3>\n      <p>Afyonkarahisar\u2019da jeotermal sera yat\u0131r\u0131m\u0131 ger\u00e7ekle\u015ftirildi<\/p>\n    <\/div>\n  <\/div>\n\n  <div class=\"timeline-item right\">\n    <div class=\"timeline-content\">\n      <span class=\"year\">2025 - Antalya<\/span>\n      <h3>Lojistik Depo<\/h3>\n      <p>Faaliyete ge\u00e7ti<\/p>\n    <\/div>\n  <\/div>\n<\/section>\t\t\t\t<\/div>\n\t\t\t\t\t<\/div>\n\t\t\t\t<\/div>\n\t\t\t\t<\/div>\n\t\t","protected":false},"excerpt":{"rendered":"<p>\u041d\u0430\u0448\u0430 \u0438\u0441\u0442\u043e\u0440\u0438\u044f \u041a\u043e\u043c\u043f\u0430\u043d\u0438\u044f AltunG\u0131da \u0431\u044b\u043b\u0430 \u043e\u0441\u043d\u043e\u0432\u0430\u043d\u0430 \u0417\u0435\u043a\u0438 \u0410\u043b\u0442\u0443\u043d\u043e\u043c \u0432 1980-\u0445 \u0433\u043e\u0434\u0430\u0445 &#8230; <\/p>\n","protected":false},"author":1,"featured_media":0,"parent":0,"menu_order":0,"comment_status":"closed","ping_status":"closed","template":"","meta":{"footnotes":""},"class_list":["post-1521","page","type-page","status-publish","hentry"],"_links":{"self":[{"href":"https:\/\/altungida.com\/ru\/wp-json\/wp\/v2\/pages\/1521","targetHints":{"allow":["GET"]}}],"collection":[{"href":"https:\/\/altungida.com\/ru\/wp-json\/wp\/v2\/pages"}],"about":[{"href":"https:\/\/altungida.com\/ru\/wp-json\/wp\/v2\/types\/page"}],"author":[{"embeddable":true,"href":"https:\/\/altungida.com\/ru\/wp-json\/wp\/v2\/users\/1"}],"replies":[{"embeddable":true,"href":"https:\/\/altungida.com\/ru\/wp-json\/wp\/v2\/comments?post=1521"}],"version-history":[{"count":0,"href":"https:\/\/altungida.com\/ru\/wp-json\/wp\/v2\/pages\/1521\/revisions"}],"wp:attachment":[{"href":"https:\/\/altungida.com\/ru\/wp-json\/wp\/v2\/media?parent=1521"}],"curies":[{"name":"wp","href":"https:\/\/api.w.org\/{rel}","templated":true}]}}