{"id":1331,"date":"2025-10-22T07:27:06","date_gmt":"2025-10-22T04:27:06","guid":{"rendered":"https:\/\/altungida.com\/urun\/kayisi\/"},"modified":"2025-10-22T07:27:06","modified_gmt":"2025-10-22T04:27:06","slug":"kayisi","status":"publish","type":"product","link":"https:\/\/altungida.com\/ru\/urun\/kayisi\/","title":{"rendered":"Kay\u0131s\u0131"},"content":{"rendered":"    <div class=\"karakar-sezon\">\n        <h3>\u041a\u0430\u043b\u0435\u043d\u0434\u0430\u0440\u044c \u0441\u0435\u0437\u043e\u043d\u0430<\/h3>\n        <div class=\"months-grid\">\n                            <div class=\"month-box \">\n                    <div class=\"checkmark\">\u2713<\/div>\n                    <span>yanvar<\/span>\n                <\/div>\n                            <div class=\"month-box \">\n                    <div class=\"checkmark\">\u2713<\/div>\n                    <span>fevral<\/span>\n                <\/div>\n                            <div class=\"month-box \">\n                    <div class=\"checkmark\">\u2713<\/div>\n                    <span>mart<\/span>\n                <\/div>\n                            <div class=\"month-box active\">\n                    <div class=\"checkmark\">\u2714<\/div>\n                    <span>aprel<\/span>\n                <\/div>\n                            <div class=\"month-box active\">\n                    <div class=\"checkmark\">\u2714<\/div>\n                    <span>may<\/span>\n                <\/div>\n                            <div class=\"month-box active\">\n                    <div class=\"checkmark\">\u2714<\/div>\n                    <span>iyun<\/span>\n                <\/div>\n                            <div class=\"month-box active\">\n                    <div class=\"checkmark\">\u2714<\/div>\n                    <span>iyul<\/span>\n                <\/div>\n                            <div class=\"month-box active\">\n                    <div class=\"checkmark\">\u2714<\/div>\n                    <span>avgust<\/span>\n                <\/div>\n                            <div class=\"month-box \">\n                    <div class=\"checkmark\">\u2713<\/div>\n                    <span>sentyabr<\/span>\n                <\/div>\n                            <div class=\"month-box \">\n                    <div class=\"checkmark\">\u2713<\/div>\n                    <span>oktyabr<\/span>\n                <\/div>\n                            <div class=\"month-box \">\n                    <div class=\"checkmark\">\u2713<\/div>\n                    <span>noyabr<\/span>\n                <\/div>\n                            <div class=\"month-box \">\n                    <div class=\"checkmark\">\u2713<\/div>\n                    <span>dekabr<\/span>\n                <\/div>\n                    <\/div>\n    <\/div>\n    \n","protected":false},"excerpt":{"rendered":"<p>Kay\u0131s\u0131, g\u00fclgiller (Rosaceae) familyas\u0131ndan gelen ve Prunus armeniaca a\u011fac\u0131nda yeti\u015fen tatl\u0131 &#8230; <\/p>\n","protected":false},"featured_media":1334,"comment_status":"closed","ping_status":"closed","template":"","meta":[],"product_brand":[],"product_cat":[149,140],"product_tag":[],"class_list":{"0":"post-1331","1":"product","2":"type-product","3":"status-publish","4":"has-post-thumbnail","6":"product_cat-149","7":"product_cat-140","9":"first","10":"instock","11":"shipping-taxable","12":"product-type-simple"},"_links":{"self":[{"href":"https:\/\/altungida.com\/ru\/wp-json\/wp\/v2\/product\/1331","targetHints":{"allow":["GET"]}}],"collection":[{"href":"https:\/\/altungida.com\/ru\/wp-json\/wp\/v2\/product"}],"about":[{"href":"https:\/\/altungida.com\/ru\/wp-json\/wp\/v2\/types\/product"}],"replies":[{"embeddable":true,"href":"https:\/\/altungida.com\/ru\/wp-json\/wp\/v2\/comments?post=1331"}],"wp:featuredmedia":[{"embeddable":true,"href":"https:\/\/altungida.com\/ru\/wp-json\/wp\/v2\/media\/1334"}],"wp:attachment":[{"href":"https:\/\/altungida.com\/ru\/wp-json\/wp\/v2\/media?parent=1331"}],"wp:term":[{"taxonomy":"product_brand","embeddable":true,"href":"https:\/\/altungida.com\/ru\/wp-json\/wp\/v2\/product_brand?post=1331"},{"taxonomy":"product_cat","embeddable":true,"href":"https:\/\/altungida.com\/ru\/wp-json\/wp\/v2\/product_cat?post=1331"},{"taxonomy":"product_tag","embeddable":true,"href":"https:\/\/altungida.com\/ru\/wp-json\/wp\/v2\/product_tag?post=1331"}],"curies":[{"name":"wp","href":"https:\/\/api.w.org\/{rel}","templated":true}]}}